{"id":7459,"date":"2019-12-18T19:29:02","date_gmt":"2019-12-18T18:29:02","guid":{"rendered":"https:\/\/www.edition-tawhid.com\/staging-site\/?post_type=product&#038;p=7459"},"modified":"2024-10-28T01:40:21","modified_gmt":"2024-10-28T00:40:21","slug":"les-prophetes-racontes-aux-enfants","status":"publish","type":"product","link":"https:\/\/www.edition-tawhid.com\/staging-site\/produit\/les-prophetes-racontes-aux-enfants\/","title":{"rendered":"Les Proph\u00e8tes racont\u00e9s aux enfants"},"content":{"rendered":"<p class=\"p1\">Dieu, dans le Coran, nous abreuve d\u2019histoires belles et profondes. La plupart d\u2019entre elles sont li\u00e9es \u00e0 l\u2019histoire de Ses proph\u00e8tes, ces hommes illustres qui ont port\u00e9 dignement le message de leur Seigneur. Ils sont pour nous des mod\u00e8les et des exemples \u00e0 suivre. Leur vie passionnante nous pousse \u00e0 tirer des enseignements pour nous en servir dans notre quotidien.<\/p>\n<p class=\"p1\">\u00ab\u00a0<em>Les Proph\u00e8tes racont\u00e9s aux enfants<\/em>\u00a0\u00bb met en lumi\u00e8re les plus grands \u00e9pisodes de la vie de ces \u00e9lus de Dieu. Cet ouvrage r\u00e9unit des aventures passionnantes, et pleines de le\u00e7ons, qui sauront emporter le jeune lecteur. Page apr\u00e8s page, et au fil d\u2019illustrations tr\u00e8s attrayantes, votre enfant se familiarisera avec ces hommes illustres dont l\u2019histoire est pleine de sens et de grandeur. Chaque histoire contient un enseignement \u00e0 la fois simple et profond qui aidera votre enfant \u00e0 comprendre intuitivement le sens de l\u2019histoire et qui l\u2019encouragera \u00e0 les adapter \u00e0 son quotidien.<\/p>\n<p class=\"p1\">Les proph\u00e8tes, ces serviteurs du Tr\u00e8s-Haut, sont pour nous tous, petits et grands, des guides qui nous rapprochent de Dieu et de Sa lumi\u00e8re. \u00c0 nous de prendre exemple sur eux. Ce livre s\u2019att\u00e8le \u00e0 nous y encourager.<\/p>\n<h6 class=\"p1\"><em>Couverture avec paillettes et vernis<\/em><em>.<\/em><\/h6>\n","protected":false},"excerpt":{"rendered":"<p>\u00ab\u00a0<em>Les Proph\u00e8tes racont\u00e9s aux enfants<\/em>\u00a0\u00bb met en lumi\u00e8re les plus grands \u00e9pisodes de la vie de ces \u00e9lus de Dieu. Cet ouvrage r\u00e9unit des aventures passionnantes, et pleines de le\u00e7ons, qui sauront emporter le jeune lecteur. Page apr\u00e8s page, et au fil d\u2019illustrations tr\u00e8s attrayantes, votre enfant se familiarisera avec ces hommes illustres dont l\u2019histoire est pleine de sens et de grandeur.<\/p>\n<h6 class=\"p1\"><em>Couverture avec paillettes et vernis<\/em><em>.<\/em><\/h6>\n<h6 class=\"p1\"><em>\u00a0<\/em><\/h6>\n","protected":false},"featured_media":16798,"comment_status":"open","ping_status":"closed","template":"","meta":{"_acf_changed":false},"product_brand":[],"product_cat":[2465],"product_tag":[],"class_list":{"0":"post-7459","1":"product","2":"type-product","3":"status-publish","4":"has-post-thumbnail","6":"product_cat-jeunesse","7":"pa_book-author-siham-andalouci","9":"first","10":"instock","11":"taxable","12":"shipping-taxable","13":"purchasable","14":"product-type-simple"},"acf":[],"yoast_head":"<!-- This site is optimized with the Yoast SEO plugin v27.1.1 - https:\/\/yoast.com\/product\/yoast-seo-wordpress\/ -->\n<title>Les Proph\u00e8tes racont\u00e9s aux enfants - \u00c9ditions Tawhid<\/title>\n<meta name=\"robots\" content=\"noindex, follow, max-snippet:-1, max-image-preview:large, max-video-preview:-1\" \/>\n<meta property=\"og:locale\" content=\"fr_FR\" \/>\n<meta property=\"og:type\" content=\"article\" \/>\n<meta property=\"og:title\" content=\"Les Proph\u00e8tes racont\u00e9s aux enfants - \u00c9ditions Tawhid\" \/>\n<meta property=\"og:description\" content=\"&quot;Les Proph\u00e8tes racont\u00e9s aux enfants&quot; met en lumi\u00e8re les plus grands \u00e9pisodes de la vie de ces \u00e9lus de Dieu. Cet ouvrage r\u00e9unit des aventures passionnantes, et pleines de le\u00e7ons, qui sauront emporter le jeune lecteur. Page apr\u00e8s page, et au fil d\u2019illustrations tr\u00e8s attrayantes, votre enfant se familiarisera avec ces hommes illustres dont l\u2019histoire est pleine de sens et de grandeur. Couverture avec paillettes et vernis. \u00a0\" \/>\n<meta property=\"og:url\" content=\"https:\/\/www.edition-tawhid.com\/staging-site\/produit\/les-prophetes-racontes-aux-enfants\/\" \/>\n<meta property=\"og:site_name\" content=\"\u00c9ditions Tawhid\" \/>\n<meta property=\"article:publisher\" content=\"https:\/\/www.facebook.com\/editiontawhid\/\" \/>\n<meta property=\"article:modified_time\" content=\"2024-10-28T00:40:21+00:00\" \/>\n<meta property=\"og:image\" content=\"https:\/\/www.edition-tawhid.com\/staging-site\/wp-content\/uploads\/2015\/09\/les-prophetes-enfants-1-v1.jpg\" \/>\n\t<meta property=\"og:image:width\" content=\"791\" \/>\n\t<meta property=\"og:image:height\" content=\"1024\" \/>\n\t<meta property=\"og:image:type\" content=\"image\/jpeg\" \/>\n<meta name=\"twitter:card\" content=\"summary_large_image\" \/>\n<meta name=\"twitter:label1\" content=\"Dur\u00e9e de lecture estim\u00e9e\" \/>\n\t<meta name=\"twitter:data1\" content=\"2 minutes\" \/>\n<script type=\"application\/ld+json\" class=\"yoast-schema-graph\">{\"@context\":\"https:\/\/schema.org\",\"@graph\":[{\"@type\":\"WebPage\",\"@id\":\"https:\/\/www.edition-tawhid.com\/staging-site\/produit\/les-prophetes-racontes-aux-enfants\/\",\"url\":\"https:\/\/www.edition-tawhid.com\/staging-site\/produit\/les-prophetes-racontes-aux-enfants\/\",\"name\":\"Les Proph\u00e8tes racont\u00e9s aux enfants - \u00c9ditions Tawhid\",\"isPartOf\":{\"@id\":\"https:\/\/www.edition-tawhid.com\/staging-site\/#website\"},\"primaryImageOfPage\":{\"@id\":\"https:\/\/www.edition-tawhid.com\/staging-site\/produit\/les-prophetes-racontes-aux-enfants\/#primaryimage\"},\"image\":{\"@id\":\"https:\/\/www.edition-tawhid.com\/staging-site\/produit\/les-prophetes-racontes-aux-enfants\/#primaryimage\"},\"thumbnailUrl\":\"https:\/\/www.edition-tawhid.com\/staging-site\/wp-content\/uploads\/2015\/09\/les-prophetes-enfants-1-v1.jpg\",\"datePublished\":\"2019-12-18T18:29:02+00:00\",\"dateModified\":\"2024-10-28T00:40:21+00:00\",\"breadcrumb\":{\"@id\":\"https:\/\/www.edition-tawhid.com\/staging-site\/produit\/les-prophetes-racontes-aux-enfants\/#breadcrumb\"},\"inLanguage\":\"fr-FR\",\"potentialAction\":[{\"@type\":\"ReadAction\",\"target\":[\"https:\/\/www.edition-tawhid.com\/staging-site\/produit\/les-prophetes-racontes-aux-enfants\/\"]}]},{\"@type\":\"ImageObject\",\"inLanguage\":\"fr-FR\",\"@id\":\"https:\/\/www.edition-tawhid.com\/staging-site\/produit\/les-prophetes-racontes-aux-enfants\/#primaryimage\",\"url\":\"https:\/\/www.edition-tawhid.com\/staging-site\/wp-content\/uploads\/2015\/09\/les-prophetes-enfants-1-v1.jpg\",\"contentUrl\":\"https:\/\/www.edition-tawhid.com\/staging-site\/wp-content\/uploads\/2015\/09\/les-prophetes-enfants-1-v1.jpg\",\"width\":791,\"height\":1024,\"caption\":\"Les Proph\u00e8tes racont\u00e9s aux enfants\"},{\"@type\":\"BreadcrumbList\",\"@id\":\"https:\/\/www.edition-tawhid.com\/staging-site\/produit\/les-prophetes-racontes-aux-enfants\/#breadcrumb\",\"itemListElement\":[{\"@type\":\"ListItem\",\"position\":1,\"name\":\"Accueil\",\"item\":\"https:\/\/www.edition-tawhid.com\/staging-site\/\"},{\"@type\":\"ListItem\",\"position\":2,\"name\":\"Tous nos livres\",\"item\":\"https:\/\/www.edition-tawhid.com\/staging-site\/tous-nos-livres\/\"},{\"@type\":\"ListItem\",\"position\":3,\"name\":\"Les Proph\u00e8tes racont\u00e9s aux enfants\"}]},{\"@type\":\"WebSite\",\"@id\":\"https:\/\/www.edition-tawhid.com\/staging-site\/#website\",\"url\":\"https:\/\/www.edition-tawhid.com\/staging-site\/\",\"name\":\"\u00c9ditions Tawhid\",\"description\":\"Le sp\u00e9cialiste du livre islamique francophone\",\"publisher\":{\"@id\":\"https:\/\/www.edition-tawhid.com\/staging-site\/#organization\"},\"potentialAction\":[{\"@type\":\"SearchAction\",\"target\":{\"@type\":\"EntryPoint\",\"urlTemplate\":\"https:\/\/www.edition-tawhid.com\/staging-site\/?s={search_term_string}\"},\"query-input\":{\"@type\":\"PropertyValueSpecification\",\"valueRequired\":true,\"valueName\":\"search_term_string\"}}],\"inLanguage\":\"fr-FR\"},{\"@type\":\"Organization\",\"@id\":\"https:\/\/www.edition-tawhid.com\/staging-site\/#organization\",\"name\":\"Editions Tawhid\",\"url\":\"https:\/\/www.edition-tawhid.com\/staging-site\/\",\"logo\":{\"@type\":\"ImageObject\",\"inLanguage\":\"fr-FR\",\"@id\":\"https:\/\/www.edition-tawhid.com\/staging-site\/#\/schema\/logo\/image\/\",\"url\":\"https:\/\/www.edition-tawhid.com\/staging-site\/wp-content\/uploads\/2018\/12\/logo_noir_v1-01.png\",\"contentUrl\":\"https:\/\/www.edition-tawhid.com\/staging-site\/wp-content\/uploads\/2018\/12\/logo_noir_v1-01.png\",\"width\":80,\"height\":112,\"caption\":\"Editions Tawhid\"},\"image\":{\"@id\":\"https:\/\/www.edition-tawhid.com\/staging-site\/#\/schema\/logo\/image\/\"},\"sameAs\":[\"https:\/\/www.facebook.com\/editiontawhid\/\"]}]}<\/script>\n<!-- \/ Yoast SEO plugin. -->","yoast_head_json":{"title":"Les Proph\u00e8tes racont\u00e9s aux enfants - \u00c9ditions Tawhid","robots":{"index":"noindex","follow":"follow","max-snippet":"max-snippet:-1","max-image-preview":"max-image-preview:large","max-video-preview":"max-video-preview:-1"},"og_locale":"fr_FR","og_type":"article","og_title":"Les Proph\u00e8tes racont\u00e9s aux enfants - \u00c9ditions Tawhid","og_description":"\"Les Proph\u00e8tes racont\u00e9s aux enfants\" met en lumi\u00e8re les plus grands \u00e9pisodes de la vie de ces \u00e9lus de Dieu. Cet ouvrage r\u00e9unit des aventures passionnantes, et pleines de le\u00e7ons, qui sauront emporter le jeune lecteur. Page apr\u00e8s page, et au fil d\u2019illustrations tr\u00e8s attrayantes, votre enfant se familiarisera avec ces hommes illustres dont l\u2019histoire est pleine de sens et de grandeur. Couverture avec paillettes et vernis. \u00a0","og_url":"https:\/\/www.edition-tawhid.com\/staging-site\/produit\/les-prophetes-racontes-aux-enfants\/","og_site_name":"\u00c9ditions Tawhid","article_publisher":"https:\/\/www.facebook.com\/editiontawhid\/","article_modified_time":"2024-10-28T00:40:21+00:00","og_image":[{"width":791,"height":1024,"url":"https:\/\/www.edition-tawhid.com\/staging-site\/wp-content\/uploads\/2015\/09\/les-prophetes-enfants-1-v1.jpg","type":"image\/jpeg"}],"twitter_card":"summary_large_image","twitter_misc":{"Dur\u00e9e de lecture estim\u00e9e":"2 minutes"},"schema":{"@context":"https:\/\/schema.org","@graph":[{"@type":"WebPage","@id":"https:\/\/www.edition-tawhid.com\/staging-site\/produit\/les-prophetes-racontes-aux-enfants\/","url":"https:\/\/www.edition-tawhid.com\/staging-site\/produit\/les-prophetes-racontes-aux-enfants\/","name":"Les Proph\u00e8tes racont\u00e9s aux enfants - \u00c9ditions Tawhid","isPartOf":{"@id":"https:\/\/www.edition-tawhid.com\/staging-site\/#website"},"primaryImageOfPage":{"@id":"https:\/\/www.edition-tawhid.com\/staging-site\/produit\/les-prophetes-racontes-aux-enfants\/#primaryimage"},"image":{"@id":"https:\/\/www.edition-tawhid.com\/staging-site\/produit\/les-prophetes-racontes-aux-enfants\/#primaryimage"},"thumbnailUrl":"https:\/\/www.edition-tawhid.com\/staging-site\/wp-content\/uploads\/2015\/09\/les-prophetes-enfants-1-v1.jpg","datePublished":"2019-12-18T18:29:02+00:00","dateModified":"2024-10-28T00:40:21+00:00","breadcrumb":{"@id":"https:\/\/www.edition-tawhid.com\/staging-site\/produit\/les-prophetes-racontes-aux-enfants\/#breadcrumb"},"inLanguage":"fr-FR","potentialAction":[{"@type":"ReadAction","target":["https:\/\/www.edition-tawhid.com\/staging-site\/produit\/les-prophetes-racontes-aux-enfants\/"]}]},{"@type":"ImageObject","inLanguage":"fr-FR","@id":"https:\/\/www.edition-tawhid.com\/staging-site\/produit\/les-prophetes-racontes-aux-enfants\/#primaryimage","url":"https:\/\/www.edition-tawhid.com\/staging-site\/wp-content\/uploads\/2015\/09\/les-prophetes-enfants-1-v1.jpg","contentUrl":"https:\/\/www.edition-tawhid.com\/staging-site\/wp-content\/uploads\/2015\/09\/les-prophetes-enfants-1-v1.jpg","width":791,"height":1024,"caption":"Les Proph\u00e8tes racont\u00e9s aux enfants"},{"@type":"BreadcrumbList","@id":"https:\/\/www.edition-tawhid.com\/staging-site\/produit\/les-prophetes-racontes-aux-enfants\/#breadcrumb","itemListElement":[{"@type":"ListItem","position":1,"name":"Accueil","item":"https:\/\/www.edition-tawhid.com\/staging-site\/"},{"@type":"ListItem","position":2,"name":"Tous nos livres","item":"https:\/\/www.edition-tawhid.com\/staging-site\/tous-nos-livres\/"},{"@type":"ListItem","position":3,"name":"Les Proph\u00e8tes racont\u00e9s aux enfants"}]},{"@type":"WebSite","@id":"https:\/\/www.edition-tawhid.com\/staging-site\/#website","url":"https:\/\/www.edition-tawhid.com\/staging-site\/","name":"\u00c9ditions Tawhid","description":"Le sp\u00e9cialiste du livre islamique francophone","publisher":{"@id":"https:\/\/www.edition-tawhid.com\/staging-site\/#organization"},"potentialAction":[{"@type":"SearchAction","target":{"@type":"EntryPoint","urlTemplate":"https:\/\/www.edition-tawhid.com\/staging-site\/?s={search_term_string}"},"query-input":{"@type":"PropertyValueSpecification","valueRequired":true,"valueName":"search_term_string"}}],"inLanguage":"fr-FR"},{"@type":"Organization","@id":"https:\/\/www.edition-tawhid.com\/staging-site\/#organization","name":"Editions Tawhid","url":"https:\/\/www.edition-tawhid.com\/staging-site\/","logo":{"@type":"ImageObject","inLanguage":"fr-FR","@id":"https:\/\/www.edition-tawhid.com\/staging-site\/#\/schema\/logo\/image\/","url":"https:\/\/www.edition-tawhid.com\/staging-site\/wp-content\/uploads\/2018\/12\/logo_noir_v1-01.png","contentUrl":"https:\/\/www.edition-tawhid.com\/staging-site\/wp-content\/uploads\/2018\/12\/logo_noir_v1-01.png","width":80,"height":112,"caption":"Editions Tawhid"},"image":{"@id":"https:\/\/www.edition-tawhid.com\/staging-site\/#\/schema\/logo\/image\/"},"sameAs":["https:\/\/www.facebook.com\/editiontawhid\/"]}]}},"_links":{"self":[{"href":"https:\/\/www.edition-tawhid.com\/staging-site\/wp-json\/wp\/v2\/product\/7459","targetHints":{"allow":["GET"]}}],"collection":[{"href":"https:\/\/www.edition-tawhid.com\/staging-site\/wp-json\/wp\/v2\/product"}],"about":[{"href":"https:\/\/www.edition-tawhid.com\/staging-site\/wp-json\/wp\/v2\/types\/product"}],"replies":[{"embeddable":true,"href":"https:\/\/www.edition-tawhid.com\/staging-site\/wp-json\/wp\/v2\/comments?post=7459"}],"wp:featuredmedia":[{"embeddable":true,"href":"https:\/\/www.edition-tawhid.com\/staging-site\/wp-json\/wp\/v2\/media\/16798"}],"wp:attachment":[{"href":"https:\/\/www.edition-tawhid.com\/staging-site\/wp-json\/wp\/v2\/media?parent=7459"}],"wp:term":[{"taxonomy":"product_brand","embeddable":true,"href":"https:\/\/www.edition-tawhid.com\/staging-site\/wp-json\/wp\/v2\/product_brand?post=7459"},{"taxonomy":"product_cat","embeddable":true,"href":"https:\/\/www.edition-tawhid.com\/staging-site\/wp-json\/wp\/v2\/product_cat?post=7459"},{"taxonomy":"product_tag","embeddable":true,"href":"https:\/\/www.edition-tawhid.com\/staging-site\/wp-json\/wp\/v2\/product_tag?post=7459"}],"curies":[{"name":"wp","href":"https:\/\/api.w.org\/{rel}","templated":true}]}}