{"id":8615,"date":"2020-05-13T15:02:00","date_gmt":"2020-05-13T13:02:00","guid":{"rendered":"https:\/\/www.edition-tawhid.com\/staging-site\/?post_type=product&#038;p=8615"},"modified":"2023-10-14T19:49:01","modified_gmt":"2023-10-14T17:49:01","slug":"une-approche-du-coran","status":"publish","type":"product","link":"https:\/\/www.edition-tawhid.com\/staging-site\/produit\/une-approche-du-coran\/","title":{"rendered":"Une approche du Coran par la grammaire et le lexique"},"content":{"rendered":"<p>Cet ouvrage r\u00e9pond \u00e0 une demande pressante de nombreuses personnes qui d\u00e9sirent approfondir la compr\u00e9hension et l\u2019\u00e9tude du Texte coranique. Ils trouveront dans cet ouvrage un \u00e9ventail d\u2019outils p\u00e9dagogiques sp\u00e9cialement adapt\u00e9s \u00e0 cette \u00e9tude : une \u00e9tude sur l\u2019histoire de la phon\u00e9tique et de l\u2019alphabet arabe ; une grammaire appliqu\u00e9e au Texte r\u00e9v\u00e9l\u00e9 ; un index alphab\u00e9tique de tous les mots utilis\u00e9s dans le Coran ; un lexique complet de ces termes coraniques class\u00e9s par racine et illustr\u00e9s par des versets et leur traduction fran\u00e7aise ; une recension des versets traduits.<\/p>\n<p>Livraison : 8 \u00e0 10 jours.<\/p>\n","protected":false},"excerpt":{"rendered":"<p>Cet ouvrage r\u00e9pond \u00e0 une demande pressante de nombreuses personnes qui d\u00e9sirent approfondir la compr\u00e9hension et l\u2019\u00e9tude du Texte coranique. Ils trouveront dans cet ouvrage un \u00e9ventail d\u2019outils p\u00e9dagogiques sp\u00e9cialement adapt\u00e9s \u00e0 cette \u00e9tude : une \u00e9tude sur l\u2019histoire de la phon\u00e9tique et de l\u2019alphabet arabe ; une grammaire appliqu\u00e9e au Texte r\u00e9v\u00e9l\u00e9 ; un index alphab\u00e9tique de tous les mots utilis\u00e9s dans le Coran ; un lexique complet de ces termes coraniques class\u00e9s par racine et illustr\u00e9s par des versets et leur traduction fran\u00e7aise ; une recension des versets traduits.<\/p>\n<p>Livraison : 8 \u00e0 10 jours.<\/p>\n","protected":false},"featured_media":12902,"comment_status":"open","ping_status":"closed","template":"","meta":{"_acf_changed":false},"product_brand":[],"product_cat":[2539],"product_tag":[],"class_list":{"0":"post-8615","1":"product","2":"type-product","3":"status-publish","4":"has-post-thumbnail","6":"product_cat-coran","7":"pa_book-author-maurice-gloton","9":"first","10":"instock","11":"taxable","12":"shipping-taxable","13":"purchasable","14":"product-type-simple"},"acf":[],"yoast_head":"<!-- This site is optimized with the Yoast SEO plugin v27.1.1 - https:\/\/yoast.com\/product\/yoast-seo-wordpress\/ -->\n<title>Une approche du Coran par la grammaire et le lexique - \u00c9ditions Tawhid<\/title>\n<meta name=\"robots\" content=\"noindex, follow, max-snippet:-1, max-image-preview:large, max-video-preview:-1\" \/>\n<meta property=\"og:locale\" content=\"fr_FR\" \/>\n<meta property=\"og:type\" content=\"article\" \/>\n<meta property=\"og:title\" content=\"Une approche du Coran par la grammaire et le lexique - \u00c9ditions Tawhid\" \/>\n<meta property=\"og:description\" content=\"Cet ouvrage r\u00e9pond \u00e0 une demande pressante de nombreuses personnes qui d\u00e9sirent approfondir la compr\u00e9hension et l\u2019\u00e9tude du Texte coranique. Ils trouveront dans cet ouvrage un \u00e9ventail d\u2019outils p\u00e9dagogiques sp\u00e9cialement adapt\u00e9s \u00e0 cette \u00e9tude : une \u00e9tude sur l\u2019histoire de la phon\u00e9tique et de l\u2019alphabet arabe ; une grammaire appliqu\u00e9e au Texte r\u00e9v\u00e9l\u00e9 ; un index alphab\u00e9tique de tous les mots utilis\u00e9s dans le Coran ; un lexique complet de ces termes coraniques class\u00e9s par racine et illustr\u00e9s par des versets et leur traduction fran\u00e7aise ; une recension des versets traduits.  Livraison : 8 \u00e0 10 jours.\" \/>\n<meta property=\"og:url\" content=\"https:\/\/www.edition-tawhid.com\/staging-site\/produit\/une-approche-du-coran\/\" \/>\n<meta property=\"og:site_name\" content=\"\u00c9ditions Tawhid\" \/>\n<meta property=\"article:publisher\" content=\"https:\/\/www.facebook.com\/editiontawhid\/\" \/>\n<meta property=\"article:modified_time\" content=\"2023-10-14T17:49:01+00:00\" \/>\n<meta property=\"og:image\" content=\"https:\/\/www.edition-tawhid.com\/staging-site\/wp-content\/uploads\/2020\/05\/gloton_coran_1_NEW.jpg\" \/>\n\t<meta property=\"og:image:width\" content=\"791\" \/>\n\t<meta property=\"og:image:height\" content=\"1024\" \/>\n\t<meta property=\"og:image:type\" content=\"image\/jpeg\" \/>\n<meta name=\"twitter:card\" content=\"summary_large_image\" \/>\n<meta name=\"twitter:label1\" content=\"Dur\u00e9e de lecture estim\u00e9e\" \/>\n\t<meta name=\"twitter:data1\" content=\"1 minute\" \/>\n<script type=\"application\/ld+json\" class=\"yoast-schema-graph\">{\"@context\":\"https:\/\/schema.org\",\"@graph\":[{\"@type\":\"WebPage\",\"@id\":\"https:\/\/www.edition-tawhid.com\/staging-site\/produit\/une-approche-du-coran\/\",\"url\":\"https:\/\/www.edition-tawhid.com\/staging-site\/produit\/une-approche-du-coran\/\",\"name\":\"Une approche du Coran par la grammaire et le lexique - \u00c9ditions Tawhid\",\"isPartOf\":{\"@id\":\"https:\/\/www.edition-tawhid.com\/staging-site\/#website\"},\"primaryImageOfPage\":{\"@id\":\"https:\/\/www.edition-tawhid.com\/staging-site\/produit\/une-approche-du-coran\/#primaryimage\"},\"image\":{\"@id\":\"https:\/\/www.edition-tawhid.com\/staging-site\/produit\/une-approche-du-coran\/#primaryimage\"},\"thumbnailUrl\":\"https:\/\/www.edition-tawhid.com\/staging-site\/wp-content\/uploads\/2020\/05\/gloton_coran_1_NEW.jpg\",\"datePublished\":\"2020-05-13T13:02:00+00:00\",\"dateModified\":\"2023-10-14T17:49:01+00:00\",\"breadcrumb\":{\"@id\":\"https:\/\/www.edition-tawhid.com\/staging-site\/produit\/une-approche-du-coran\/#breadcrumb\"},\"inLanguage\":\"fr-FR\",\"potentialAction\":[{\"@type\":\"ReadAction\",\"target\":[\"https:\/\/www.edition-tawhid.com\/staging-site\/produit\/une-approche-du-coran\/\"]}]},{\"@type\":\"ImageObject\",\"inLanguage\":\"fr-FR\",\"@id\":\"https:\/\/www.edition-tawhid.com\/staging-site\/produit\/une-approche-du-coran\/#primaryimage\",\"url\":\"https:\/\/www.edition-tawhid.com\/staging-site\/wp-content\/uploads\/2020\/05\/gloton_coran_1_NEW.jpg\",\"contentUrl\":\"https:\/\/www.edition-tawhid.com\/staging-site\/wp-content\/uploads\/2020\/05\/gloton_coran_1_NEW.jpg\",\"width\":791,\"height\":1024},{\"@type\":\"BreadcrumbList\",\"@id\":\"https:\/\/www.edition-tawhid.com\/staging-site\/produit\/une-approche-du-coran\/#breadcrumb\",\"itemListElement\":[{\"@type\":\"ListItem\",\"position\":1,\"name\":\"Accueil\",\"item\":\"https:\/\/www.edition-tawhid.com\/staging-site\/\"},{\"@type\":\"ListItem\",\"position\":2,\"name\":\"Tous nos livres\",\"item\":\"https:\/\/www.edition-tawhid.com\/staging-site\/tous-nos-livres\/\"},{\"@type\":\"ListItem\",\"position\":3,\"name\":\"Une approche du Coran par la grammaire et le lexique\"}]},{\"@type\":\"WebSite\",\"@id\":\"https:\/\/www.edition-tawhid.com\/staging-site\/#website\",\"url\":\"https:\/\/www.edition-tawhid.com\/staging-site\/\",\"name\":\"\u00c9ditions Tawhid\",\"description\":\"Le sp\u00e9cialiste du livre islamique francophone\",\"publisher\":{\"@id\":\"https:\/\/www.edition-tawhid.com\/staging-site\/#organization\"},\"potentialAction\":[{\"@type\":\"SearchAction\",\"target\":{\"@type\":\"EntryPoint\",\"urlTemplate\":\"https:\/\/www.edition-tawhid.com\/staging-site\/?s={search_term_string}\"},\"query-input\":{\"@type\":\"PropertyValueSpecification\",\"valueRequired\":true,\"valueName\":\"search_term_string\"}}],\"inLanguage\":\"fr-FR\"},{\"@type\":\"Organization\",\"@id\":\"https:\/\/www.edition-tawhid.com\/staging-site\/#organization\",\"name\":\"Editions Tawhid\",\"url\":\"https:\/\/www.edition-tawhid.com\/staging-site\/\",\"logo\":{\"@type\":\"ImageObject\",\"inLanguage\":\"fr-FR\",\"@id\":\"https:\/\/www.edition-tawhid.com\/staging-site\/#\/schema\/logo\/image\/\",\"url\":\"https:\/\/www.edition-tawhid.com\/staging-site\/wp-content\/uploads\/2018\/12\/logo_noir_v1-01.png\",\"contentUrl\":\"https:\/\/www.edition-tawhid.com\/staging-site\/wp-content\/uploads\/2018\/12\/logo_noir_v1-01.png\",\"width\":80,\"height\":112,\"caption\":\"Editions Tawhid\"},\"image\":{\"@id\":\"https:\/\/www.edition-tawhid.com\/staging-site\/#\/schema\/logo\/image\/\"},\"sameAs\":[\"https:\/\/www.facebook.com\/editiontawhid\/\"]}]}<\/script>\n<!-- \/ Yoast SEO plugin. -->","yoast_head_json":{"title":"Une approche du Coran par la grammaire et le lexique - \u00c9ditions Tawhid","robots":{"index":"noindex","follow":"follow","max-snippet":"max-snippet:-1","max-image-preview":"max-image-preview:large","max-video-preview":"max-video-preview:-1"},"og_locale":"fr_FR","og_type":"article","og_title":"Une approche du Coran par la grammaire et le lexique - \u00c9ditions Tawhid","og_description":"Cet ouvrage r\u00e9pond \u00e0 une demande pressante de nombreuses personnes qui d\u00e9sirent approfondir la compr\u00e9hension et l\u2019\u00e9tude du Texte coranique. Ils trouveront dans cet ouvrage un \u00e9ventail d\u2019outils p\u00e9dagogiques sp\u00e9cialement adapt\u00e9s \u00e0 cette \u00e9tude : une \u00e9tude sur l\u2019histoire de la phon\u00e9tique et de l\u2019alphabet arabe ; une grammaire appliqu\u00e9e au Texte r\u00e9v\u00e9l\u00e9 ; un index alphab\u00e9tique de tous les mots utilis\u00e9s dans le Coran ; un lexique complet de ces termes coraniques class\u00e9s par racine et illustr\u00e9s par des versets et leur traduction fran\u00e7aise ; une recension des versets traduits.  Livraison : 8 \u00e0 10 jours.","og_url":"https:\/\/www.edition-tawhid.com\/staging-site\/produit\/une-approche-du-coran\/","og_site_name":"\u00c9ditions Tawhid","article_publisher":"https:\/\/www.facebook.com\/editiontawhid\/","article_modified_time":"2023-10-14T17:49:01+00:00","og_image":[{"width":791,"height":1024,"url":"https:\/\/www.edition-tawhid.com\/staging-site\/wp-content\/uploads\/2020\/05\/gloton_coran_1_NEW.jpg","type":"image\/jpeg"}],"twitter_card":"summary_large_image","twitter_misc":{"Dur\u00e9e de lecture estim\u00e9e":"1 minute"},"schema":{"@context":"https:\/\/schema.org","@graph":[{"@type":"WebPage","@id":"https:\/\/www.edition-tawhid.com\/staging-site\/produit\/une-approche-du-coran\/","url":"https:\/\/www.edition-tawhid.com\/staging-site\/produit\/une-approche-du-coran\/","name":"Une approche du Coran par la grammaire et le lexique - \u00c9ditions Tawhid","isPartOf":{"@id":"https:\/\/www.edition-tawhid.com\/staging-site\/#website"},"primaryImageOfPage":{"@id":"https:\/\/www.edition-tawhid.com\/staging-site\/produit\/une-approche-du-coran\/#primaryimage"},"image":{"@id":"https:\/\/www.edition-tawhid.com\/staging-site\/produit\/une-approche-du-coran\/#primaryimage"},"thumbnailUrl":"https:\/\/www.edition-tawhid.com\/staging-site\/wp-content\/uploads\/2020\/05\/gloton_coran_1_NEW.jpg","datePublished":"2020-05-13T13:02:00+00:00","dateModified":"2023-10-14T17:49:01+00:00","breadcrumb":{"@id":"https:\/\/www.edition-tawhid.com\/staging-site\/produit\/une-approche-du-coran\/#breadcrumb"},"inLanguage":"fr-FR","potentialAction":[{"@type":"ReadAction","target":["https:\/\/www.edition-tawhid.com\/staging-site\/produit\/une-approche-du-coran\/"]}]},{"@type":"ImageObject","inLanguage":"fr-FR","@id":"https:\/\/www.edition-tawhid.com\/staging-site\/produit\/une-approche-du-coran\/#primaryimage","url":"https:\/\/www.edition-tawhid.com\/staging-site\/wp-content\/uploads\/2020\/05\/gloton_coran_1_NEW.jpg","contentUrl":"https:\/\/www.edition-tawhid.com\/staging-site\/wp-content\/uploads\/2020\/05\/gloton_coran_1_NEW.jpg","width":791,"height":1024},{"@type":"BreadcrumbList","@id":"https:\/\/www.edition-tawhid.com\/staging-site\/produit\/une-approche-du-coran\/#breadcrumb","itemListElement":[{"@type":"ListItem","position":1,"name":"Accueil","item":"https:\/\/www.edition-tawhid.com\/staging-site\/"},{"@type":"ListItem","position":2,"name":"Tous nos livres","item":"https:\/\/www.edition-tawhid.com\/staging-site\/tous-nos-livres\/"},{"@type":"ListItem","position":3,"name":"Une approche du Coran par la grammaire et le lexique"}]},{"@type":"WebSite","@id":"https:\/\/www.edition-tawhid.com\/staging-site\/#website","url":"https:\/\/www.edition-tawhid.com\/staging-site\/","name":"\u00c9ditions Tawhid","description":"Le sp\u00e9cialiste du livre islamique francophone","publisher":{"@id":"https:\/\/www.edition-tawhid.com\/staging-site\/#organization"},"potentialAction":[{"@type":"SearchAction","target":{"@type":"EntryPoint","urlTemplate":"https:\/\/www.edition-tawhid.com\/staging-site\/?s={search_term_string}"},"query-input":{"@type":"PropertyValueSpecification","valueRequired":true,"valueName":"search_term_string"}}],"inLanguage":"fr-FR"},{"@type":"Organization","@id":"https:\/\/www.edition-tawhid.com\/staging-site\/#organization","name":"Editions Tawhid","url":"https:\/\/www.edition-tawhid.com\/staging-site\/","logo":{"@type":"ImageObject","inLanguage":"fr-FR","@id":"https:\/\/www.edition-tawhid.com\/staging-site\/#\/schema\/logo\/image\/","url":"https:\/\/www.edition-tawhid.com\/staging-site\/wp-content\/uploads\/2018\/12\/logo_noir_v1-01.png","contentUrl":"https:\/\/www.edition-tawhid.com\/staging-site\/wp-content\/uploads\/2018\/12\/logo_noir_v1-01.png","width":80,"height":112,"caption":"Editions Tawhid"},"image":{"@id":"https:\/\/www.edition-tawhid.com\/staging-site\/#\/schema\/logo\/image\/"},"sameAs":["https:\/\/www.facebook.com\/editiontawhid\/"]}]}},"_links":{"self":[{"href":"https:\/\/www.edition-tawhid.com\/staging-site\/wp-json\/wp\/v2\/product\/8615","targetHints":{"allow":["GET"]}}],"collection":[{"href":"https:\/\/www.edition-tawhid.com\/staging-site\/wp-json\/wp\/v2\/product"}],"about":[{"href":"https:\/\/www.edition-tawhid.com\/staging-site\/wp-json\/wp\/v2\/types\/product"}],"replies":[{"embeddable":true,"href":"https:\/\/www.edition-tawhid.com\/staging-site\/wp-json\/wp\/v2\/comments?post=8615"}],"wp:featuredmedia":[{"embeddable":true,"href":"https:\/\/www.edition-tawhid.com\/staging-site\/wp-json\/wp\/v2\/media\/12902"}],"wp:attachment":[{"href":"https:\/\/www.edition-tawhid.com\/staging-site\/wp-json\/wp\/v2\/media?parent=8615"}],"wp:term":[{"taxonomy":"product_brand","embeddable":true,"href":"https:\/\/www.edition-tawhid.com\/staging-site\/wp-json\/wp\/v2\/product_brand?post=8615"},{"taxonomy":"product_cat","embeddable":true,"href":"https:\/\/www.edition-tawhid.com\/staging-site\/wp-json\/wp\/v2\/product_cat?post=8615"},{"taxonomy":"product_tag","embeddable":true,"href":"https:\/\/www.edition-tawhid.com\/staging-site\/wp-json\/wp\/v2\/product_tag?post=8615"}],"curies":[{"name":"wp","href":"https:\/\/api.w.org\/{rel}","templated":true}]}}