{"id":883,"date":"2010-03-20T00:52:50","date_gmt":"2010-03-19T23:52:50","guid":{"rendered":"https:\/\/www.edition-tawhid.com\/staging-site\/produit\/les-six-grands-imams\/"},"modified":"2023-01-13T23:16:17","modified_gmt":"2023-01-13T22:16:17","slug":"les-six-grands-imams","status":"publish","type":"product","link":"https:\/\/www.edition-tawhid.com\/staging-site\/produit\/les-six-grands-imams\/","title":{"rendered":"Les six grands Imams"},"content":{"rendered":"<p>L&rsquo;histoire de la jurisprudence islamique (fiqh) est celle de la civilisation musulmane. Etudier l&rsquo;\u00e9volution du fiqh revient \u00e0 faire cette introspection dans le mouvement historique de la soci\u00e9t\u00e9 musulmane, de ses heurts et accidents, de ses savants et de leurs productions, des sauts qualitatifs r\u00e9alis\u00e9s et aussi des heures moins glorieuses lorsque la d\u00e9cadence a commenc\u00e9 \u00e0 scl\u00e9roser le mouvement de la pens\u00e9e et celui de la soci\u00e9t\u00e9.<\/p>\n<p>Cet ouvrage d\u00e9bute par une \u00e9tude succincte des diff\u00e9rentes caract\u00e9ristiques de l&rsquo;\u00e9volution du fiqh depuis la mort du proph\u00e8te Muhammad jusqu&rsquo;\u00e0 cette derni\u00e8re p\u00e9riode contemporaine. Nous poursuivons ensuite par l&rsquo;\u00e9tude des six grands imams fondateurs des grandes \u00e9coles juridiques dont l&rsquo;oeuvre et les m\u00e9thodes f\u00e9conde est encore pr\u00e9sente aujourd&rsquo;hui : les imams Ab\u00fb Han\u00eefa, M\u00e2lik, Zayd, Ja&rsquo;far, Sh\u00e2fi&rsquo;\u00ee et Ahmad Ibn Hanbal. Nous terminons par un chapitre dans lequel nous \u00e9tudions d&rsquo;autres imams dont les \u00e9coles n&rsquo;ont pas perdur\u00e9 (Awz\u00e2&rsquo;\u00ee, Layth, Ibn Hazm&#8230;), en ajoutant shaykh Ibn Taymiyya qui, m\u00eame s&rsquo;il n&rsquo;a pas fond\u00e9 d&rsquo;\u00e9cole, a laiss\u00e9 et laisse encore une empreinte tr\u00e8s forte.<\/p>\n<p>Ce livre n&rsquo;aurait pas \u00e9t\u00e9 tel qu&rsquo;il est sans l&rsquo;immense travail de shaykh Ab\u00fb Zahra sur ce th\u00e8me dont il a laiss\u00e9, en langue arabe, six livres volumineux, chacun sur l&rsquo;un des six imams, r\u00e9f\u00e9rences incontournables. Nous nous sommes d&rsquo;ailleurs largement inspir\u00e9 de cette production. Comme nous nous sommes inspir\u00e9 d&rsquo;autres travaux, notamment du grand savant Dhahab\u00ee, incontournable \u00e0 travers ses livres fondamentaux sur les savants, ou encore d&rsquo;Ibn Kath\u00eer et sa monumentale histoire.<\/p>\n","protected":false},"excerpt":{"rendered":"<p>A travers l&rsquo;histoire de ces grands Savants et Imams, c&rsquo;est l&rsquo;histoire de la jurisprudence islamique (fiqh) et celle de la civilisation musulmane qui est d\u00e9crit. Ainsi nous passons des sauts qualitatifs remarquables \u00e0 des heures moins glorieuses quand la d\u00e9cadence a commenc\u00e9 \u00e0 scl\u00e9roser la pens\u00e9e.\u00a0Ouvrage reli\u00e9, couverture cartonn\u00e9e, 2 couleurs.<\/p>\n","protected":false},"featured_media":12735,"comment_status":"open","ping_status":"closed","template":"","meta":{"_acf_changed":false},"product_brand":[],"product_cat":[2579,2711],"product_tag":[],"class_list":{"0":"post-883","1":"product","2":"type-product","3":"status-publish","4":"has-post-thumbnail","6":"product_cat-biographies","7":"product_cat-fiqh","8":"pa_book-author-mostafa-brahami","10":"first","11":"instock","12":"taxable","13":"shipping-taxable","14":"purchasable","15":"product-type-simple"},"acf":[],"yoast_head":"<!-- This site is optimized with the Yoast SEO plugin v27.1.1 - https:\/\/yoast.com\/product\/yoast-seo-wordpress\/ -->\n<title>Les six grands Imams - \u00c9ditions Tawhid<\/title>\n<meta name=\"robots\" content=\"noindex, follow, max-snippet:-1, max-image-preview:large, max-video-preview:-1\" \/>\n<meta property=\"og:locale\" content=\"fr_FR\" \/>\n<meta property=\"og:type\" content=\"article\" \/>\n<meta property=\"og:title\" content=\"Les six grands Imams - \u00c9ditions Tawhid\" \/>\n<meta property=\"og:description\" content=\"A travers l&#039;histoire de ces grands Savants et Imams, c&#039;est l&#039;histoire de la jurisprudence islamique (fiqh) et celle de la civilisation musulmane qui est d\u00e9crit. Ainsi nous passons des sauts qualitatifs remarquables \u00e0 des heures moins glorieuses quand la d\u00e9cadence a commenc\u00e9 \u00e0 scl\u00e9roser la pens\u00e9e.\u00a0Ouvrage reli\u00e9, couverture cartonn\u00e9e, 2 couleurs.\" \/>\n<meta property=\"og:url\" content=\"https:\/\/www.edition-tawhid.com\/staging-site\/produit\/les-six-grands-imams\/\" \/>\n<meta property=\"og:site_name\" content=\"\u00c9ditions Tawhid\" \/>\n<meta property=\"article:publisher\" content=\"https:\/\/www.facebook.com\/editiontawhid\/\" \/>\n<meta property=\"article:modified_time\" content=\"2023-01-13T22:16:17+00:00\" \/>\n<meta property=\"og:image\" content=\"https:\/\/www.edition-tawhid.com\/staging-site\/wp-content\/uploads\/2010\/03\/brahami_6imams_1_NEW.jpg\" \/>\n\t<meta property=\"og:image:width\" content=\"791\" \/>\n\t<meta property=\"og:image:height\" content=\"1024\" \/>\n\t<meta property=\"og:image:type\" content=\"image\/jpeg\" \/>\n<meta name=\"twitter:card\" content=\"summary_large_image\" \/>\n<meta name=\"twitter:label1\" content=\"Dur\u00e9e de lecture estim\u00e9e\" \/>\n\t<meta name=\"twitter:data1\" content=\"1 minute\" \/>\n<script type=\"application\/ld+json\" class=\"yoast-schema-graph\">{\"@context\":\"https:\/\/schema.org\",\"@graph\":[{\"@type\":\"WebPage\",\"@id\":\"https:\/\/www.edition-tawhid.com\/staging-site\/produit\/les-six-grands-imams\/\",\"url\":\"https:\/\/www.edition-tawhid.com\/staging-site\/produit\/les-six-grands-imams\/\",\"name\":\"Les six grands Imams - \u00c9ditions Tawhid\",\"isPartOf\":{\"@id\":\"https:\/\/www.edition-tawhid.com\/staging-site\/#website\"},\"primaryImageOfPage\":{\"@id\":\"https:\/\/www.edition-tawhid.com\/staging-site\/produit\/les-six-grands-imams\/#primaryimage\"},\"image\":{\"@id\":\"https:\/\/www.edition-tawhid.com\/staging-site\/produit\/les-six-grands-imams\/#primaryimage\"},\"thumbnailUrl\":\"https:\/\/www.edition-tawhid.com\/staging-site\/wp-content\/uploads\/2010\/03\/brahami_6imams_1_NEW.jpg\",\"datePublished\":\"2010-03-19T23:52:50+00:00\",\"dateModified\":\"2023-01-13T22:16:17+00:00\",\"breadcrumb\":{\"@id\":\"https:\/\/www.edition-tawhid.com\/staging-site\/produit\/les-six-grands-imams\/#breadcrumb\"},\"inLanguage\":\"fr-FR\",\"potentialAction\":[{\"@type\":\"ReadAction\",\"target\":[\"https:\/\/www.edition-tawhid.com\/staging-site\/produit\/les-six-grands-imams\/\"]}]},{\"@type\":\"ImageObject\",\"inLanguage\":\"fr-FR\",\"@id\":\"https:\/\/www.edition-tawhid.com\/staging-site\/produit\/les-six-grands-imams\/#primaryimage\",\"url\":\"https:\/\/www.edition-tawhid.com\/staging-site\/wp-content\/uploads\/2010\/03\/brahami_6imams_1_NEW.jpg\",\"contentUrl\":\"https:\/\/www.edition-tawhid.com\/staging-site\/wp-content\/uploads\/2010\/03\/brahami_6imams_1_NEW.jpg\",\"width\":791,\"height\":1024},{\"@type\":\"BreadcrumbList\",\"@id\":\"https:\/\/www.edition-tawhid.com\/staging-site\/produit\/les-six-grands-imams\/#breadcrumb\",\"itemListElement\":[{\"@type\":\"ListItem\",\"position\":1,\"name\":\"Accueil\",\"item\":\"https:\/\/www.edition-tawhid.com\/staging-site\/\"},{\"@type\":\"ListItem\",\"position\":2,\"name\":\"Tous nos livres\",\"item\":\"https:\/\/www.edition-tawhid.com\/staging-site\/tous-nos-livres\/\"},{\"@type\":\"ListItem\",\"position\":3,\"name\":\"Les six grands Imams\"}]},{\"@type\":\"WebSite\",\"@id\":\"https:\/\/www.edition-tawhid.com\/staging-site\/#website\",\"url\":\"https:\/\/www.edition-tawhid.com\/staging-site\/\",\"name\":\"\u00c9ditions Tawhid\",\"description\":\"Le sp\u00e9cialiste du livre islamique francophone\",\"publisher\":{\"@id\":\"https:\/\/www.edition-tawhid.com\/staging-site\/#organization\"},\"potentialAction\":[{\"@type\":\"SearchAction\",\"target\":{\"@type\":\"EntryPoint\",\"urlTemplate\":\"https:\/\/www.edition-tawhid.com\/staging-site\/?s={search_term_string}\"},\"query-input\":{\"@type\":\"PropertyValueSpecification\",\"valueRequired\":true,\"valueName\":\"search_term_string\"}}],\"inLanguage\":\"fr-FR\"},{\"@type\":\"Organization\",\"@id\":\"https:\/\/www.edition-tawhid.com\/staging-site\/#organization\",\"name\":\"Editions Tawhid\",\"url\":\"https:\/\/www.edition-tawhid.com\/staging-site\/\",\"logo\":{\"@type\":\"ImageObject\",\"inLanguage\":\"fr-FR\",\"@id\":\"https:\/\/www.edition-tawhid.com\/staging-site\/#\/schema\/logo\/image\/\",\"url\":\"https:\/\/www.edition-tawhid.com\/staging-site\/wp-content\/uploads\/2018\/12\/logo_noir_v1-01.png\",\"contentUrl\":\"https:\/\/www.edition-tawhid.com\/staging-site\/wp-content\/uploads\/2018\/12\/logo_noir_v1-01.png\",\"width\":80,\"height\":112,\"caption\":\"Editions Tawhid\"},\"image\":{\"@id\":\"https:\/\/www.edition-tawhid.com\/staging-site\/#\/schema\/logo\/image\/\"},\"sameAs\":[\"https:\/\/www.facebook.com\/editiontawhid\/\"]}]}<\/script>\n<!-- \/ Yoast SEO plugin. -->","yoast_head_json":{"title":"Les six grands Imams - \u00c9ditions Tawhid","robots":{"index":"noindex","follow":"follow","max-snippet":"max-snippet:-1","max-image-preview":"max-image-preview:large","max-video-preview":"max-video-preview:-1"},"og_locale":"fr_FR","og_type":"article","og_title":"Les six grands Imams - \u00c9ditions Tawhid","og_description":"A travers l'histoire de ces grands Savants et Imams, c'est l'histoire de la jurisprudence islamique (fiqh) et celle de la civilisation musulmane qui est d\u00e9crit. Ainsi nous passons des sauts qualitatifs remarquables \u00e0 des heures moins glorieuses quand la d\u00e9cadence a commenc\u00e9 \u00e0 scl\u00e9roser la pens\u00e9e.\u00a0Ouvrage reli\u00e9, couverture cartonn\u00e9e, 2 couleurs.","og_url":"https:\/\/www.edition-tawhid.com\/staging-site\/produit\/les-six-grands-imams\/","og_site_name":"\u00c9ditions Tawhid","article_publisher":"https:\/\/www.facebook.com\/editiontawhid\/","article_modified_time":"2023-01-13T22:16:17+00:00","og_image":[{"width":791,"height":1024,"url":"https:\/\/www.edition-tawhid.com\/staging-site\/wp-content\/uploads\/2010\/03\/brahami_6imams_1_NEW.jpg","type":"image\/jpeg"}],"twitter_card":"summary_large_image","twitter_misc":{"Dur\u00e9e de lecture estim\u00e9e":"1 minute"},"schema":{"@context":"https:\/\/schema.org","@graph":[{"@type":"WebPage","@id":"https:\/\/www.edition-tawhid.com\/staging-site\/produit\/les-six-grands-imams\/","url":"https:\/\/www.edition-tawhid.com\/staging-site\/produit\/les-six-grands-imams\/","name":"Les six grands Imams - \u00c9ditions Tawhid","isPartOf":{"@id":"https:\/\/www.edition-tawhid.com\/staging-site\/#website"},"primaryImageOfPage":{"@id":"https:\/\/www.edition-tawhid.com\/staging-site\/produit\/les-six-grands-imams\/#primaryimage"},"image":{"@id":"https:\/\/www.edition-tawhid.com\/staging-site\/produit\/les-six-grands-imams\/#primaryimage"},"thumbnailUrl":"https:\/\/www.edition-tawhid.com\/staging-site\/wp-content\/uploads\/2010\/03\/brahami_6imams_1_NEW.jpg","datePublished":"2010-03-19T23:52:50+00:00","dateModified":"2023-01-13T22:16:17+00:00","breadcrumb":{"@id":"https:\/\/www.edition-tawhid.com\/staging-site\/produit\/les-six-grands-imams\/#breadcrumb"},"inLanguage":"fr-FR","potentialAction":[{"@type":"ReadAction","target":["https:\/\/www.edition-tawhid.com\/staging-site\/produit\/les-six-grands-imams\/"]}]},{"@type":"ImageObject","inLanguage":"fr-FR","@id":"https:\/\/www.edition-tawhid.com\/staging-site\/produit\/les-six-grands-imams\/#primaryimage","url":"https:\/\/www.edition-tawhid.com\/staging-site\/wp-content\/uploads\/2010\/03\/brahami_6imams_1_NEW.jpg","contentUrl":"https:\/\/www.edition-tawhid.com\/staging-site\/wp-content\/uploads\/2010\/03\/brahami_6imams_1_NEW.jpg","width":791,"height":1024},{"@type":"BreadcrumbList","@id":"https:\/\/www.edition-tawhid.com\/staging-site\/produit\/les-six-grands-imams\/#breadcrumb","itemListElement":[{"@type":"ListItem","position":1,"name":"Accueil","item":"https:\/\/www.edition-tawhid.com\/staging-site\/"},{"@type":"ListItem","position":2,"name":"Tous nos livres","item":"https:\/\/www.edition-tawhid.com\/staging-site\/tous-nos-livres\/"},{"@type":"ListItem","position":3,"name":"Les six grands Imams"}]},{"@type":"WebSite","@id":"https:\/\/www.edition-tawhid.com\/staging-site\/#website","url":"https:\/\/www.edition-tawhid.com\/staging-site\/","name":"\u00c9ditions Tawhid","description":"Le sp\u00e9cialiste du livre islamique francophone","publisher":{"@id":"https:\/\/www.edition-tawhid.com\/staging-site\/#organization"},"potentialAction":[{"@type":"SearchAction","target":{"@type":"EntryPoint","urlTemplate":"https:\/\/www.edition-tawhid.com\/staging-site\/?s={search_term_string}"},"query-input":{"@type":"PropertyValueSpecification","valueRequired":true,"valueName":"search_term_string"}}],"inLanguage":"fr-FR"},{"@type":"Organization","@id":"https:\/\/www.edition-tawhid.com\/staging-site\/#organization","name":"Editions Tawhid","url":"https:\/\/www.edition-tawhid.com\/staging-site\/","logo":{"@type":"ImageObject","inLanguage":"fr-FR","@id":"https:\/\/www.edition-tawhid.com\/staging-site\/#\/schema\/logo\/image\/","url":"https:\/\/www.edition-tawhid.com\/staging-site\/wp-content\/uploads\/2018\/12\/logo_noir_v1-01.png","contentUrl":"https:\/\/www.edition-tawhid.com\/staging-site\/wp-content\/uploads\/2018\/12\/logo_noir_v1-01.png","width":80,"height":112,"caption":"Editions Tawhid"},"image":{"@id":"https:\/\/www.edition-tawhid.com\/staging-site\/#\/schema\/logo\/image\/"},"sameAs":["https:\/\/www.facebook.com\/editiontawhid\/"]}]}},"_links":{"self":[{"href":"https:\/\/www.edition-tawhid.com\/staging-site\/wp-json\/wp\/v2\/product\/883","targetHints":{"allow":["GET"]}}],"collection":[{"href":"https:\/\/www.edition-tawhid.com\/staging-site\/wp-json\/wp\/v2\/product"}],"about":[{"href":"https:\/\/www.edition-tawhid.com\/staging-site\/wp-json\/wp\/v2\/types\/product"}],"replies":[{"embeddable":true,"href":"https:\/\/www.edition-tawhid.com\/staging-site\/wp-json\/wp\/v2\/comments?post=883"}],"wp:featuredmedia":[{"embeddable":true,"href":"https:\/\/www.edition-tawhid.com\/staging-site\/wp-json\/wp\/v2\/media\/12735"}],"wp:attachment":[{"href":"https:\/\/www.edition-tawhid.com\/staging-site\/wp-json\/wp\/v2\/media?parent=883"}],"wp:term":[{"taxonomy":"product_brand","embeddable":true,"href":"https:\/\/www.edition-tawhid.com\/staging-site\/wp-json\/wp\/v2\/product_brand?post=883"},{"taxonomy":"product_cat","embeddable":true,"href":"https:\/\/www.edition-tawhid.com\/staging-site\/wp-json\/wp\/v2\/product_cat?post=883"},{"taxonomy":"product_tag","embeddable":true,"href":"https:\/\/www.edition-tawhid.com\/staging-site\/wp-json\/wp\/v2\/product_tag?post=883"}],"curies":[{"name":"wp","href":"https:\/\/api.w.org\/{rel}","templated":true}]}}