{"id":897,"date":"2011-03-20T00:52:50","date_gmt":"2011-03-19T23:52:50","guid":{"rendered":"https:\/\/www.edition-tawhid.com\/staging-site\/produit\/sermons-du-vendredi\/"},"modified":"2021-09-22T01:13:20","modified_gmt":"2021-09-21T23:13:20","slug":"sermons-du-vendredi","status":"publish","type":"product","link":"https:\/\/www.edition-tawhid.com\/staging-site\/produit\/sermons-du-vendredi\/","title":{"rendered":"Sermons du Vendredi"},"content":{"rendered":"<p>Le vendredi a \u00e9t\u00e9 institu\u00e9 pour \u00eatre un moment de rassemblement de la communaut\u00e9, moment dont les points forts sont le sermon et la pri\u00e8re r\u00e9alis\u00e9e en commun. Il importe donc que ce discours soit \u00e0 la port\u00e9e de l\u2019auditoire, qu\u2019il puisse en tirer des enseignements, et surtout une ligne de conduite conforme aux principes de l\u2019Islam, d\u2019un vendredi \u00e0 l\u2019autre. Le sermon est un rappel, qui permet aux croyants de renouveler leur \u00e9nergie spirituelle au contact d\u2019une parole dont le r\u00f4le est d\u2019\u00e9veiller les consciences.<\/p>\n<p>Le pr\u00e9sent ouvrage comprend la pr\u00e9sentation de sermons qui ont \u00e9t\u00e9 donn\u00e9s au Centre Islamique de Gen\u00e8ve. Ils proviennent de diverses sources : de textes anciens comme par exemple les \u00e9crits des imams Ab\u00fb H\u00e2mid al-Ghaz\u00e2l\u00ee, Ibn Taymiyya et Ibn al-Qayyim, ou plus r\u00e9cents, comme ceux de l\u2019imam Hasan al-Bann\u00e2 et du savant Ab\u00fb al-Hasan an-Nadaw\u00ee, ou d\u2019auteurs moins connus, comme Muhammad D\u00e2w\u00fbd. Nous avons adapt\u00e9 ces r\u00e9f\u00e9rences au cadre du vendredi, qui suppose une clarification des th\u00e8mes et l\u2019usage d\u2019un discours appropri\u00e9, mais fid\u00e8le au sens g\u00e9n\u00e9ral voulu.<\/p>\n<p>Outre le fait de mettre \u00e0 disposition de tout lecteur des \u00e9l\u00e9ments enrichis- sants de la tradition islamique, nous esp\u00e9rons aussi donner aux pr\u00e9dicateurs de notre communaut\u00e9 une mati\u00e8re qu\u2019ils pourront utiliser le vendredi et \u00e0 d\u2019autres occasions. En effet, il s\u2019av\u00e8re aujourd\u2019hui n\u00e9cessaire de tenir compte d\u2019une situation qui n\u2019est plus nouvelle : les convertis ou les musulmans n\u00e9s en Occident n\u2019ont pas acc\u00e8s, dans leur grande majorit\u00e9, \u00e0 l\u2019arabe classique, et m\u00eame pour certains aux dialectes de leurs pays d\u2019origine.<\/p>\n<p>Nous avons privil\u00e9gi\u00e9, dans nos sermons, l\u2019usage d\u2019un vocabulaire simple et clair. L\u2019essentiel, pour nous, \u00e9tant moins la recherche des effets litt\u00e9raires que la transmission de notions destin\u00e9es \u00e0 d\u00e9velopper notre compr\u00e9hension de l\u2019Islam, et \u00e0 changer nos comportements.<\/p>\n","protected":false},"excerpt":{"rendered":"<p>Le vendredi a \u00e9t\u00e9 institu\u00e9 pour \u00eatre un moment de rassemblement de la communaut\u00e9, moment dont les points forts sont le sermon et la pri\u00e8re en commmun.<\/p>\n","protected":false},"featured_media":12888,"comment_status":"open","ping_status":"closed","template":"","meta":{"_acf_changed":false},"product_brand":[],"product_cat":[2524],"product_tag":[],"class_list":{"0":"post-897","1":"product","2":"type-product","3":"status-publish","4":"has-post-thumbnail","6":"product_cat-spiritualite","7":"pa_book-author-hani-ramadan","9":"first","10":"instock","11":"taxable","12":"shipping-taxable","13":"purchasable","14":"product-type-simple"},"acf":[],"yoast_head":"<!-- This site is optimized with the Yoast SEO plugin v27.1.1 - https:\/\/yoast.com\/product\/yoast-seo-wordpress\/ -->\n<title>Sermons du Vendredi - \u00c9ditions Tawhid<\/title>\n<meta name=\"robots\" content=\"noindex, follow, max-snippet:-1, max-image-preview:large, max-video-preview:-1\" \/>\n<meta property=\"og:locale\" content=\"fr_FR\" \/>\n<meta property=\"og:type\" content=\"article\" \/>\n<meta property=\"og:title\" content=\"Sermons du Vendredi - \u00c9ditions Tawhid\" \/>\n<meta property=\"og:description\" content=\"Le vendredi a \u00e9t\u00e9 institu\u00e9 pour \u00eatre un moment de rassemblement de la communaut\u00e9, moment dont les points forts sont le sermon et la pri\u00e8re en commmun.\" \/>\n<meta property=\"og:url\" content=\"https:\/\/www.edition-tawhid.com\/staging-site\/produit\/sermons-du-vendredi\/\" \/>\n<meta property=\"og:site_name\" content=\"\u00c9ditions Tawhid\" \/>\n<meta property=\"article:publisher\" content=\"https:\/\/www.facebook.com\/editiontawhid\/\" \/>\n<meta property=\"article:modified_time\" content=\"2021-09-21T23:13:20+00:00\" \/>\n<meta property=\"og:image\" content=\"https:\/\/www.edition-tawhid.com\/staging-site\/wp-content\/uploads\/2011\/03\/hani_sermons_1_NEW.jpg\" \/>\n\t<meta property=\"og:image:width\" content=\"791\" \/>\n\t<meta property=\"og:image:height\" content=\"1024\" \/>\n\t<meta property=\"og:image:type\" content=\"image\/jpeg\" \/>\n<meta name=\"twitter:card\" content=\"summary_large_image\" \/>\n<meta name=\"twitter:label1\" content=\"Dur\u00e9e de lecture estim\u00e9e\" \/>\n\t<meta name=\"twitter:data1\" content=\"2 minutes\" \/>\n<script type=\"application\/ld+json\" class=\"yoast-schema-graph\">{\"@context\":\"https:\/\/schema.org\",\"@graph\":[{\"@type\":\"WebPage\",\"@id\":\"https:\/\/www.edition-tawhid.com\/staging-site\/produit\/sermons-du-vendredi\/\",\"url\":\"https:\/\/www.edition-tawhid.com\/staging-site\/produit\/sermons-du-vendredi\/\",\"name\":\"Sermons du Vendredi - \u00c9ditions Tawhid\",\"isPartOf\":{\"@id\":\"https:\/\/www.edition-tawhid.com\/staging-site\/#website\"},\"primaryImageOfPage\":{\"@id\":\"https:\/\/www.edition-tawhid.com\/staging-site\/produit\/sermons-du-vendredi\/#primaryimage\"},\"image\":{\"@id\":\"https:\/\/www.edition-tawhid.com\/staging-site\/produit\/sermons-du-vendredi\/#primaryimage\"},\"thumbnailUrl\":\"https:\/\/www.edition-tawhid.com\/staging-site\/wp-content\/uploads\/2011\/03\/hani_sermons_1_NEW.jpg\",\"datePublished\":\"2011-03-19T23:52:50+00:00\",\"dateModified\":\"2021-09-21T23:13:20+00:00\",\"breadcrumb\":{\"@id\":\"https:\/\/www.edition-tawhid.com\/staging-site\/produit\/sermons-du-vendredi\/#breadcrumb\"},\"inLanguage\":\"fr-FR\",\"potentialAction\":[{\"@type\":\"ReadAction\",\"target\":[\"https:\/\/www.edition-tawhid.com\/staging-site\/produit\/sermons-du-vendredi\/\"]}]},{\"@type\":\"ImageObject\",\"inLanguage\":\"fr-FR\",\"@id\":\"https:\/\/www.edition-tawhid.com\/staging-site\/produit\/sermons-du-vendredi\/#primaryimage\",\"url\":\"https:\/\/www.edition-tawhid.com\/staging-site\/wp-content\/uploads\/2011\/03\/hani_sermons_1_NEW.jpg\",\"contentUrl\":\"https:\/\/www.edition-tawhid.com\/staging-site\/wp-content\/uploads\/2011\/03\/hani_sermons_1_NEW.jpg\",\"width\":791,\"height\":1024},{\"@type\":\"BreadcrumbList\",\"@id\":\"https:\/\/www.edition-tawhid.com\/staging-site\/produit\/sermons-du-vendredi\/#breadcrumb\",\"itemListElement\":[{\"@type\":\"ListItem\",\"position\":1,\"name\":\"Accueil\",\"item\":\"https:\/\/www.edition-tawhid.com\/staging-site\/\"},{\"@type\":\"ListItem\",\"position\":2,\"name\":\"Tous nos livres\",\"item\":\"https:\/\/www.edition-tawhid.com\/staging-site\/tous-nos-livres\/\"},{\"@type\":\"ListItem\",\"position\":3,\"name\":\"Sermons du Vendredi\"}]},{\"@type\":\"WebSite\",\"@id\":\"https:\/\/www.edition-tawhid.com\/staging-site\/#website\",\"url\":\"https:\/\/www.edition-tawhid.com\/staging-site\/\",\"name\":\"\u00c9ditions Tawhid\",\"description\":\"Le sp\u00e9cialiste du livre islamique francophone\",\"publisher\":{\"@id\":\"https:\/\/www.edition-tawhid.com\/staging-site\/#organization\"},\"potentialAction\":[{\"@type\":\"SearchAction\",\"target\":{\"@type\":\"EntryPoint\",\"urlTemplate\":\"https:\/\/www.edition-tawhid.com\/staging-site\/?s={search_term_string}\"},\"query-input\":{\"@type\":\"PropertyValueSpecification\",\"valueRequired\":true,\"valueName\":\"search_term_string\"}}],\"inLanguage\":\"fr-FR\"},{\"@type\":\"Organization\",\"@id\":\"https:\/\/www.edition-tawhid.com\/staging-site\/#organization\",\"name\":\"Editions Tawhid\",\"url\":\"https:\/\/www.edition-tawhid.com\/staging-site\/\",\"logo\":{\"@type\":\"ImageObject\",\"inLanguage\":\"fr-FR\",\"@id\":\"https:\/\/www.edition-tawhid.com\/staging-site\/#\/schema\/logo\/image\/\",\"url\":\"https:\/\/www.edition-tawhid.com\/staging-site\/wp-content\/uploads\/2018\/12\/logo_noir_v1-01.png\",\"contentUrl\":\"https:\/\/www.edition-tawhid.com\/staging-site\/wp-content\/uploads\/2018\/12\/logo_noir_v1-01.png\",\"width\":80,\"height\":112,\"caption\":\"Editions Tawhid\"},\"image\":{\"@id\":\"https:\/\/www.edition-tawhid.com\/staging-site\/#\/schema\/logo\/image\/\"},\"sameAs\":[\"https:\/\/www.facebook.com\/editiontawhid\/\"]}]}<\/script>\n<!-- \/ Yoast SEO plugin. -->","yoast_head_json":{"title":"Sermons du Vendredi - \u00c9ditions Tawhid","robots":{"index":"noindex","follow":"follow","max-snippet":"max-snippet:-1","max-image-preview":"max-image-preview:large","max-video-preview":"max-video-preview:-1"},"og_locale":"fr_FR","og_type":"article","og_title":"Sermons du Vendredi - \u00c9ditions Tawhid","og_description":"Le vendredi a \u00e9t\u00e9 institu\u00e9 pour \u00eatre un moment de rassemblement de la communaut\u00e9, moment dont les points forts sont le sermon et la pri\u00e8re en commmun.","og_url":"https:\/\/www.edition-tawhid.com\/staging-site\/produit\/sermons-du-vendredi\/","og_site_name":"\u00c9ditions Tawhid","article_publisher":"https:\/\/www.facebook.com\/editiontawhid\/","article_modified_time":"2021-09-21T23:13:20+00:00","og_image":[{"width":791,"height":1024,"url":"https:\/\/www.edition-tawhid.com\/staging-site\/wp-content\/uploads\/2011\/03\/hani_sermons_1_NEW.jpg","type":"image\/jpeg"}],"twitter_card":"summary_large_image","twitter_misc":{"Dur\u00e9e de lecture estim\u00e9e":"2 minutes"},"schema":{"@context":"https:\/\/schema.org","@graph":[{"@type":"WebPage","@id":"https:\/\/www.edition-tawhid.com\/staging-site\/produit\/sermons-du-vendredi\/","url":"https:\/\/www.edition-tawhid.com\/staging-site\/produit\/sermons-du-vendredi\/","name":"Sermons du Vendredi - \u00c9ditions Tawhid","isPartOf":{"@id":"https:\/\/www.edition-tawhid.com\/staging-site\/#website"},"primaryImageOfPage":{"@id":"https:\/\/www.edition-tawhid.com\/staging-site\/produit\/sermons-du-vendredi\/#primaryimage"},"image":{"@id":"https:\/\/www.edition-tawhid.com\/staging-site\/produit\/sermons-du-vendredi\/#primaryimage"},"thumbnailUrl":"https:\/\/www.edition-tawhid.com\/staging-site\/wp-content\/uploads\/2011\/03\/hani_sermons_1_NEW.jpg","datePublished":"2011-03-19T23:52:50+00:00","dateModified":"2021-09-21T23:13:20+00:00","breadcrumb":{"@id":"https:\/\/www.edition-tawhid.com\/staging-site\/produit\/sermons-du-vendredi\/#breadcrumb"},"inLanguage":"fr-FR","potentialAction":[{"@type":"ReadAction","target":["https:\/\/www.edition-tawhid.com\/staging-site\/produit\/sermons-du-vendredi\/"]}]},{"@type":"ImageObject","inLanguage":"fr-FR","@id":"https:\/\/www.edition-tawhid.com\/staging-site\/produit\/sermons-du-vendredi\/#primaryimage","url":"https:\/\/www.edition-tawhid.com\/staging-site\/wp-content\/uploads\/2011\/03\/hani_sermons_1_NEW.jpg","contentUrl":"https:\/\/www.edition-tawhid.com\/staging-site\/wp-content\/uploads\/2011\/03\/hani_sermons_1_NEW.jpg","width":791,"height":1024},{"@type":"BreadcrumbList","@id":"https:\/\/www.edition-tawhid.com\/staging-site\/produit\/sermons-du-vendredi\/#breadcrumb","itemListElement":[{"@type":"ListItem","position":1,"name":"Accueil","item":"https:\/\/www.edition-tawhid.com\/staging-site\/"},{"@type":"ListItem","position":2,"name":"Tous nos livres","item":"https:\/\/www.edition-tawhid.com\/staging-site\/tous-nos-livres\/"},{"@type":"ListItem","position":3,"name":"Sermons du Vendredi"}]},{"@type":"WebSite","@id":"https:\/\/www.edition-tawhid.com\/staging-site\/#website","url":"https:\/\/www.edition-tawhid.com\/staging-site\/","name":"\u00c9ditions Tawhid","description":"Le sp\u00e9cialiste du livre islamique francophone","publisher":{"@id":"https:\/\/www.edition-tawhid.com\/staging-site\/#organization"},"potentialAction":[{"@type":"SearchAction","target":{"@type":"EntryPoint","urlTemplate":"https:\/\/www.edition-tawhid.com\/staging-site\/?s={search_term_string}"},"query-input":{"@type":"PropertyValueSpecification","valueRequired":true,"valueName":"search_term_string"}}],"inLanguage":"fr-FR"},{"@type":"Organization","@id":"https:\/\/www.edition-tawhid.com\/staging-site\/#organization","name":"Editions Tawhid","url":"https:\/\/www.edition-tawhid.com\/staging-site\/","logo":{"@type":"ImageObject","inLanguage":"fr-FR","@id":"https:\/\/www.edition-tawhid.com\/staging-site\/#\/schema\/logo\/image\/","url":"https:\/\/www.edition-tawhid.com\/staging-site\/wp-content\/uploads\/2018\/12\/logo_noir_v1-01.png","contentUrl":"https:\/\/www.edition-tawhid.com\/staging-site\/wp-content\/uploads\/2018\/12\/logo_noir_v1-01.png","width":80,"height":112,"caption":"Editions Tawhid"},"image":{"@id":"https:\/\/www.edition-tawhid.com\/staging-site\/#\/schema\/logo\/image\/"},"sameAs":["https:\/\/www.facebook.com\/editiontawhid\/"]}]}},"_links":{"self":[{"href":"https:\/\/www.edition-tawhid.com\/staging-site\/wp-json\/wp\/v2\/product\/897","targetHints":{"allow":["GET"]}}],"collection":[{"href":"https:\/\/www.edition-tawhid.com\/staging-site\/wp-json\/wp\/v2\/product"}],"about":[{"href":"https:\/\/www.edition-tawhid.com\/staging-site\/wp-json\/wp\/v2\/types\/product"}],"replies":[{"embeddable":true,"href":"https:\/\/www.edition-tawhid.com\/staging-site\/wp-json\/wp\/v2\/comments?post=897"}],"wp:featuredmedia":[{"embeddable":true,"href":"https:\/\/www.edition-tawhid.com\/staging-site\/wp-json\/wp\/v2\/media\/12888"}],"wp:attachment":[{"href":"https:\/\/www.edition-tawhid.com\/staging-site\/wp-json\/wp\/v2\/media?parent=897"}],"wp:term":[{"taxonomy":"product_brand","embeddable":true,"href":"https:\/\/www.edition-tawhid.com\/staging-site\/wp-json\/wp\/v2\/product_brand?post=897"},{"taxonomy":"product_cat","embeddable":true,"href":"https:\/\/www.edition-tawhid.com\/staging-site\/wp-json\/wp\/v2\/product_cat?post=897"},{"taxonomy":"product_tag","embeddable":true,"href":"https:\/\/www.edition-tawhid.com\/staging-site\/wp-json\/wp\/v2\/product_tag?post=897"}],"curies":[{"name":"wp","href":"https:\/\/api.w.org\/{rel}","templated":true}]}}