{"id":905,"date":"2011-03-20T00:52:50","date_gmt":"2011-03-19T23:52:50","guid":{"rendered":"https:\/\/www.edition-tawhid.com\/staging-site\/produit\/enseignements-de-lislam\/"},"modified":"2023-01-05T13:10:33","modified_gmt":"2023-01-05T12:10:33","slug":"enseignements-de-lislam","status":"publish","type":"product","link":"https:\/\/www.edition-tawhid.com\/staging-site\/produit\/enseignements-de-lislam\/","title":{"rendered":"Enseignements de l&rsquo;Islam"},"content":{"rendered":"<p>L\u2019ouvrage <em>Les Enseignements de l\u2019Islam<\/em> \u2013 dont nous pr\u00e9sentons ici le troisi\u00e8me volume \u2013 constitue la traduction en fran\u00e7ais de la principale \u0153uvre en urdu de Zakariyy\u00e2 Kandahl\u00e2w\u00ee publi\u00e9e pour la premi\u00e8re fois en Inde il y a plus de soixante-dix ans.<\/p>\n<p>L\u2019imam Kandahl\u00e2w\u00ee, n\u00e9 en 1898 en Inde, \u00e9tait un savant sp\u00e9cialis\u00e9 dans l\u2019\u00e9tude des Traditions proph\u00e9tiques qu\u2019il enseigna durant plus de cinquante ans dans l\u2019un des instituts islamiques les plus r\u00e9put\u00e9s d\u2019Inde. Il \u00e9tait tr\u00e8s renomm\u00e9, dans tout le subcontinent indien et bien au-del\u00e0, en tant que \u00ab ma\u00eetre des Traditions \u00bb.<\/p>\n<p>Il s\u2019est \u00e9galement rendu c\u00e9l\u00e8bre par le volumineux commentaire en arabe du <em>Muwatt\u00e2\u2019<\/em> de l\u2019imam Malik en 17 volumes.<\/p>\n<p>L\u2019\u0153uvre en urdu de Kandahl\u00e2w\u00ee, aujourd\u2019hui traduite dans 31 langues et publi\u00e9e dans 32 pays, fournit \u2013 sur la base du Coran et des Traditions proph\u00e9tiques \u2013 une analyse et un expos\u00e9 d\u00e9taill\u00e9s, p\u00e9n\u00e9trants, remarquablement vivants et incisifs des pr\u00e9ceptes et des pratiques islamiques. Les diff\u00e9rents livres composant l\u2019\u0153uvre pr\u00e9sentent l\u2019immense int\u00e9r\u00eat de proposer une double approche simultan\u00e9e : celle du <em>tasawwuf<\/em> (la voie spirituelle) et celle de la <em>shar\u00ee\u2018a<\/em> (loi islamique) donnant de l\u2019Islam la vision la plus compl\u00e8te, la plus riche et la plus concr\u00e8te qui soit.<\/p>\n<p>Les ouvrages en urdu de Kandahl\u00e2w\u00ee sont tr\u00e8s connus et \u00e9tudi\u00e9s dans toute l\u2019aire anglophone musulmane depuis l\u2019Inde et le Pakistan jusqu\u2019\u00e0 l\u2019Afrique du Sud. Ils sont, par contre, peu r\u00e9pandus dans les milieux francophones. Nous esp\u00e9rons combler une lacune regrettable par ce travail de traduction dont nous pr\u00e9sentons le troisi\u00e8me volume<em> L\u2019\u0153uvre de sinc\u00e9rit\u00e9 et ses vertus<\/em> qui traite de la <em>sad\u00e2qa<\/em> (acte charitable) dans son essence et dans sa v\u00e9ritable pratique.<\/p>\n<p>Kandahl\u00e2w\u00ee a r\u00e9uni un grand nombre de versets coraniques et de Traditions proph\u00e9tiques sur ce sujet tr\u00e8s important de la <em>sad\u00e2qa<\/em>. Car la foi s\u2019\u00e9tiole et s\u2019affaiblit si elle n\u2019est pas nourrie par les bonnes \u0153uvres. Bien au-del\u00e0 de l\u2019aum\u00f4ne mat\u00e9rielle, l\u2019authentique <em>sad\u00e2qa<\/em> se fonde sur une foi sinc\u00e8re, puissante et certaine dont elle est la preuve et qu\u2019elle renforce. Dans son sens le plus large et le plus profond, elle recoupe, en fait, toutes les pratiques islamiques dont elle occupe le centre.<\/p>\n","protected":false},"excerpt":{"rendered":"<p>Cet ouvrage constitue la traduction en fran\u00e7ais de la principale oeuvre en urdu du Shaykh Al-Kandahl\u00e2w\u00ee.<\/p>\n","protected":false},"featured_media":12881,"comment_status":"open","ping_status":"closed","template":"","meta":{"_acf_changed":false},"product_brand":[],"product_cat":[2524],"product_tag":[],"class_list":{"0":"post-905","1":"product","2":"type-product","3":"status-publish","4":"has-post-thumbnail","6":"product_cat-spiritualite","7":"pa_book-author-muhammad-zakariyya-kandahlawi","9":"first","10":"instock","11":"taxable","12":"shipping-taxable","13":"purchasable","14":"product-type-simple"},"acf":[],"yoast_head":"<!-- This site is optimized with the Yoast SEO plugin v27.1.1 - https:\/\/yoast.com\/product\/yoast-seo-wordpress\/ -->\n<title>Enseignements de l&#039;Islam - \u00c9ditions Tawhid<\/title>\n<meta name=\"robots\" content=\"noindex, follow, max-snippet:-1, max-image-preview:large, max-video-preview:-1\" \/>\n<meta property=\"og:locale\" content=\"fr_FR\" \/>\n<meta property=\"og:type\" content=\"article\" \/>\n<meta property=\"og:title\" content=\"Enseignements de l&#039;Islam - \u00c9ditions Tawhid\" \/>\n<meta property=\"og:description\" content=\"Cet ouvrage constitue la traduction en fran\u00e7ais de la principale oeuvre en urdu du Shaykh Al-Kandahl\u00e2w\u00ee.\" \/>\n<meta property=\"og:url\" content=\"https:\/\/www.edition-tawhid.com\/staging-site\/produit\/enseignements-de-lislam\/\" \/>\n<meta property=\"og:site_name\" content=\"\u00c9ditions Tawhid\" \/>\n<meta property=\"article:publisher\" content=\"https:\/\/www.facebook.com\/editiontawhid\/\" \/>\n<meta property=\"article:modified_time\" content=\"2023-01-05T12:10:33+00:00\" \/>\n<meta property=\"og:image\" content=\"https:\/\/www.edition-tawhid.com\/staging-site\/wp-content\/uploads\/2011\/03\/kandahlawi_enseignements_1_NEW.jpg\" \/>\n\t<meta property=\"og:image:width\" content=\"791\" \/>\n\t<meta property=\"og:image:height\" content=\"1024\" \/>\n\t<meta property=\"og:image:type\" content=\"image\/jpeg\" \/>\n<meta name=\"twitter:card\" content=\"summary_large_image\" \/>\n<meta name=\"twitter:label1\" content=\"Dur\u00e9e de lecture estim\u00e9e\" \/>\n\t<meta name=\"twitter:data1\" content=\"2 minutes\" \/>\n<script type=\"application\/ld+json\" class=\"yoast-schema-graph\">{\"@context\":\"https:\/\/schema.org\",\"@graph\":[{\"@type\":\"WebPage\",\"@id\":\"https:\/\/www.edition-tawhid.com\/staging-site\/produit\/enseignements-de-lislam\/\",\"url\":\"https:\/\/www.edition-tawhid.com\/staging-site\/produit\/enseignements-de-lislam\/\",\"name\":\"Enseignements de l'Islam - \u00c9ditions Tawhid\",\"isPartOf\":{\"@id\":\"https:\/\/www.edition-tawhid.com\/staging-site\/#website\"},\"primaryImageOfPage\":{\"@id\":\"https:\/\/www.edition-tawhid.com\/staging-site\/produit\/enseignements-de-lislam\/#primaryimage\"},\"image\":{\"@id\":\"https:\/\/www.edition-tawhid.com\/staging-site\/produit\/enseignements-de-lislam\/#primaryimage\"},\"thumbnailUrl\":\"https:\/\/www.edition-tawhid.com\/staging-site\/wp-content\/uploads\/2011\/03\/kandahlawi_enseignements_1_NEW.jpg\",\"datePublished\":\"2011-03-19T23:52:50+00:00\",\"dateModified\":\"2023-01-05T12:10:33+00:00\",\"breadcrumb\":{\"@id\":\"https:\/\/www.edition-tawhid.com\/staging-site\/produit\/enseignements-de-lislam\/#breadcrumb\"},\"inLanguage\":\"fr-FR\",\"potentialAction\":[{\"@type\":\"ReadAction\",\"target\":[\"https:\/\/www.edition-tawhid.com\/staging-site\/produit\/enseignements-de-lislam\/\"]}]},{\"@type\":\"ImageObject\",\"inLanguage\":\"fr-FR\",\"@id\":\"https:\/\/www.edition-tawhid.com\/staging-site\/produit\/enseignements-de-lislam\/#primaryimage\",\"url\":\"https:\/\/www.edition-tawhid.com\/staging-site\/wp-content\/uploads\/2011\/03\/kandahlawi_enseignements_1_NEW.jpg\",\"contentUrl\":\"https:\/\/www.edition-tawhid.com\/staging-site\/wp-content\/uploads\/2011\/03\/kandahlawi_enseignements_1_NEW.jpg\",\"width\":791,\"height\":1024},{\"@type\":\"BreadcrumbList\",\"@id\":\"https:\/\/www.edition-tawhid.com\/staging-site\/produit\/enseignements-de-lislam\/#breadcrumb\",\"itemListElement\":[{\"@type\":\"ListItem\",\"position\":1,\"name\":\"Accueil\",\"item\":\"https:\/\/www.edition-tawhid.com\/staging-site\/\"},{\"@type\":\"ListItem\",\"position\":2,\"name\":\"Tous nos livres\",\"item\":\"https:\/\/www.edition-tawhid.com\/staging-site\/tous-nos-livres\/\"},{\"@type\":\"ListItem\",\"position\":3,\"name\":\"Enseignements de l&#8217;Islam\"}]},{\"@type\":\"WebSite\",\"@id\":\"https:\/\/www.edition-tawhid.com\/staging-site\/#website\",\"url\":\"https:\/\/www.edition-tawhid.com\/staging-site\/\",\"name\":\"\u00c9ditions Tawhid\",\"description\":\"Le sp\u00e9cialiste du livre islamique francophone\",\"publisher\":{\"@id\":\"https:\/\/www.edition-tawhid.com\/staging-site\/#organization\"},\"potentialAction\":[{\"@type\":\"SearchAction\",\"target\":{\"@type\":\"EntryPoint\",\"urlTemplate\":\"https:\/\/www.edition-tawhid.com\/staging-site\/?s={search_term_string}\"},\"query-input\":{\"@type\":\"PropertyValueSpecification\",\"valueRequired\":true,\"valueName\":\"search_term_string\"}}],\"inLanguage\":\"fr-FR\"},{\"@type\":\"Organization\",\"@id\":\"https:\/\/www.edition-tawhid.com\/staging-site\/#organization\",\"name\":\"Editions Tawhid\",\"url\":\"https:\/\/www.edition-tawhid.com\/staging-site\/\",\"logo\":{\"@type\":\"ImageObject\",\"inLanguage\":\"fr-FR\",\"@id\":\"https:\/\/www.edition-tawhid.com\/staging-site\/#\/schema\/logo\/image\/\",\"url\":\"https:\/\/www.edition-tawhid.com\/staging-site\/wp-content\/uploads\/2018\/12\/logo_noir_v1-01.png\",\"contentUrl\":\"https:\/\/www.edition-tawhid.com\/staging-site\/wp-content\/uploads\/2018\/12\/logo_noir_v1-01.png\",\"width\":80,\"height\":112,\"caption\":\"Editions Tawhid\"},\"image\":{\"@id\":\"https:\/\/www.edition-tawhid.com\/staging-site\/#\/schema\/logo\/image\/\"},\"sameAs\":[\"https:\/\/www.facebook.com\/editiontawhid\/\"]}]}<\/script>\n<!-- \/ Yoast SEO plugin. -->","yoast_head_json":{"title":"Enseignements de l'Islam - \u00c9ditions Tawhid","robots":{"index":"noindex","follow":"follow","max-snippet":"max-snippet:-1","max-image-preview":"max-image-preview:large","max-video-preview":"max-video-preview:-1"},"og_locale":"fr_FR","og_type":"article","og_title":"Enseignements de l'Islam - \u00c9ditions Tawhid","og_description":"Cet ouvrage constitue la traduction en fran\u00e7ais de la principale oeuvre en urdu du Shaykh Al-Kandahl\u00e2w\u00ee.","og_url":"https:\/\/www.edition-tawhid.com\/staging-site\/produit\/enseignements-de-lislam\/","og_site_name":"\u00c9ditions Tawhid","article_publisher":"https:\/\/www.facebook.com\/editiontawhid\/","article_modified_time":"2023-01-05T12:10:33+00:00","og_image":[{"width":791,"height":1024,"url":"https:\/\/www.edition-tawhid.com\/staging-site\/wp-content\/uploads\/2011\/03\/kandahlawi_enseignements_1_NEW.jpg","type":"image\/jpeg"}],"twitter_card":"summary_large_image","twitter_misc":{"Dur\u00e9e de lecture estim\u00e9e":"2 minutes"},"schema":{"@context":"https:\/\/schema.org","@graph":[{"@type":"WebPage","@id":"https:\/\/www.edition-tawhid.com\/staging-site\/produit\/enseignements-de-lislam\/","url":"https:\/\/www.edition-tawhid.com\/staging-site\/produit\/enseignements-de-lislam\/","name":"Enseignements de l'Islam - \u00c9ditions Tawhid","isPartOf":{"@id":"https:\/\/www.edition-tawhid.com\/staging-site\/#website"},"primaryImageOfPage":{"@id":"https:\/\/www.edition-tawhid.com\/staging-site\/produit\/enseignements-de-lislam\/#primaryimage"},"image":{"@id":"https:\/\/www.edition-tawhid.com\/staging-site\/produit\/enseignements-de-lislam\/#primaryimage"},"thumbnailUrl":"https:\/\/www.edition-tawhid.com\/staging-site\/wp-content\/uploads\/2011\/03\/kandahlawi_enseignements_1_NEW.jpg","datePublished":"2011-03-19T23:52:50+00:00","dateModified":"2023-01-05T12:10:33+00:00","breadcrumb":{"@id":"https:\/\/www.edition-tawhid.com\/staging-site\/produit\/enseignements-de-lislam\/#breadcrumb"},"inLanguage":"fr-FR","potentialAction":[{"@type":"ReadAction","target":["https:\/\/www.edition-tawhid.com\/staging-site\/produit\/enseignements-de-lislam\/"]}]},{"@type":"ImageObject","inLanguage":"fr-FR","@id":"https:\/\/www.edition-tawhid.com\/staging-site\/produit\/enseignements-de-lislam\/#primaryimage","url":"https:\/\/www.edition-tawhid.com\/staging-site\/wp-content\/uploads\/2011\/03\/kandahlawi_enseignements_1_NEW.jpg","contentUrl":"https:\/\/www.edition-tawhid.com\/staging-site\/wp-content\/uploads\/2011\/03\/kandahlawi_enseignements_1_NEW.jpg","width":791,"height":1024},{"@type":"BreadcrumbList","@id":"https:\/\/www.edition-tawhid.com\/staging-site\/produit\/enseignements-de-lislam\/#breadcrumb","itemListElement":[{"@type":"ListItem","position":1,"name":"Accueil","item":"https:\/\/www.edition-tawhid.com\/staging-site\/"},{"@type":"ListItem","position":2,"name":"Tous nos livres","item":"https:\/\/www.edition-tawhid.com\/staging-site\/tous-nos-livres\/"},{"@type":"ListItem","position":3,"name":"Enseignements de l&#8217;Islam"}]},{"@type":"WebSite","@id":"https:\/\/www.edition-tawhid.com\/staging-site\/#website","url":"https:\/\/www.edition-tawhid.com\/staging-site\/","name":"\u00c9ditions Tawhid","description":"Le sp\u00e9cialiste du livre islamique francophone","publisher":{"@id":"https:\/\/www.edition-tawhid.com\/staging-site\/#organization"},"potentialAction":[{"@type":"SearchAction","target":{"@type":"EntryPoint","urlTemplate":"https:\/\/www.edition-tawhid.com\/staging-site\/?s={search_term_string}"},"query-input":{"@type":"PropertyValueSpecification","valueRequired":true,"valueName":"search_term_string"}}],"inLanguage":"fr-FR"},{"@type":"Organization","@id":"https:\/\/www.edition-tawhid.com\/staging-site\/#organization","name":"Editions Tawhid","url":"https:\/\/www.edition-tawhid.com\/staging-site\/","logo":{"@type":"ImageObject","inLanguage":"fr-FR","@id":"https:\/\/www.edition-tawhid.com\/staging-site\/#\/schema\/logo\/image\/","url":"https:\/\/www.edition-tawhid.com\/staging-site\/wp-content\/uploads\/2018\/12\/logo_noir_v1-01.png","contentUrl":"https:\/\/www.edition-tawhid.com\/staging-site\/wp-content\/uploads\/2018\/12\/logo_noir_v1-01.png","width":80,"height":112,"caption":"Editions Tawhid"},"image":{"@id":"https:\/\/www.edition-tawhid.com\/staging-site\/#\/schema\/logo\/image\/"},"sameAs":["https:\/\/www.facebook.com\/editiontawhid\/"]}]}},"_links":{"self":[{"href":"https:\/\/www.edition-tawhid.com\/staging-site\/wp-json\/wp\/v2\/product\/905","targetHints":{"allow":["GET"]}}],"collection":[{"href":"https:\/\/www.edition-tawhid.com\/staging-site\/wp-json\/wp\/v2\/product"}],"about":[{"href":"https:\/\/www.edition-tawhid.com\/staging-site\/wp-json\/wp\/v2\/types\/product"}],"replies":[{"embeddable":true,"href":"https:\/\/www.edition-tawhid.com\/staging-site\/wp-json\/wp\/v2\/comments?post=905"}],"wp:featuredmedia":[{"embeddable":true,"href":"https:\/\/www.edition-tawhid.com\/staging-site\/wp-json\/wp\/v2\/media\/12881"}],"wp:attachment":[{"href":"https:\/\/www.edition-tawhid.com\/staging-site\/wp-json\/wp\/v2\/media?parent=905"}],"wp:term":[{"taxonomy":"product_brand","embeddable":true,"href":"https:\/\/www.edition-tawhid.com\/staging-site\/wp-json\/wp\/v2\/product_brand?post=905"},{"taxonomy":"product_cat","embeddable":true,"href":"https:\/\/www.edition-tawhid.com\/staging-site\/wp-json\/wp\/v2\/product_cat?post=905"},{"taxonomy":"product_tag","embeddable":true,"href":"https:\/\/www.edition-tawhid.com\/staging-site\/wp-json\/wp\/v2\/product_tag?post=905"}],"curies":[{"name":"wp","href":"https:\/\/api.w.org\/{rel}","templated":true}]}}