{"id":9144,"date":"2020-08-23T15:18:54","date_gmt":"2020-08-23T13:18:54","guid":{"rendered":"https:\/\/www.edition-tawhid.com\/staging-site\/?post_type=product&#038;p=9144"},"modified":"2022-11-25T01:28:36","modified_gmt":"2022-11-25T00:28:36","slug":"gazer-mutiler-soumettre","status":"publish","type":"product","link":"https:\/\/www.edition-tawhid.com\/staging-site\/produit\/gazer-mutiler-soumettre\/","title":{"rendered":"Gazer, mutiler, soumettre"},"content":{"rendered":"<p>Nuages lacrymog\u00e8nes, grenades de d\u00e9sencerclement, LBD 40\u2026 Des ZADs aux campus, des quartiers populaires aux cort\u00e8ges syndicaux, manifester en France expose aujourd\u2019hui \u00e0 la violence des armes non l\u00e9tales. Les forces de l\u2019ordre d\u00e9gainent \u00e0 la moindre occasion et la liste des bless\u00e9s et mutil\u00e9s s\u2019allonge de mois en mois. Que signale cette escalade ?<\/p>\n<p>Face \u00e0 ce qu\u2019il per\u00e7oit comme une crise du maintien de l\u2019ordre, l\u2019\u00c9tat attise la brutalit\u00e9 de sa police en la dotant d\u2019un arsenal militaire toujours plus puissant et fourni \u2013 au grand bonheur des marchands d\u2019armes. D\u00e9montant la rh\u00e9torique humanitaire de ses d\u00e9fenseurs, Paul Rocher montre que le recours massif aux armes non l\u00e9tales est la marque d\u2019un \u00e9tatisme autoritaire de plus en plus intol\u00e9rant \u00e0 toute contestation dans une p\u00e9riode de recul social majeur. Con\u00e7ues comme des armes \u00ab d\u00e9fensives \u00bb, elles forment dans la pratique l\u2019artillerie de l\u2019offensive n\u00e9olib\u00e9rale en cours, rappelant, \u00e0 quiconque entreprend d\u2019y r\u00e9sister, la n\u00e9cessit\u00e9 de l\u2019autod\u00e9fense populaire.<\/p>\n<h6>Livraison sous 8 \u00e0 10 jours.<\/h6>\n","protected":false},"excerpt":{"rendered":"<p>Nuages lacrymog\u00e8nes, grenades de d\u00e9sencerclement, LBD 40\u2026 Des ZADs aux campus, des quartiers populaires aux cort\u00e8ges syndicaux, manifester en France expose aujourd\u2019hui \u00e0 la violence des armes non l\u00e9tales. Les forces de l\u2019ordre d\u00e9gainent \u00e0 la moindre occasion et la liste des bless\u00e9s et mutil\u00e9s s\u2019allonge de mois en mois. Que signale cette escalade ?<\/p>\n<h6>Livraison sous 8 \u00e0 10 jours.<\/h6>\n","protected":false},"featured_media":12845,"comment_status":"open","ping_status":"closed","template":"","meta":{"_acf_changed":false},"product_brand":[],"product_cat":[2890],"product_tag":[],"class_list":{"0":"post-9144","1":"product","2":"type-product","3":"status-publish","4":"has-post-thumbnail","6":"product_cat-actualites-et-alternatives","7":"pa_book-author-paul-rocher","9":"first","10":"instock","11":"taxable","12":"shipping-taxable","13":"purchasable","14":"product-type-simple"},"acf":[],"yoast_head":"<!-- This site is optimized with the Yoast SEO plugin v27.1.1 - https:\/\/yoast.com\/product\/yoast-seo-wordpress\/ -->\n<title>Gazer, mutiler, soumettre - \u00c9ditions Tawhid<\/title>\n<meta name=\"robots\" content=\"noindex, follow, max-snippet:-1, max-image-preview:large, max-video-preview:-1\" \/>\n<meta property=\"og:locale\" content=\"fr_FR\" \/>\n<meta property=\"og:type\" content=\"article\" \/>\n<meta property=\"og:title\" content=\"Gazer, mutiler, soumettre - \u00c9ditions Tawhid\" \/>\n<meta property=\"og:description\" content=\"Nuages lacrymog\u00e8nes, grenades de d\u00e9sencerclement, LBD 40\u2026 Des ZADs aux campus, des quartiers populaires aux cort\u00e8ges syndicaux, manifester en France expose aujourd\u2019hui \u00e0 la violence des armes non l\u00e9tales. Les forces de l\u2019ordre d\u00e9gainent \u00e0 la moindre occasion et la liste des bless\u00e9s et mutil\u00e9s s\u2019allonge de mois en mois. Que signale cette escalade ? Livraison sous 8 \u00e0 10 jours.\" \/>\n<meta property=\"og:url\" content=\"https:\/\/www.edition-tawhid.com\/staging-site\/produit\/gazer-mutiler-soumettre\/\" \/>\n<meta property=\"og:site_name\" content=\"\u00c9ditions Tawhid\" \/>\n<meta property=\"article:publisher\" content=\"https:\/\/www.facebook.com\/editiontawhid\/\" \/>\n<meta property=\"article:modified_time\" content=\"2022-11-25T00:28:36+00:00\" \/>\n<meta property=\"og:image\" content=\"https:\/\/www.edition-tawhid.com\/staging-site\/wp-content\/uploads\/2020\/08\/rocher_gazer_1_NEW.jpg\" \/>\n\t<meta property=\"og:image:width\" content=\"791\" \/>\n\t<meta property=\"og:image:height\" content=\"1024\" \/>\n\t<meta property=\"og:image:type\" content=\"image\/jpeg\" \/>\n<meta name=\"twitter:card\" content=\"summary_large_image\" \/>\n<meta name=\"twitter:label1\" content=\"Dur\u00e9e de lecture estim\u00e9e\" \/>\n\t<meta name=\"twitter:data1\" content=\"1 minute\" \/>\n<script type=\"application\/ld+json\" class=\"yoast-schema-graph\">{\"@context\":\"https:\/\/schema.org\",\"@graph\":[{\"@type\":\"WebPage\",\"@id\":\"https:\/\/www.edition-tawhid.com\/staging-site\/produit\/gazer-mutiler-soumettre\/\",\"url\":\"https:\/\/www.edition-tawhid.com\/staging-site\/produit\/gazer-mutiler-soumettre\/\",\"name\":\"Gazer, mutiler, soumettre - \u00c9ditions Tawhid\",\"isPartOf\":{\"@id\":\"https:\/\/www.edition-tawhid.com\/staging-site\/#website\"},\"primaryImageOfPage\":{\"@id\":\"https:\/\/www.edition-tawhid.com\/staging-site\/produit\/gazer-mutiler-soumettre\/#primaryimage\"},\"image\":{\"@id\":\"https:\/\/www.edition-tawhid.com\/staging-site\/produit\/gazer-mutiler-soumettre\/#primaryimage\"},\"thumbnailUrl\":\"https:\/\/www.edition-tawhid.com\/staging-site\/wp-content\/uploads\/2020\/08\/rocher_gazer_1_NEW.jpg\",\"datePublished\":\"2020-08-23T13:18:54+00:00\",\"dateModified\":\"2022-11-25T00:28:36+00:00\",\"breadcrumb\":{\"@id\":\"https:\/\/www.edition-tawhid.com\/staging-site\/produit\/gazer-mutiler-soumettre\/#breadcrumb\"},\"inLanguage\":\"fr-FR\",\"potentialAction\":[{\"@type\":\"ReadAction\",\"target\":[\"https:\/\/www.edition-tawhid.com\/staging-site\/produit\/gazer-mutiler-soumettre\/\"]}]},{\"@type\":\"ImageObject\",\"inLanguage\":\"fr-FR\",\"@id\":\"https:\/\/www.edition-tawhid.com\/staging-site\/produit\/gazer-mutiler-soumettre\/#primaryimage\",\"url\":\"https:\/\/www.edition-tawhid.com\/staging-site\/wp-content\/uploads\/2020\/08\/rocher_gazer_1_NEW.jpg\",\"contentUrl\":\"https:\/\/www.edition-tawhid.com\/staging-site\/wp-content\/uploads\/2020\/08\/rocher_gazer_1_NEW.jpg\",\"width\":791,\"height\":1024},{\"@type\":\"BreadcrumbList\",\"@id\":\"https:\/\/www.edition-tawhid.com\/staging-site\/produit\/gazer-mutiler-soumettre\/#breadcrumb\",\"itemListElement\":[{\"@type\":\"ListItem\",\"position\":1,\"name\":\"Accueil\",\"item\":\"https:\/\/www.edition-tawhid.com\/staging-site\/\"},{\"@type\":\"ListItem\",\"position\":2,\"name\":\"Tous nos livres\",\"item\":\"https:\/\/www.edition-tawhid.com\/staging-site\/tous-nos-livres\/\"},{\"@type\":\"ListItem\",\"position\":3,\"name\":\"Gazer, mutiler, soumettre\"}]},{\"@type\":\"WebSite\",\"@id\":\"https:\/\/www.edition-tawhid.com\/staging-site\/#website\",\"url\":\"https:\/\/www.edition-tawhid.com\/staging-site\/\",\"name\":\"\u00c9ditions Tawhid\",\"description\":\"Le sp\u00e9cialiste du livre islamique francophone\",\"publisher\":{\"@id\":\"https:\/\/www.edition-tawhid.com\/staging-site\/#organization\"},\"potentialAction\":[{\"@type\":\"SearchAction\",\"target\":{\"@type\":\"EntryPoint\",\"urlTemplate\":\"https:\/\/www.edition-tawhid.com\/staging-site\/?s={search_term_string}\"},\"query-input\":{\"@type\":\"PropertyValueSpecification\",\"valueRequired\":true,\"valueName\":\"search_term_string\"}}],\"inLanguage\":\"fr-FR\"},{\"@type\":\"Organization\",\"@id\":\"https:\/\/www.edition-tawhid.com\/staging-site\/#organization\",\"name\":\"Editions Tawhid\",\"url\":\"https:\/\/www.edition-tawhid.com\/staging-site\/\",\"logo\":{\"@type\":\"ImageObject\",\"inLanguage\":\"fr-FR\",\"@id\":\"https:\/\/www.edition-tawhid.com\/staging-site\/#\/schema\/logo\/image\/\",\"url\":\"https:\/\/www.edition-tawhid.com\/staging-site\/wp-content\/uploads\/2018\/12\/logo_noir_v1-01.png\",\"contentUrl\":\"https:\/\/www.edition-tawhid.com\/staging-site\/wp-content\/uploads\/2018\/12\/logo_noir_v1-01.png\",\"width\":80,\"height\":112,\"caption\":\"Editions Tawhid\"},\"image\":{\"@id\":\"https:\/\/www.edition-tawhid.com\/staging-site\/#\/schema\/logo\/image\/\"},\"sameAs\":[\"https:\/\/www.facebook.com\/editiontawhid\/\"]}]}<\/script>\n<!-- \/ Yoast SEO plugin. -->","yoast_head_json":{"title":"Gazer, mutiler, soumettre - \u00c9ditions Tawhid","robots":{"index":"noindex","follow":"follow","max-snippet":"max-snippet:-1","max-image-preview":"max-image-preview:large","max-video-preview":"max-video-preview:-1"},"og_locale":"fr_FR","og_type":"article","og_title":"Gazer, mutiler, soumettre - \u00c9ditions Tawhid","og_description":"Nuages lacrymog\u00e8nes, grenades de d\u00e9sencerclement, LBD 40\u2026 Des ZADs aux campus, des quartiers populaires aux cort\u00e8ges syndicaux, manifester en France expose aujourd\u2019hui \u00e0 la violence des armes non l\u00e9tales. Les forces de l\u2019ordre d\u00e9gainent \u00e0 la moindre occasion et la liste des bless\u00e9s et mutil\u00e9s s\u2019allonge de mois en mois. Que signale cette escalade ? Livraison sous 8 \u00e0 10 jours.","og_url":"https:\/\/www.edition-tawhid.com\/staging-site\/produit\/gazer-mutiler-soumettre\/","og_site_name":"\u00c9ditions Tawhid","article_publisher":"https:\/\/www.facebook.com\/editiontawhid\/","article_modified_time":"2022-11-25T00:28:36+00:00","og_image":[{"width":791,"height":1024,"url":"https:\/\/www.edition-tawhid.com\/staging-site\/wp-content\/uploads\/2020\/08\/rocher_gazer_1_NEW.jpg","type":"image\/jpeg"}],"twitter_card":"summary_large_image","twitter_misc":{"Dur\u00e9e de lecture estim\u00e9e":"1 minute"},"schema":{"@context":"https:\/\/schema.org","@graph":[{"@type":"WebPage","@id":"https:\/\/www.edition-tawhid.com\/staging-site\/produit\/gazer-mutiler-soumettre\/","url":"https:\/\/www.edition-tawhid.com\/staging-site\/produit\/gazer-mutiler-soumettre\/","name":"Gazer, mutiler, soumettre - \u00c9ditions Tawhid","isPartOf":{"@id":"https:\/\/www.edition-tawhid.com\/staging-site\/#website"},"primaryImageOfPage":{"@id":"https:\/\/www.edition-tawhid.com\/staging-site\/produit\/gazer-mutiler-soumettre\/#primaryimage"},"image":{"@id":"https:\/\/www.edition-tawhid.com\/staging-site\/produit\/gazer-mutiler-soumettre\/#primaryimage"},"thumbnailUrl":"https:\/\/www.edition-tawhid.com\/staging-site\/wp-content\/uploads\/2020\/08\/rocher_gazer_1_NEW.jpg","datePublished":"2020-08-23T13:18:54+00:00","dateModified":"2022-11-25T00:28:36+00:00","breadcrumb":{"@id":"https:\/\/www.edition-tawhid.com\/staging-site\/produit\/gazer-mutiler-soumettre\/#breadcrumb"},"inLanguage":"fr-FR","potentialAction":[{"@type":"ReadAction","target":["https:\/\/www.edition-tawhid.com\/staging-site\/produit\/gazer-mutiler-soumettre\/"]}]},{"@type":"ImageObject","inLanguage":"fr-FR","@id":"https:\/\/www.edition-tawhid.com\/staging-site\/produit\/gazer-mutiler-soumettre\/#primaryimage","url":"https:\/\/www.edition-tawhid.com\/staging-site\/wp-content\/uploads\/2020\/08\/rocher_gazer_1_NEW.jpg","contentUrl":"https:\/\/www.edition-tawhid.com\/staging-site\/wp-content\/uploads\/2020\/08\/rocher_gazer_1_NEW.jpg","width":791,"height":1024},{"@type":"BreadcrumbList","@id":"https:\/\/www.edition-tawhid.com\/staging-site\/produit\/gazer-mutiler-soumettre\/#breadcrumb","itemListElement":[{"@type":"ListItem","position":1,"name":"Accueil","item":"https:\/\/www.edition-tawhid.com\/staging-site\/"},{"@type":"ListItem","position":2,"name":"Tous nos livres","item":"https:\/\/www.edition-tawhid.com\/staging-site\/tous-nos-livres\/"},{"@type":"ListItem","position":3,"name":"Gazer, mutiler, soumettre"}]},{"@type":"WebSite","@id":"https:\/\/www.edition-tawhid.com\/staging-site\/#website","url":"https:\/\/www.edition-tawhid.com\/staging-site\/","name":"\u00c9ditions Tawhid","description":"Le sp\u00e9cialiste du livre islamique francophone","publisher":{"@id":"https:\/\/www.edition-tawhid.com\/staging-site\/#organization"},"potentialAction":[{"@type":"SearchAction","target":{"@type":"EntryPoint","urlTemplate":"https:\/\/www.edition-tawhid.com\/staging-site\/?s={search_term_string}"},"query-input":{"@type":"PropertyValueSpecification","valueRequired":true,"valueName":"search_term_string"}}],"inLanguage":"fr-FR"},{"@type":"Organization","@id":"https:\/\/www.edition-tawhid.com\/staging-site\/#organization","name":"Editions Tawhid","url":"https:\/\/www.edition-tawhid.com\/staging-site\/","logo":{"@type":"ImageObject","inLanguage":"fr-FR","@id":"https:\/\/www.edition-tawhid.com\/staging-site\/#\/schema\/logo\/image\/","url":"https:\/\/www.edition-tawhid.com\/staging-site\/wp-content\/uploads\/2018\/12\/logo_noir_v1-01.png","contentUrl":"https:\/\/www.edition-tawhid.com\/staging-site\/wp-content\/uploads\/2018\/12\/logo_noir_v1-01.png","width":80,"height":112,"caption":"Editions Tawhid"},"image":{"@id":"https:\/\/www.edition-tawhid.com\/staging-site\/#\/schema\/logo\/image\/"},"sameAs":["https:\/\/www.facebook.com\/editiontawhid\/"]}]}},"_links":{"self":[{"href":"https:\/\/www.edition-tawhid.com\/staging-site\/wp-json\/wp\/v2\/product\/9144","targetHints":{"allow":["GET"]}}],"collection":[{"href":"https:\/\/www.edition-tawhid.com\/staging-site\/wp-json\/wp\/v2\/product"}],"about":[{"href":"https:\/\/www.edition-tawhid.com\/staging-site\/wp-json\/wp\/v2\/types\/product"}],"replies":[{"embeddable":true,"href":"https:\/\/www.edition-tawhid.com\/staging-site\/wp-json\/wp\/v2\/comments?post=9144"}],"wp:featuredmedia":[{"embeddable":true,"href":"https:\/\/www.edition-tawhid.com\/staging-site\/wp-json\/wp\/v2\/media\/12845"}],"wp:attachment":[{"href":"https:\/\/www.edition-tawhid.com\/staging-site\/wp-json\/wp\/v2\/media?parent=9144"}],"wp:term":[{"taxonomy":"product_brand","embeddable":true,"href":"https:\/\/www.edition-tawhid.com\/staging-site\/wp-json\/wp\/v2\/product_brand?post=9144"},{"taxonomy":"product_cat","embeddable":true,"href":"https:\/\/www.edition-tawhid.com\/staging-site\/wp-json\/wp\/v2\/product_cat?post=9144"},{"taxonomy":"product_tag","embeddable":true,"href":"https:\/\/www.edition-tawhid.com\/staging-site\/wp-json\/wp\/v2\/product_tag?post=9144"}],"curies":[{"name":"wp","href":"https:\/\/api.w.org\/{rel}","templated":true}]}}