{"id":9147,"date":"2020-08-23T15:53:55","date_gmt":"2020-08-23T13:53:55","guid":{"rendered":"https:\/\/www.edition-tawhid.com\/staging-site\/?post_type=product&#038;p=9147"},"modified":"2021-09-22T01:10:11","modified_gmt":"2021-09-21T23:10:11","slug":"la-bio-entre-business-et-projet-de-societe","status":"publish","type":"product","link":"https:\/\/www.edition-tawhid.com\/staging-site\/produit\/la-bio-entre-business-et-projet-de-societe\/","title":{"rendered":"La Bio entre business et projet de soci\u00e9t\u00e9"},"content":{"rendered":"<p>\u00ab La grande distribution propose des produits bio import\u00e9s de l\u2019autre bout du monde, \u00e0 l\u2019empreinte \u00e9cologique catastrophique, cultiv\u00e9s par des ouvriers sous-pay\u00e9s et revendus entre cinq et dix fois leurs prix d\u2019achat. Pendant ce temps, des paysans vendent leurs produits bio, avec une r\u00e9flexion sur un prix juste, sur des march\u00e9s de plein vent ou au sein d\u2019Amap.<br \/>\nPlut\u00f4t qu\u2019une d\u00e9marche indissociablement \u00e9cologique, sociale et politique, peut-on r\u00e9duire la bio \u00e0 une distribution d\u2019aliments sans pesticides pour consommateurs inquiets de leur sant\u00e9 ? La bio peut-elle se mettre au service du \u201cbien-\u00eatre\u201d d\u2019une partie de la population sans \u00e9branler les fondements de la soci\u00e9t\u00e9 de consommation ? \u00bb<\/p>\n<p>Ce livre collectif est l\u2019aboutissement du travail de journalistes, sociologues, agronomes et paysans. Certains ont men\u00e9 des enqu\u00eates de terrain en Am\u00e9rique, en Afrique, au Proche-Orient et en Europe ; d\u2019autres se sont inspir\u00e9s de leurs pratiques. L\u2019ensemble constitue une critique du \u00ab bio-business \u00bb mais montre surtout comment des paysans mettent en pratique les principes fondamentaux de l\u2019agriculture bio et proposent des alternatives \u00e0 un mod\u00e8le de soci\u00e9t\u00e9 destructeur.<\/p>\n<h6>Livraison sous 8 \u00e0 10 jours.<\/h6>\n","protected":false},"excerpt":{"rendered":"<p>Plut\u00f4t qu\u2019une d\u00e9marche indissociablement \u00e9cologique, sociale et politique, peut-on r\u00e9duire la bio \u00e0 une distribution d\u2019aliments sans pesticides pour consommateurs inquiets de leur sant\u00e9 ? La bio peut-elle se mettre au service du \u201cbien-\u00eatre\u201d d\u2019une partie de la population sans \u00e9branler les fondements de la soci\u00e9t\u00e9 de consommation ? \u00bb<\/p>\n<h6>Livraison sous 8 \u00e0 10 jours.<\/h6>\n","protected":false},"featured_media":12876,"comment_status":"open","ping_status":"closed","template":"","meta":{"_acf_changed":false},"product_brand":[],"product_cat":[2890],"product_tag":[],"class_list":{"0":"post-9147","1":"product","2":"type-product","3":"status-publish","4":"has-post-thumbnail","6":"product_cat-actualites-et-alternatives","7":"pa_book-author-philippe-baque","9":"first","10":"instock","11":"taxable","12":"shipping-taxable","13":"purchasable","14":"product-type-simple"},"acf":[],"yoast_head":"<!-- This site is optimized with the Yoast SEO plugin v27.1.1 - https:\/\/yoast.com\/product\/yoast-seo-wordpress\/ -->\n<title>La Bio entre business et projet de soci\u00e9t\u00e9 - \u00c9ditions Tawhid<\/title>\n<meta name=\"robots\" content=\"noindex, follow, max-snippet:-1, max-image-preview:large, max-video-preview:-1\" \/>\n<meta property=\"og:locale\" content=\"fr_FR\" \/>\n<meta property=\"og:type\" content=\"article\" \/>\n<meta property=\"og:title\" content=\"La Bio entre business et projet de soci\u00e9t\u00e9 - \u00c9ditions Tawhid\" \/>\n<meta property=\"og:description\" content=\"Plut\u00f4t qu\u2019une d\u00e9marche indissociablement \u00e9cologique, sociale et politique, peut-on r\u00e9duire la bio \u00e0 une distribution d\u2019aliments sans pesticides pour consommateurs inquiets de leur sant\u00e9 ? La bio peut-elle se mettre au service du \u201cbien-\u00eatre\u201d d\u2019une partie de la population sans \u00e9branler les fondements de la soci\u00e9t\u00e9 de consommation ? \u00bb Livraison sous 8 \u00e0 10 jours.\" \/>\n<meta property=\"og:url\" content=\"https:\/\/www.edition-tawhid.com\/staging-site\/produit\/la-bio-entre-business-et-projet-de-societe\/\" \/>\n<meta property=\"og:site_name\" content=\"\u00c9ditions Tawhid\" \/>\n<meta property=\"article:publisher\" content=\"https:\/\/www.facebook.com\/editiontawhid\/\" \/>\n<meta property=\"article:modified_time\" content=\"2021-09-21T23:10:11+00:00\" \/>\n<meta property=\"og:image\" content=\"https:\/\/www.edition-tawhid.com\/staging-site\/wp-content\/uploads\/2020\/08\/baque\u0301_labio_1_NEW.jpg\" \/>\n\t<meta property=\"og:image:width\" content=\"791\" \/>\n\t<meta property=\"og:image:height\" content=\"1024\" \/>\n\t<meta property=\"og:image:type\" content=\"image\/jpeg\" \/>\n<meta name=\"twitter:card\" content=\"summary_large_image\" \/>\n<meta name=\"twitter:label1\" content=\"Dur\u00e9e de lecture estim\u00e9e\" \/>\n\t<meta name=\"twitter:data1\" content=\"1 minute\" \/>\n<script type=\"application\/ld+json\" class=\"yoast-schema-graph\">{\"@context\":\"https:\/\/schema.org\",\"@graph\":[{\"@type\":\"WebPage\",\"@id\":\"https:\/\/www.edition-tawhid.com\/staging-site\/produit\/la-bio-entre-business-et-projet-de-societe\/\",\"url\":\"https:\/\/www.edition-tawhid.com\/staging-site\/produit\/la-bio-entre-business-et-projet-de-societe\/\",\"name\":\"La Bio entre business et projet de soci\u00e9t\u00e9 - \u00c9ditions Tawhid\",\"isPartOf\":{\"@id\":\"https:\/\/www.edition-tawhid.com\/staging-site\/#website\"},\"primaryImageOfPage\":{\"@id\":\"https:\/\/www.edition-tawhid.com\/staging-site\/produit\/la-bio-entre-business-et-projet-de-societe\/#primaryimage\"},\"image\":{\"@id\":\"https:\/\/www.edition-tawhid.com\/staging-site\/produit\/la-bio-entre-business-et-projet-de-societe\/#primaryimage\"},\"thumbnailUrl\":\"https:\/\/www.edition-tawhid.com\/staging-site\/wp-content\/uploads\/2020\/08\/baque\u0301_labio_1_NEW.jpg\",\"datePublished\":\"2020-08-23T13:53:55+00:00\",\"dateModified\":\"2021-09-21T23:10:11+00:00\",\"breadcrumb\":{\"@id\":\"https:\/\/www.edition-tawhid.com\/staging-site\/produit\/la-bio-entre-business-et-projet-de-societe\/#breadcrumb\"},\"inLanguage\":\"fr-FR\",\"potentialAction\":[{\"@type\":\"ReadAction\",\"target\":[\"https:\/\/www.edition-tawhid.com\/staging-site\/produit\/la-bio-entre-business-et-projet-de-societe\/\"]}]},{\"@type\":\"ImageObject\",\"inLanguage\":\"fr-FR\",\"@id\":\"https:\/\/www.edition-tawhid.com\/staging-site\/produit\/la-bio-entre-business-et-projet-de-societe\/#primaryimage\",\"url\":\"https:\/\/www.edition-tawhid.com\/staging-site\/wp-content\/uploads\/2020\/08\/baque\u0301_labio_1_NEW.jpg\",\"contentUrl\":\"https:\/\/www.edition-tawhid.com\/staging-site\/wp-content\/uploads\/2020\/08\/baque\u0301_labio_1_NEW.jpg\",\"width\":791,\"height\":1024},{\"@type\":\"BreadcrumbList\",\"@id\":\"https:\/\/www.edition-tawhid.com\/staging-site\/produit\/la-bio-entre-business-et-projet-de-societe\/#breadcrumb\",\"itemListElement\":[{\"@type\":\"ListItem\",\"position\":1,\"name\":\"Accueil\",\"item\":\"https:\/\/www.edition-tawhid.com\/staging-site\/\"},{\"@type\":\"ListItem\",\"position\":2,\"name\":\"Tous nos livres\",\"item\":\"https:\/\/www.edition-tawhid.com\/staging-site\/tous-nos-livres\/\"},{\"@type\":\"ListItem\",\"position\":3,\"name\":\"La Bio entre business et projet de soci\u00e9t\u00e9\"}]},{\"@type\":\"WebSite\",\"@id\":\"https:\/\/www.edition-tawhid.com\/staging-site\/#website\",\"url\":\"https:\/\/www.edition-tawhid.com\/staging-site\/\",\"name\":\"\u00c9ditions Tawhid\",\"description\":\"Le sp\u00e9cialiste du livre islamique francophone\",\"publisher\":{\"@id\":\"https:\/\/www.edition-tawhid.com\/staging-site\/#organization\"},\"potentialAction\":[{\"@type\":\"SearchAction\",\"target\":{\"@type\":\"EntryPoint\",\"urlTemplate\":\"https:\/\/www.edition-tawhid.com\/staging-site\/?s={search_term_string}\"},\"query-input\":{\"@type\":\"PropertyValueSpecification\",\"valueRequired\":true,\"valueName\":\"search_term_string\"}}],\"inLanguage\":\"fr-FR\"},{\"@type\":\"Organization\",\"@id\":\"https:\/\/www.edition-tawhid.com\/staging-site\/#organization\",\"name\":\"Editions Tawhid\",\"url\":\"https:\/\/www.edition-tawhid.com\/staging-site\/\",\"logo\":{\"@type\":\"ImageObject\",\"inLanguage\":\"fr-FR\",\"@id\":\"https:\/\/www.edition-tawhid.com\/staging-site\/#\/schema\/logo\/image\/\",\"url\":\"https:\/\/www.edition-tawhid.com\/staging-site\/wp-content\/uploads\/2018\/12\/logo_noir_v1-01.png\",\"contentUrl\":\"https:\/\/www.edition-tawhid.com\/staging-site\/wp-content\/uploads\/2018\/12\/logo_noir_v1-01.png\",\"width\":80,\"height\":112,\"caption\":\"Editions Tawhid\"},\"image\":{\"@id\":\"https:\/\/www.edition-tawhid.com\/staging-site\/#\/schema\/logo\/image\/\"},\"sameAs\":[\"https:\/\/www.facebook.com\/editiontawhid\/\"]}]}<\/script>\n<!-- \/ Yoast SEO plugin. -->","yoast_head_json":{"title":"La Bio entre business et projet de soci\u00e9t\u00e9 - \u00c9ditions Tawhid","robots":{"index":"noindex","follow":"follow","max-snippet":"max-snippet:-1","max-image-preview":"max-image-preview:large","max-video-preview":"max-video-preview:-1"},"og_locale":"fr_FR","og_type":"article","og_title":"La Bio entre business et projet de soci\u00e9t\u00e9 - \u00c9ditions Tawhid","og_description":"Plut\u00f4t qu\u2019une d\u00e9marche indissociablement \u00e9cologique, sociale et politique, peut-on r\u00e9duire la bio \u00e0 une distribution d\u2019aliments sans pesticides pour consommateurs inquiets de leur sant\u00e9 ? La bio peut-elle se mettre au service du \u201cbien-\u00eatre\u201d d\u2019une partie de la population sans \u00e9branler les fondements de la soci\u00e9t\u00e9 de consommation ? \u00bb Livraison sous 8 \u00e0 10 jours.","og_url":"https:\/\/www.edition-tawhid.com\/staging-site\/produit\/la-bio-entre-business-et-projet-de-societe\/","og_site_name":"\u00c9ditions Tawhid","article_publisher":"https:\/\/www.facebook.com\/editiontawhid\/","article_modified_time":"2021-09-21T23:10:11+00:00","og_image":[{"width":791,"height":1024,"url":"https:\/\/www.edition-tawhid.com\/staging-site\/wp-content\/uploads\/2020\/08\/baque\u0301_labio_1_NEW.jpg","type":"image\/jpeg"}],"twitter_card":"summary_large_image","twitter_misc":{"Dur\u00e9e de lecture estim\u00e9e":"1 minute"},"schema":{"@context":"https:\/\/schema.org","@graph":[{"@type":"WebPage","@id":"https:\/\/www.edition-tawhid.com\/staging-site\/produit\/la-bio-entre-business-et-projet-de-societe\/","url":"https:\/\/www.edition-tawhid.com\/staging-site\/produit\/la-bio-entre-business-et-projet-de-societe\/","name":"La Bio entre business et projet de soci\u00e9t\u00e9 - \u00c9ditions Tawhid","isPartOf":{"@id":"https:\/\/www.edition-tawhid.com\/staging-site\/#website"},"primaryImageOfPage":{"@id":"https:\/\/www.edition-tawhid.com\/staging-site\/produit\/la-bio-entre-business-et-projet-de-societe\/#primaryimage"},"image":{"@id":"https:\/\/www.edition-tawhid.com\/staging-site\/produit\/la-bio-entre-business-et-projet-de-societe\/#primaryimage"},"thumbnailUrl":"https:\/\/www.edition-tawhid.com\/staging-site\/wp-content\/uploads\/2020\/08\/baque\u0301_labio_1_NEW.jpg","datePublished":"2020-08-23T13:53:55+00:00","dateModified":"2021-09-21T23:10:11+00:00","breadcrumb":{"@id":"https:\/\/www.edition-tawhid.com\/staging-site\/produit\/la-bio-entre-business-et-projet-de-societe\/#breadcrumb"},"inLanguage":"fr-FR","potentialAction":[{"@type":"ReadAction","target":["https:\/\/www.edition-tawhid.com\/staging-site\/produit\/la-bio-entre-business-et-projet-de-societe\/"]}]},{"@type":"ImageObject","inLanguage":"fr-FR","@id":"https:\/\/www.edition-tawhid.com\/staging-site\/produit\/la-bio-entre-business-et-projet-de-societe\/#primaryimage","url":"https:\/\/www.edition-tawhid.com\/staging-site\/wp-content\/uploads\/2020\/08\/baque\u0301_labio_1_NEW.jpg","contentUrl":"https:\/\/www.edition-tawhid.com\/staging-site\/wp-content\/uploads\/2020\/08\/baque\u0301_labio_1_NEW.jpg","width":791,"height":1024},{"@type":"BreadcrumbList","@id":"https:\/\/www.edition-tawhid.com\/staging-site\/produit\/la-bio-entre-business-et-projet-de-societe\/#breadcrumb","itemListElement":[{"@type":"ListItem","position":1,"name":"Accueil","item":"https:\/\/www.edition-tawhid.com\/staging-site\/"},{"@type":"ListItem","position":2,"name":"Tous nos livres","item":"https:\/\/www.edition-tawhid.com\/staging-site\/tous-nos-livres\/"},{"@type":"ListItem","position":3,"name":"La Bio entre business et projet de soci\u00e9t\u00e9"}]},{"@type":"WebSite","@id":"https:\/\/www.edition-tawhid.com\/staging-site\/#website","url":"https:\/\/www.edition-tawhid.com\/staging-site\/","name":"\u00c9ditions Tawhid","description":"Le sp\u00e9cialiste du livre islamique francophone","publisher":{"@id":"https:\/\/www.edition-tawhid.com\/staging-site\/#organization"},"potentialAction":[{"@type":"SearchAction","target":{"@type":"EntryPoint","urlTemplate":"https:\/\/www.edition-tawhid.com\/staging-site\/?s={search_term_string}"},"query-input":{"@type":"PropertyValueSpecification","valueRequired":true,"valueName":"search_term_string"}}],"inLanguage":"fr-FR"},{"@type":"Organization","@id":"https:\/\/www.edition-tawhid.com\/staging-site\/#organization","name":"Editions Tawhid","url":"https:\/\/www.edition-tawhid.com\/staging-site\/","logo":{"@type":"ImageObject","inLanguage":"fr-FR","@id":"https:\/\/www.edition-tawhid.com\/staging-site\/#\/schema\/logo\/image\/","url":"https:\/\/www.edition-tawhid.com\/staging-site\/wp-content\/uploads\/2018\/12\/logo_noir_v1-01.png","contentUrl":"https:\/\/www.edition-tawhid.com\/staging-site\/wp-content\/uploads\/2018\/12\/logo_noir_v1-01.png","width":80,"height":112,"caption":"Editions Tawhid"},"image":{"@id":"https:\/\/www.edition-tawhid.com\/staging-site\/#\/schema\/logo\/image\/"},"sameAs":["https:\/\/www.facebook.com\/editiontawhid\/"]}]}},"_links":{"self":[{"href":"https:\/\/www.edition-tawhid.com\/staging-site\/wp-json\/wp\/v2\/product\/9147","targetHints":{"allow":["GET"]}}],"collection":[{"href":"https:\/\/www.edition-tawhid.com\/staging-site\/wp-json\/wp\/v2\/product"}],"about":[{"href":"https:\/\/www.edition-tawhid.com\/staging-site\/wp-json\/wp\/v2\/types\/product"}],"replies":[{"embeddable":true,"href":"https:\/\/www.edition-tawhid.com\/staging-site\/wp-json\/wp\/v2\/comments?post=9147"}],"wp:featuredmedia":[{"embeddable":true,"href":"https:\/\/www.edition-tawhid.com\/staging-site\/wp-json\/wp\/v2\/media\/12876"}],"wp:attachment":[{"href":"https:\/\/www.edition-tawhid.com\/staging-site\/wp-json\/wp\/v2\/media?parent=9147"}],"wp:term":[{"taxonomy":"product_brand","embeddable":true,"href":"https:\/\/www.edition-tawhid.com\/staging-site\/wp-json\/wp\/v2\/product_brand?post=9147"},{"taxonomy":"product_cat","embeddable":true,"href":"https:\/\/www.edition-tawhid.com\/staging-site\/wp-json\/wp\/v2\/product_cat?post=9147"},{"taxonomy":"product_tag","embeddable":true,"href":"https:\/\/www.edition-tawhid.com\/staging-site\/wp-json\/wp\/v2\/product_tag?post=9147"}],"curies":[{"name":"wp","href":"https:\/\/api.w.org\/{rel}","templated":true}]}}