{"id":9160,"date":"2020-08-24T16:27:47","date_gmt":"2020-08-24T14:27:47","guid":{"rendered":"https:\/\/www.edition-tawhid.com\/staging-site\/?post_type=product&#038;p=9160"},"modified":"2022-12-29T19:48:07","modified_gmt":"2022-12-29T18:48:07","slug":"ivan-illich-oeuvres-completes","status":"publish","type":"product","link":"https:\/\/www.edition-tawhid.com\/staging-site\/produit\/ivan-illich-oeuvres-completes\/","title":{"rendered":"Ivan Illich<br \/>\u0152uvres compl\u00e8tes<br \/>(2 tomes)"},"content":{"rendered":"<h6>Description du volume 1 :<\/h6>\n<p>\u00ab Ivan Illich a \u00e9t\u00e9 \u00e0 l\u2019origine de d\u00e9bats c\u00e9l\u00e8bres dont le th\u00e8me \u00e9tait la contre-productivit\u00e9 des institutions modernes : au-del\u00e0 de certains seuils, les institutions productrices de services, comme les \u00e9coles, les autoroutes et les h\u00f4pitaux, \u00e9loignent leurs clients des fins pour lesquelles elles ont \u00e9t\u00e9 con\u00e7ues.<br \/>\nIvan Illich fut le plus lucide des critiques de la soci\u00e9t\u00e9 industrielle. Il voulut en \u00e9crire l\u2019\u00e9pilogue et il le fit. Jadis fameuses en France, les \u00abth\u00e8ses d\u2019Illich\u00bb ont peut-\u00eatre \u00e9t\u00e9 oubli\u00e9es, mais jamais elles n\u2019ont \u00e9t\u00e9 infirm\u00e9es. Apr\u00e8s elles, la soci\u00e9t\u00e9 industrielle a perdu toute justification th\u00e9orique. Elle ne tient debout que gr\u00e2ce \u00e0 l\u2019h\u00e9b\u00e9tude de ses membres et au cynisme de ses dirigeants. Toutefois, plut\u00f4t que de d\u00e9battre des th\u00e8ses qui la d\u00e9rangent, l\u2019hu\u00eetre sociale s\u2019en est prot\u00e9g\u00e9e en les isolant. Il est temps d\u2019affirmer que l\u2019\u0153uvre d\u2019Illich n\u2019est pas une perle rare mais une r\u00e9flexion fond\u00e9e sur un solide sens commun. Il faut briser la gangue dans laquelle elle a \u00e9t\u00e9 enferm\u00e9e afin de lib\u00e9rer son inqui\u00e9tant contenu. Alors que tous les bien-pensants croyaient encore aux promesses du d\u00e9veloppement, Illich montra que cette brillante m\u00e9daille avait un revers sinistre : le passage de la pauvret\u00e9 \u00e0 la mis\u00e8re, c\u2019est-\u00e0-dire la difficult\u00e9 croissante, pour les pauvres, de subsister en dehors de la sph\u00e8re du march\u00e9. Ses livres vinrent secouer la soumission de chacun au dogme de la raret\u00e9, fondement de l\u2019\u00e9conomie moderne. \u00bb<br \/>\nValentine BORREMANS et Jean ROBERT<\/p>\n<p>Ce volume comprend : Lib\u00e9rer l\u2019avenir, Une soci\u00e9t\u00e9 sans \u00e9cole, Energie et \u00e9quit\u00e9, La Convivialit\u00e9 et N\u00e9m\u00e9sis m\u00e9dicale.<\/p>\n<h6>Description du volume 2 :<\/h6>\n<p>\u00ab Il convient imp\u00e9rativement de lire et de relire cette pens\u00e9e pensante qui, tel le ricochet d&rsquo;un caillou plat sur la surface de la mer, rebondit d&rsquo;une id\u00e9e iconoclaste \u00e0 un principe sans \u00e2ge, d&rsquo;une intuition g\u00e9niale \u00e0 la remise en cause d&rsquo;une fausse \u00e9vidence. Cette pens\u00e9e pensante est exigeante, elle r\u00e9clame une lecture attentive qui seule permet d&rsquo;en d\u00e9couvrir les incroyables richesses. [&#8230;] Cette pens\u00e9e pensante d\u00e9range, \u00e9branle, r\u00e9veille et \u00e9merveille. Aucun lecteur, non, aucun, ne sort indemne d?une telle lecture, \u00e0 la fois vivifiante et sans sentimentalit\u00e9.<br \/>\nIvan Illich n&rsquo;a jamais pr\u00e9tendu \u00eatre un \u00abma\u00eetre \u00e0 penser\u00bb ; la seule le\u00e7on qu&rsquo;il accepterait, non pas de donner, mais d&rsquo;offrir est son attitude devant la douleur, la sienne et celle du monde, ce qu&rsquo;il appelle le \u00abrenoncement\u00bb, l&rsquo;ask\u00easis : cet accord entier avec soi-m\u00eame sans intervention d&rsquo;un quelconque \u00aboutil\u00bb qui nous rendrait \u00e9trangers \u00e0 nous-m\u00eames. [&#8230;] Un tel mot invite \u00e0 une conduite \u00e0 la fois morale et intellectuelle que l&rsquo;on ne subordonne pas obligatoirement, \u00e0 l&rsquo;instar de Philon d&rsquo;Alexandrie, \u00e0 la sot\u00e9riologie, mais qui provoque la joie, l&rsquo;\u00e9tonnement, la surprise.<br \/>\nIvan Illich s&rsquo;est tu, mais ses \u00e9crits sont l\u00e0, \u00e0 la port\u00e9e du regard, et nous laissent tels ces \u00abh\u00e9ritiers sans testament\u00bb dont parle Ren\u00e9 Char. Quel somptueux h\u00e9ritage ! \u00bb<br \/>\nThierry PAQUOT<\/p>\n<p>Ce volume comprend : Le Ch\u00f4mage cr\u00e9ateur, Le Travail fant\u00f4me, Le Genre vernaculaire, H2O, les eaux de l?oubli, Du lisible au visible : la naissance du texte et Dans le miroir du pass\u00e9.<\/p>\n<p><em>N\u00e9 \u00e0 Vienne en 1926 et disparu le 2 d\u00e9cembre 2002, Ivan Illich est justement consid\u00e9r\u00e9 comme l\u2019un des penseurs les plus importants et les plus proph\u00e9tiques de la seconde moiti\u00e9 du xxe si\u00e8cle. Un recueil de textes in\u00e9dit, La Perte des sens, para\u00eet en janvier 2004 aux \u00e9ditions Fayard.<\/em><\/p>\n<h6>Livraison sous 8 \u00e0 10 jours.<\/h6>\n","protected":false},"excerpt":{"rendered":"<p>Ivan Illich a \u00e9t\u00e9 \u00e0 l\u2019origine de d\u00e9bats c\u00e9l\u00e8bres dont le th\u00e8me \u00e9tait la contre-productivit\u00e9 des institutions modernes : au-del\u00e0 de certains seuils, les institutions productrices de services, comme les \u00e9coles, les autoroutes et les h\u00f4pitaux, \u00e9loignent leurs clients des fins pour lesquelles elles ont \u00e9t\u00e9 con\u00e7ues.<\/p>\n<h6>Livraison sous 8 \u00e0 10 jours.<\/h6>\n","protected":false},"featured_media":13013,"comment_status":"open","ping_status":"closed","template":"","meta":{"_acf_changed":false},"product_brand":[],"product_cat":[2890],"product_tag":[],"class_list":{"0":"post-9160","1":"product","2":"type-product","3":"status-publish","4":"has-post-thumbnail","6":"product_cat-actualites-et-alternatives","7":"pa_book-author-ivan-illich","9":"first","10":"instock","11":"taxable","12":"shipping-taxable","13":"purchasable","14":"product-type-simple"},"acf":[],"yoast_head":"<!-- This site is optimized with the Yoast SEO plugin v27.1.1 - https:\/\/yoast.com\/product\/yoast-seo-wordpress\/ -->\n<title>Ivan Illich\u0152uvres compl\u00e8tes(2 tomes) - \u00c9ditions Tawhid<\/title>\n<meta name=\"robots\" content=\"noindex, follow, max-snippet:-1, max-image-preview:large, max-video-preview:-1\" \/>\n<meta property=\"og:locale\" content=\"fr_FR\" \/>\n<meta property=\"og:type\" content=\"article\" \/>\n<meta property=\"og:title\" content=\"Ivan Illich\u0152uvres compl\u00e8tes(2 tomes) - \u00c9ditions Tawhid\" \/>\n<meta property=\"og:description\" content=\"Ivan Illich a \u00e9t\u00e9 \u00e0 l\u2019origine de d\u00e9bats c\u00e9l\u00e8bres dont le th\u00e8me \u00e9tait la contre-productivit\u00e9 des institutions modernes : au-del\u00e0 de certains seuils, les institutions productrices de services, comme les \u00e9coles, les autoroutes et les h\u00f4pitaux, \u00e9loignent leurs clients des fins pour lesquelles elles ont \u00e9t\u00e9 con\u00e7ues. Livraison sous 8 \u00e0 10 jours.\" \/>\n<meta property=\"og:url\" content=\"https:\/\/www.edition-tawhid.com\/staging-site\/produit\/ivan-illich-oeuvres-completes\/\" \/>\n<meta property=\"og:site_name\" content=\"\u00c9ditions Tawhid\" \/>\n<meta property=\"article:publisher\" content=\"https:\/\/www.facebook.com\/editiontawhid\/\" \/>\n<meta property=\"article:modified_time\" content=\"2022-12-29T18:48:07+00:00\" \/>\n<meta property=\"og:image\" content=\"https:\/\/www.edition-tawhid.com\/staging-site\/wp-content\/uploads\/2020\/08\/pack_illich_NEW.jpg\" \/>\n\t<meta property=\"og:image:width\" content=\"791\" \/>\n\t<meta property=\"og:image:height\" content=\"1024\" \/>\n\t<meta property=\"og:image:type\" content=\"image\/jpeg\" \/>\n<meta name=\"twitter:card\" content=\"summary_large_image\" \/>\n<meta name=\"twitter:label1\" content=\"Dur\u00e9e de lecture estim\u00e9e\" \/>\n\t<meta name=\"twitter:data1\" content=\"3 minutes\" \/>\n<script type=\"application\/ld+json\" class=\"yoast-schema-graph\">{\"@context\":\"https:\/\/schema.org\",\"@graph\":[{\"@type\":\"WebPage\",\"@id\":\"https:\/\/www.edition-tawhid.com\/staging-site\/produit\/ivan-illich-oeuvres-completes\/\",\"url\":\"https:\/\/www.edition-tawhid.com\/staging-site\/produit\/ivan-illich-oeuvres-completes\/\",\"name\":\"Ivan Illich \u0152uvres compl\u00e8tes (2 tomes) - \u00c9ditions Tawhid\",\"isPartOf\":{\"@id\":\"https:\/\/www.edition-tawhid.com\/staging-site\/#website\"},\"primaryImageOfPage\":{\"@id\":\"https:\/\/www.edition-tawhid.com\/staging-site\/produit\/ivan-illich-oeuvres-completes\/#primaryimage\"},\"image\":{\"@id\":\"https:\/\/www.edition-tawhid.com\/staging-site\/produit\/ivan-illich-oeuvres-completes\/#primaryimage\"},\"thumbnailUrl\":\"https:\/\/www.edition-tawhid.com\/staging-site\/wp-content\/uploads\/2020\/08\/pack_illich_NEW.jpg\",\"datePublished\":\"2020-08-24T14:27:47+00:00\",\"dateModified\":\"2022-12-29T18:48:07+00:00\",\"breadcrumb\":{\"@id\":\"https:\/\/www.edition-tawhid.com\/staging-site\/produit\/ivan-illich-oeuvres-completes\/#breadcrumb\"},\"inLanguage\":\"fr-FR\",\"potentialAction\":[{\"@type\":\"ReadAction\",\"target\":[\"https:\/\/www.edition-tawhid.com\/staging-site\/produit\/ivan-illich-oeuvres-completes\/\"]}]},{\"@type\":\"ImageObject\",\"inLanguage\":\"fr-FR\",\"@id\":\"https:\/\/www.edition-tawhid.com\/staging-site\/produit\/ivan-illich-oeuvres-completes\/#primaryimage\",\"url\":\"https:\/\/www.edition-tawhid.com\/staging-site\/wp-content\/uploads\/2020\/08\/pack_illich_NEW.jpg\",\"contentUrl\":\"https:\/\/www.edition-tawhid.com\/staging-site\/wp-content\/uploads\/2020\/08\/pack_illich_NEW.jpg\",\"width\":791,\"height\":1024},{\"@type\":\"BreadcrumbList\",\"@id\":\"https:\/\/www.edition-tawhid.com\/staging-site\/produit\/ivan-illich-oeuvres-completes\/#breadcrumb\",\"itemListElement\":[{\"@type\":\"ListItem\",\"position\":1,\"name\":\"Accueil\",\"item\":\"https:\/\/www.edition-tawhid.com\/staging-site\/\"},{\"@type\":\"ListItem\",\"position\":2,\"name\":\"Tous nos livres\",\"item\":\"https:\/\/www.edition-tawhid.com\/staging-site\/tous-nos-livres\/\"},{\"@type\":\"ListItem\",\"position\":3,\"name\":\"Ivan Illich\u0152uvres compl\u00e8tes(2 tomes)\"}]},{\"@type\":\"WebSite\",\"@id\":\"https:\/\/www.edition-tawhid.com\/staging-site\/#website\",\"url\":\"https:\/\/www.edition-tawhid.com\/staging-site\/\",\"name\":\"\u00c9ditions Tawhid\",\"description\":\"Le sp\u00e9cialiste du livre islamique francophone\",\"publisher\":{\"@id\":\"https:\/\/www.edition-tawhid.com\/staging-site\/#organization\"},\"potentialAction\":[{\"@type\":\"SearchAction\",\"target\":{\"@type\":\"EntryPoint\",\"urlTemplate\":\"https:\/\/www.edition-tawhid.com\/staging-site\/?s={search_term_string}\"},\"query-input\":{\"@type\":\"PropertyValueSpecification\",\"valueRequired\":true,\"valueName\":\"search_term_string\"}}],\"inLanguage\":\"fr-FR\"},{\"@type\":\"Organization\",\"@id\":\"https:\/\/www.edition-tawhid.com\/staging-site\/#organization\",\"name\":\"Editions Tawhid\",\"url\":\"https:\/\/www.edition-tawhid.com\/staging-site\/\",\"logo\":{\"@type\":\"ImageObject\",\"inLanguage\":\"fr-FR\",\"@id\":\"https:\/\/www.edition-tawhid.com\/staging-site\/#\/schema\/logo\/image\/\",\"url\":\"https:\/\/www.edition-tawhid.com\/staging-site\/wp-content\/uploads\/2018\/12\/logo_noir_v1-01.png\",\"contentUrl\":\"https:\/\/www.edition-tawhid.com\/staging-site\/wp-content\/uploads\/2018\/12\/logo_noir_v1-01.png\",\"width\":80,\"height\":112,\"caption\":\"Editions Tawhid\"},\"image\":{\"@id\":\"https:\/\/www.edition-tawhid.com\/staging-site\/#\/schema\/logo\/image\/\"},\"sameAs\":[\"https:\/\/www.facebook.com\/editiontawhid\/\"]}]}<\/script>\n<!-- \/ Yoast SEO plugin. -->","yoast_head_json":{"title":"Ivan Illich\u0152uvres compl\u00e8tes(2 tomes) - \u00c9ditions Tawhid","robots":{"index":"noindex","follow":"follow","max-snippet":"max-snippet:-1","max-image-preview":"max-image-preview:large","max-video-preview":"max-video-preview:-1"},"og_locale":"fr_FR","og_type":"article","og_title":"Ivan Illich\u0152uvres compl\u00e8tes(2 tomes) - \u00c9ditions Tawhid","og_description":"Ivan Illich a \u00e9t\u00e9 \u00e0 l\u2019origine de d\u00e9bats c\u00e9l\u00e8bres dont le th\u00e8me \u00e9tait la contre-productivit\u00e9 des institutions modernes : au-del\u00e0 de certains seuils, les institutions productrices de services, comme les \u00e9coles, les autoroutes et les h\u00f4pitaux, \u00e9loignent leurs clients des fins pour lesquelles elles ont \u00e9t\u00e9 con\u00e7ues. Livraison sous 8 \u00e0 10 jours.","og_url":"https:\/\/www.edition-tawhid.com\/staging-site\/produit\/ivan-illich-oeuvres-completes\/","og_site_name":"\u00c9ditions Tawhid","article_publisher":"https:\/\/www.facebook.com\/editiontawhid\/","article_modified_time":"2022-12-29T18:48:07+00:00","og_image":[{"width":791,"height":1024,"url":"https:\/\/www.edition-tawhid.com\/staging-site\/wp-content\/uploads\/2020\/08\/pack_illich_NEW.jpg","type":"image\/jpeg"}],"twitter_card":"summary_large_image","twitter_misc":{"Dur\u00e9e de lecture estim\u00e9e":"3 minutes"},"schema":{"@context":"https:\/\/schema.org","@graph":[{"@type":"WebPage","@id":"https:\/\/www.edition-tawhid.com\/staging-site\/produit\/ivan-illich-oeuvres-completes\/","url":"https:\/\/www.edition-tawhid.com\/staging-site\/produit\/ivan-illich-oeuvres-completes\/","name":"Ivan Illich \u0152uvres compl\u00e8tes (2 tomes) - \u00c9ditions Tawhid","isPartOf":{"@id":"https:\/\/www.edition-tawhid.com\/staging-site\/#website"},"primaryImageOfPage":{"@id":"https:\/\/www.edition-tawhid.com\/staging-site\/produit\/ivan-illich-oeuvres-completes\/#primaryimage"},"image":{"@id":"https:\/\/www.edition-tawhid.com\/staging-site\/produit\/ivan-illich-oeuvres-completes\/#primaryimage"},"thumbnailUrl":"https:\/\/www.edition-tawhid.com\/staging-site\/wp-content\/uploads\/2020\/08\/pack_illich_NEW.jpg","datePublished":"2020-08-24T14:27:47+00:00","dateModified":"2022-12-29T18:48:07+00:00","breadcrumb":{"@id":"https:\/\/www.edition-tawhid.com\/staging-site\/produit\/ivan-illich-oeuvres-completes\/#breadcrumb"},"inLanguage":"fr-FR","potentialAction":[{"@type":"ReadAction","target":["https:\/\/www.edition-tawhid.com\/staging-site\/produit\/ivan-illich-oeuvres-completes\/"]}]},{"@type":"ImageObject","inLanguage":"fr-FR","@id":"https:\/\/www.edition-tawhid.com\/staging-site\/produit\/ivan-illich-oeuvres-completes\/#primaryimage","url":"https:\/\/www.edition-tawhid.com\/staging-site\/wp-content\/uploads\/2020\/08\/pack_illich_NEW.jpg","contentUrl":"https:\/\/www.edition-tawhid.com\/staging-site\/wp-content\/uploads\/2020\/08\/pack_illich_NEW.jpg","width":791,"height":1024},{"@type":"BreadcrumbList","@id":"https:\/\/www.edition-tawhid.com\/staging-site\/produit\/ivan-illich-oeuvres-completes\/#breadcrumb","itemListElement":[{"@type":"ListItem","position":1,"name":"Accueil","item":"https:\/\/www.edition-tawhid.com\/staging-site\/"},{"@type":"ListItem","position":2,"name":"Tous nos livres","item":"https:\/\/www.edition-tawhid.com\/staging-site\/tous-nos-livres\/"},{"@type":"ListItem","position":3,"name":"Ivan Illich\u0152uvres compl\u00e8tes(2 tomes)"}]},{"@type":"WebSite","@id":"https:\/\/www.edition-tawhid.com\/staging-site\/#website","url":"https:\/\/www.edition-tawhid.com\/staging-site\/","name":"\u00c9ditions Tawhid","description":"Le sp\u00e9cialiste du livre islamique francophone","publisher":{"@id":"https:\/\/www.edition-tawhid.com\/staging-site\/#organization"},"potentialAction":[{"@type":"SearchAction","target":{"@type":"EntryPoint","urlTemplate":"https:\/\/www.edition-tawhid.com\/staging-site\/?s={search_term_string}"},"query-input":{"@type":"PropertyValueSpecification","valueRequired":true,"valueName":"search_term_string"}}],"inLanguage":"fr-FR"},{"@type":"Organization","@id":"https:\/\/www.edition-tawhid.com\/staging-site\/#organization","name":"Editions Tawhid","url":"https:\/\/www.edition-tawhid.com\/staging-site\/","logo":{"@type":"ImageObject","inLanguage":"fr-FR","@id":"https:\/\/www.edition-tawhid.com\/staging-site\/#\/schema\/logo\/image\/","url":"https:\/\/www.edition-tawhid.com\/staging-site\/wp-content\/uploads\/2018\/12\/logo_noir_v1-01.png","contentUrl":"https:\/\/www.edition-tawhid.com\/staging-site\/wp-content\/uploads\/2018\/12\/logo_noir_v1-01.png","width":80,"height":112,"caption":"Editions Tawhid"},"image":{"@id":"https:\/\/www.edition-tawhid.com\/staging-site\/#\/schema\/logo\/image\/"},"sameAs":["https:\/\/www.facebook.com\/editiontawhid\/"]}]}},"_links":{"self":[{"href":"https:\/\/www.edition-tawhid.com\/staging-site\/wp-json\/wp\/v2\/product\/9160","targetHints":{"allow":["GET"]}}],"collection":[{"href":"https:\/\/www.edition-tawhid.com\/staging-site\/wp-json\/wp\/v2\/product"}],"about":[{"href":"https:\/\/www.edition-tawhid.com\/staging-site\/wp-json\/wp\/v2\/types\/product"}],"replies":[{"embeddable":true,"href":"https:\/\/www.edition-tawhid.com\/staging-site\/wp-json\/wp\/v2\/comments?post=9160"}],"wp:featuredmedia":[{"embeddable":true,"href":"https:\/\/www.edition-tawhid.com\/staging-site\/wp-json\/wp\/v2\/media\/13013"}],"wp:attachment":[{"href":"https:\/\/www.edition-tawhid.com\/staging-site\/wp-json\/wp\/v2\/media?parent=9160"}],"wp:term":[{"taxonomy":"product_brand","embeddable":true,"href":"https:\/\/www.edition-tawhid.com\/staging-site\/wp-json\/wp\/v2\/product_brand?post=9160"},{"taxonomy":"product_cat","embeddable":true,"href":"https:\/\/www.edition-tawhid.com\/staging-site\/wp-json\/wp\/v2\/product_cat?post=9160"},{"taxonomy":"product_tag","embeddable":true,"href":"https:\/\/www.edition-tawhid.com\/staging-site\/wp-json\/wp\/v2\/product_tag?post=9160"}],"curies":[{"name":"wp","href":"https:\/\/api.w.org\/{rel}","templated":true}]}}