{"id":9183,"date":"2020-08-25T17:31:47","date_gmt":"2020-08-25T15:31:47","guid":{"rendered":"https:\/\/www.edition-tawhid.com\/staging-site\/?post_type=product&#038;p=9183"},"modified":"2022-03-26T13:02:44","modified_gmt":"2022-03-26T12:02:44","slug":"homo-detritus","status":"publish","type":"product","link":"https:\/\/www.edition-tawhid.com\/staging-site\/produit\/homo-detritus\/","title":{"rendered":"Homo detritus"},"content":{"rendered":"<p>Stock\u00e9s dans des d\u00e9charges, \u00e9parpill\u00e9s \u00e0 la surface des oc\u00e9ans ou dispers\u00e9s en particules invisibles dans l\u2019atmosph\u00e8re, les d\u00e9chets sont d\u00e9sormais des traces ind\u00e9l\u00e9biles de notre pr\u00e9sence sur terre autant que des sympt\u00f4mes de la crise du monde contemporain.<br \/>\nApr\u00e8s les avoir enfouis et br\u00fbl\u00e9s, il est devenu imp\u00e9ratif de les r\u00e9duire, de les r\u00e9utiliser, de les recycler. \u00c0 l\u2019heure de l\u2019\u00e9conomie circulaire, cette promesse d\u2019un monde sans restes rappelle un mensonge de la tribu Chagga, \u00e9voqu\u00e9 par l\u2019anthropologue Mary Douglas : les m\u00e2les adultes de cette tribu affirment ne jamais d\u00e9f\u00e9quer !<br \/>\nDe m\u00eame, ce livre montre que la qu\u00eate de puret\u00e9 et de ma\u00eetrise technicienne du d\u00e9chet dans nos soci\u00e9t\u00e9s industrielles fabrique un aveuglement collectif. Il raconte comment Homo detritus, face cach\u00e9e d\u2019Homo \u0153conomicus, a cru sauver la plan\u00e8te en \u00ab bien jetant \u00bb.<br \/>\nUn livre fort sur les impasses des approches \u00ab gestionnaires \u00bb de notre soci\u00e9t\u00e9 du d\u00e9chet.<\/p>\n<p><em>Baptiste Monsaingeon est chercheur postdoctoral \u00e0 l\u2019Ifris. Membre du conseil scientifique de l\u2019exposition Vies d\u2019ordures au Mucem \u00e0 Marseille, il a notamment particip\u00e9 \u00e0 la premi\u00e8re exp\u00e9dition d\u00e9di\u00e9e \u00e0 l\u2019identification de concentrations de d\u00e9bris plastique en Atlantique Nord.<\/em><\/p>\n<h6>Livraison sous 8 \u00e0 10 jours.<\/h6>\n","protected":false},"excerpt":{"rendered":"<p>Ce livre montre que la qu\u00eate de puret\u00e9 et de ma\u00eetrise technicienne du d\u00e9chet dans nos soci\u00e9t\u00e9s industrielles fabrique un aveuglement collectif. Il raconte comment Homo detritus, face cach\u00e9e d\u2019Homo \u0153conomicus, a cru sauver la plan\u00e8te en \u00ab bien jetant \u00bb.<br \/>\nUn livre fort sur les impasses des approches \u00ab gestionnaires \u00bb de notre soci\u00e9t\u00e9 du d\u00e9chet.<\/p>\n<h6>Livraison sous 8 \u00e0 10 jours.<\/h6>\n<p>&nbsp;<\/p>\n","protected":false},"featured_media":12933,"comment_status":"open","ping_status":"closed","template":"","meta":{"_acf_changed":false},"product_brand":[],"product_cat":[2890],"product_tag":[],"class_list":{"0":"post-9183","1":"product","2":"type-product","3":"status-publish","4":"has-post-thumbnail","6":"product_cat-actualites-et-alternatives","7":"pa_book-author-baptiste-monsaingeon","9":"first","10":"instock","11":"taxable","12":"shipping-taxable","13":"purchasable","14":"product-type-simple"},"acf":[],"yoast_head":"<!-- This site is optimized with the Yoast SEO plugin v27.1.1 - https:\/\/yoast.com\/product\/yoast-seo-wordpress\/ -->\n<title>Homo detritus - \u00c9ditions Tawhid<\/title>\n<meta name=\"robots\" content=\"noindex, follow, max-snippet:-1, max-image-preview:large, max-video-preview:-1\" \/>\n<meta property=\"og:locale\" content=\"fr_FR\" \/>\n<meta property=\"og:type\" content=\"article\" \/>\n<meta property=\"og:title\" content=\"Homo detritus - \u00c9ditions Tawhid\" \/>\n<meta property=\"og:description\" content=\"Ce livre montre que la qu\u00eate de puret\u00e9 et de ma\u00eetrise technicienne du d\u00e9chet dans nos soci\u00e9t\u00e9s industrielles fabrique un aveuglement collectif. Il raconte comment Homo detritus, face cach\u00e9e d\u2019Homo \u0153conomicus, a cru sauver la plan\u00e8te en \u00ab bien jetant \u00bb. Un livre fort sur les impasses des approches \u00ab gestionnaires \u00bb de notre soci\u00e9t\u00e9 du d\u00e9chet. Livraison sous 8 \u00e0 10 jours. &nbsp;\" \/>\n<meta property=\"og:url\" content=\"https:\/\/www.edition-tawhid.com\/staging-site\/produit\/homo-detritus\/\" \/>\n<meta property=\"og:site_name\" content=\"\u00c9ditions Tawhid\" \/>\n<meta property=\"article:publisher\" content=\"https:\/\/www.facebook.com\/editiontawhid\/\" \/>\n<meta property=\"article:modified_time\" content=\"2022-03-26T12:02:44+00:00\" \/>\n<meta property=\"og:image\" content=\"https:\/\/www.edition-tawhid.com\/staging-site\/wp-content\/uploads\/2020\/08\/Monsaingeon_homo_1_NEW.jpg\" \/>\n\t<meta property=\"og:image:width\" content=\"791\" \/>\n\t<meta property=\"og:image:height\" content=\"1024\" \/>\n\t<meta property=\"og:image:type\" content=\"image\/jpeg\" \/>\n<meta name=\"twitter:card\" content=\"summary_large_image\" \/>\n<meta name=\"twitter:label1\" content=\"Dur\u00e9e de lecture estim\u00e9e\" \/>\n\t<meta name=\"twitter:data1\" content=\"1 minute\" \/>\n<script type=\"application\/ld+json\" class=\"yoast-schema-graph\">{\"@context\":\"https:\/\/schema.org\",\"@graph\":[{\"@type\":\"WebPage\",\"@id\":\"https:\/\/www.edition-tawhid.com\/staging-site\/produit\/homo-detritus\/\",\"url\":\"https:\/\/www.edition-tawhid.com\/staging-site\/produit\/homo-detritus\/\",\"name\":\"Homo detritus - \u00c9ditions Tawhid\",\"isPartOf\":{\"@id\":\"https:\/\/www.edition-tawhid.com\/staging-site\/#website\"},\"primaryImageOfPage\":{\"@id\":\"https:\/\/www.edition-tawhid.com\/staging-site\/produit\/homo-detritus\/#primaryimage\"},\"image\":{\"@id\":\"https:\/\/www.edition-tawhid.com\/staging-site\/produit\/homo-detritus\/#primaryimage\"},\"thumbnailUrl\":\"https:\/\/www.edition-tawhid.com\/staging-site\/wp-content\/uploads\/2020\/08\/Monsaingeon_homo_1_NEW.jpg\",\"datePublished\":\"2020-08-25T15:31:47+00:00\",\"dateModified\":\"2022-03-26T12:02:44+00:00\",\"breadcrumb\":{\"@id\":\"https:\/\/www.edition-tawhid.com\/staging-site\/produit\/homo-detritus\/#breadcrumb\"},\"inLanguage\":\"fr-FR\",\"potentialAction\":[{\"@type\":\"ReadAction\",\"target\":[\"https:\/\/www.edition-tawhid.com\/staging-site\/produit\/homo-detritus\/\"]}]},{\"@type\":\"ImageObject\",\"inLanguage\":\"fr-FR\",\"@id\":\"https:\/\/www.edition-tawhid.com\/staging-site\/produit\/homo-detritus\/#primaryimage\",\"url\":\"https:\/\/www.edition-tawhid.com\/staging-site\/wp-content\/uploads\/2020\/08\/Monsaingeon_homo_1_NEW.jpg\",\"contentUrl\":\"https:\/\/www.edition-tawhid.com\/staging-site\/wp-content\/uploads\/2020\/08\/Monsaingeon_homo_1_NEW.jpg\",\"width\":791,\"height\":1024},{\"@type\":\"BreadcrumbList\",\"@id\":\"https:\/\/www.edition-tawhid.com\/staging-site\/produit\/homo-detritus\/#breadcrumb\",\"itemListElement\":[{\"@type\":\"ListItem\",\"position\":1,\"name\":\"Accueil\",\"item\":\"https:\/\/www.edition-tawhid.com\/staging-site\/\"},{\"@type\":\"ListItem\",\"position\":2,\"name\":\"Tous nos livres\",\"item\":\"https:\/\/www.edition-tawhid.com\/staging-site\/tous-nos-livres\/\"},{\"@type\":\"ListItem\",\"position\":3,\"name\":\"Homo detritus\"}]},{\"@type\":\"WebSite\",\"@id\":\"https:\/\/www.edition-tawhid.com\/staging-site\/#website\",\"url\":\"https:\/\/www.edition-tawhid.com\/staging-site\/\",\"name\":\"\u00c9ditions Tawhid\",\"description\":\"Le sp\u00e9cialiste du livre islamique francophone\",\"publisher\":{\"@id\":\"https:\/\/www.edition-tawhid.com\/staging-site\/#organization\"},\"potentialAction\":[{\"@type\":\"SearchAction\",\"target\":{\"@type\":\"EntryPoint\",\"urlTemplate\":\"https:\/\/www.edition-tawhid.com\/staging-site\/?s={search_term_string}\"},\"query-input\":{\"@type\":\"PropertyValueSpecification\",\"valueRequired\":true,\"valueName\":\"search_term_string\"}}],\"inLanguage\":\"fr-FR\"},{\"@type\":\"Organization\",\"@id\":\"https:\/\/www.edition-tawhid.com\/staging-site\/#organization\",\"name\":\"Editions Tawhid\",\"url\":\"https:\/\/www.edition-tawhid.com\/staging-site\/\",\"logo\":{\"@type\":\"ImageObject\",\"inLanguage\":\"fr-FR\",\"@id\":\"https:\/\/www.edition-tawhid.com\/staging-site\/#\/schema\/logo\/image\/\",\"url\":\"https:\/\/www.edition-tawhid.com\/staging-site\/wp-content\/uploads\/2018\/12\/logo_noir_v1-01.png\",\"contentUrl\":\"https:\/\/www.edition-tawhid.com\/staging-site\/wp-content\/uploads\/2018\/12\/logo_noir_v1-01.png\",\"width\":80,\"height\":112,\"caption\":\"Editions Tawhid\"},\"image\":{\"@id\":\"https:\/\/www.edition-tawhid.com\/staging-site\/#\/schema\/logo\/image\/\"},\"sameAs\":[\"https:\/\/www.facebook.com\/editiontawhid\/\"]}]}<\/script>\n<!-- \/ Yoast SEO plugin. -->","yoast_head_json":{"title":"Homo detritus - \u00c9ditions Tawhid","robots":{"index":"noindex","follow":"follow","max-snippet":"max-snippet:-1","max-image-preview":"max-image-preview:large","max-video-preview":"max-video-preview:-1"},"og_locale":"fr_FR","og_type":"article","og_title":"Homo detritus - \u00c9ditions Tawhid","og_description":"Ce livre montre que la qu\u00eate de puret\u00e9 et de ma\u00eetrise technicienne du d\u00e9chet dans nos soci\u00e9t\u00e9s industrielles fabrique un aveuglement collectif. Il raconte comment Homo detritus, face cach\u00e9e d\u2019Homo \u0153conomicus, a cru sauver la plan\u00e8te en \u00ab bien jetant \u00bb. Un livre fort sur les impasses des approches \u00ab gestionnaires \u00bb de notre soci\u00e9t\u00e9 du d\u00e9chet. Livraison sous 8 \u00e0 10 jours. &nbsp;","og_url":"https:\/\/www.edition-tawhid.com\/staging-site\/produit\/homo-detritus\/","og_site_name":"\u00c9ditions Tawhid","article_publisher":"https:\/\/www.facebook.com\/editiontawhid\/","article_modified_time":"2022-03-26T12:02:44+00:00","og_image":[{"width":791,"height":1024,"url":"https:\/\/www.edition-tawhid.com\/staging-site\/wp-content\/uploads\/2020\/08\/Monsaingeon_homo_1_NEW.jpg","type":"image\/jpeg"}],"twitter_card":"summary_large_image","twitter_misc":{"Dur\u00e9e de lecture estim\u00e9e":"1 minute"},"schema":{"@context":"https:\/\/schema.org","@graph":[{"@type":"WebPage","@id":"https:\/\/www.edition-tawhid.com\/staging-site\/produit\/homo-detritus\/","url":"https:\/\/www.edition-tawhid.com\/staging-site\/produit\/homo-detritus\/","name":"Homo detritus - \u00c9ditions Tawhid","isPartOf":{"@id":"https:\/\/www.edition-tawhid.com\/staging-site\/#website"},"primaryImageOfPage":{"@id":"https:\/\/www.edition-tawhid.com\/staging-site\/produit\/homo-detritus\/#primaryimage"},"image":{"@id":"https:\/\/www.edition-tawhid.com\/staging-site\/produit\/homo-detritus\/#primaryimage"},"thumbnailUrl":"https:\/\/www.edition-tawhid.com\/staging-site\/wp-content\/uploads\/2020\/08\/Monsaingeon_homo_1_NEW.jpg","datePublished":"2020-08-25T15:31:47+00:00","dateModified":"2022-03-26T12:02:44+00:00","breadcrumb":{"@id":"https:\/\/www.edition-tawhid.com\/staging-site\/produit\/homo-detritus\/#breadcrumb"},"inLanguage":"fr-FR","potentialAction":[{"@type":"ReadAction","target":["https:\/\/www.edition-tawhid.com\/staging-site\/produit\/homo-detritus\/"]}]},{"@type":"ImageObject","inLanguage":"fr-FR","@id":"https:\/\/www.edition-tawhid.com\/staging-site\/produit\/homo-detritus\/#primaryimage","url":"https:\/\/www.edition-tawhid.com\/staging-site\/wp-content\/uploads\/2020\/08\/Monsaingeon_homo_1_NEW.jpg","contentUrl":"https:\/\/www.edition-tawhid.com\/staging-site\/wp-content\/uploads\/2020\/08\/Monsaingeon_homo_1_NEW.jpg","width":791,"height":1024},{"@type":"BreadcrumbList","@id":"https:\/\/www.edition-tawhid.com\/staging-site\/produit\/homo-detritus\/#breadcrumb","itemListElement":[{"@type":"ListItem","position":1,"name":"Accueil","item":"https:\/\/www.edition-tawhid.com\/staging-site\/"},{"@type":"ListItem","position":2,"name":"Tous nos livres","item":"https:\/\/www.edition-tawhid.com\/staging-site\/tous-nos-livres\/"},{"@type":"ListItem","position":3,"name":"Homo detritus"}]},{"@type":"WebSite","@id":"https:\/\/www.edition-tawhid.com\/staging-site\/#website","url":"https:\/\/www.edition-tawhid.com\/staging-site\/","name":"\u00c9ditions Tawhid","description":"Le sp\u00e9cialiste du livre islamique francophone","publisher":{"@id":"https:\/\/www.edition-tawhid.com\/staging-site\/#organization"},"potentialAction":[{"@type":"SearchAction","target":{"@type":"EntryPoint","urlTemplate":"https:\/\/www.edition-tawhid.com\/staging-site\/?s={search_term_string}"},"query-input":{"@type":"PropertyValueSpecification","valueRequired":true,"valueName":"search_term_string"}}],"inLanguage":"fr-FR"},{"@type":"Organization","@id":"https:\/\/www.edition-tawhid.com\/staging-site\/#organization","name":"Editions Tawhid","url":"https:\/\/www.edition-tawhid.com\/staging-site\/","logo":{"@type":"ImageObject","inLanguage":"fr-FR","@id":"https:\/\/www.edition-tawhid.com\/staging-site\/#\/schema\/logo\/image\/","url":"https:\/\/www.edition-tawhid.com\/staging-site\/wp-content\/uploads\/2018\/12\/logo_noir_v1-01.png","contentUrl":"https:\/\/www.edition-tawhid.com\/staging-site\/wp-content\/uploads\/2018\/12\/logo_noir_v1-01.png","width":80,"height":112,"caption":"Editions Tawhid"},"image":{"@id":"https:\/\/www.edition-tawhid.com\/staging-site\/#\/schema\/logo\/image\/"},"sameAs":["https:\/\/www.facebook.com\/editiontawhid\/"]}]}},"_links":{"self":[{"href":"https:\/\/www.edition-tawhid.com\/staging-site\/wp-json\/wp\/v2\/product\/9183","targetHints":{"allow":["GET"]}}],"collection":[{"href":"https:\/\/www.edition-tawhid.com\/staging-site\/wp-json\/wp\/v2\/product"}],"about":[{"href":"https:\/\/www.edition-tawhid.com\/staging-site\/wp-json\/wp\/v2\/types\/product"}],"replies":[{"embeddable":true,"href":"https:\/\/www.edition-tawhid.com\/staging-site\/wp-json\/wp\/v2\/comments?post=9183"}],"wp:featuredmedia":[{"embeddable":true,"href":"https:\/\/www.edition-tawhid.com\/staging-site\/wp-json\/wp\/v2\/media\/12933"}],"wp:attachment":[{"href":"https:\/\/www.edition-tawhid.com\/staging-site\/wp-json\/wp\/v2\/media?parent=9183"}],"wp:term":[{"taxonomy":"product_brand","embeddable":true,"href":"https:\/\/www.edition-tawhid.com\/staging-site\/wp-json\/wp\/v2\/product_brand?post=9183"},{"taxonomy":"product_cat","embeddable":true,"href":"https:\/\/www.edition-tawhid.com\/staging-site\/wp-json\/wp\/v2\/product_cat?post=9183"},{"taxonomy":"product_tag","embeddable":true,"href":"https:\/\/www.edition-tawhid.com\/staging-site\/wp-json\/wp\/v2\/product_tag?post=9183"}],"curies":[{"name":"wp","href":"https:\/\/api.w.org\/{rel}","templated":true}]}}