{"id":9199,"date":"2020-08-27T22:11:38","date_gmt":"2020-08-27T20:11:38","guid":{"rendered":"https:\/\/www.edition-tawhid.com\/staging-site\/?post_type=product&#038;p=9199"},"modified":"2024-04-02T14:48:52","modified_gmt":"2024-04-02T12:48:52","slug":"petit-pelerin","status":"publish","type":"product","link":"https:\/\/www.edition-tawhid.com\/staging-site\/produit\/petit-pelerin\/","title":{"rendered":"Petit P\u00e8lerin<br\/> (Jeu)"},"content":{"rendered":"<p>Le but du jeu Petit P\u00e8lerin est que tous les joueurs arrivent \u00e0 la Mecque, alors seulement, la partie est termin\u00e9e.<br \/>\nAussi, au moyen de questions faciles ou plus difficiles permettant de d\u00e9couvrir l\u2019Islam et ses valeurs, et ralentis ou aid\u00e9s par les cartes direction, les joueurs sont amen\u00e9s \u00e0 s\u2019entraider tout au long d\u2019un p\u00e9riple qui les m\u00e8nera \u00e0 La Mecque.<\/p>\n<p>Convivial et pratique, le jeu trouve sa place autant sur une table, qu\u2019au parc sur l\u2019herbe ou pour accompagner un voyage.<\/p>\n<p>Ce jeu convient \u00e0 tous, musulmans ou non-musulmans, croyants ou ath\u00e9es mais tous curieux d\u2019en savoir plus sur l\u2019Islam. Partagez un moment agr\u00e9able en famille ou avec vos amis en jouant au jeu Petit P\u00e8lerin!<\/p>\n<p>La bo\u00eete contient : un plateau pliable, 35 cartes \u00ab direction \u00bb et 54 cartes \u00ab questions \u00bb, deux d\u00e9s et une carte feed-back.<\/p>\n<p>Dimensions plateau ouvert : 30cm * 30cm<br \/>\nDimensions bo\u00eete : 15cm * 15cm * 5cm<br \/>\nPoids : 500g.<\/p>\n<p>Mati\u00e8res 100% recyclables :<br \/>\nplateau, bo\u00eete : carton,<br \/>\npions et d\u00e9s : bois.<\/p>\n<p><a href=\"https:\/\/www.edition-tawhid.com\/staging-site\/wp-content\/uploads\/pdf\/jeux\/petitpelerin.pdf\">T\u00e9l\u00e9chargez les r\u00e8gles du jeu : Cliquez ici.<\/a><\/p>\n","protected":false},"excerpt":{"rendered":"<p>Le but du jeu Petit P\u00e8lerin est que tous les joueurs arrivent \u00e0 la Mecque, alors seulement, la partie est termin\u00e9e.<br \/>\nAussi, au moyen de questions faciles ou plus difficiles permettant de d\u00e9couvrir l\u2019Islam et ses valeurs, et ralentis ou aid\u00e9s par les cartes direction, les joueurs sont amen\u00e9s \u00e0 s\u2019entraider tout au long d\u2019un p\u00e9riple qui les m\u00e8nera \u00e0 La Mecque.<\/p>\n<p><a href=\"https:\/\/www.edition-tawhid.com\/staging-site\/wp-content\/uploads\/pdf\/jeux\/petitpelerin.pdf\">T\u00e9l\u00e9chargez les r\u00e8gles du jeu : Cliquez ici.<\/a><\/p>\n","protected":false},"featured_media":13024,"comment_status":"open","ping_status":"closed","template":"","meta":{"_acf_changed":false},"product_brand":[],"product_cat":[2465],"product_tag":[],"class_list":{"0":"post-9199","1":"product","2":"type-product","3":"status-publish","4":"has-post-thumbnail","6":"product_cat-jeunesse","8":"first","9":"outofstock","10":"taxable","11":"shipping-taxable","12":"purchasable","13":"product-type-simple"},"acf":[],"yoast_head":"<!-- This site is optimized with the Yoast SEO plugin v27.1.1 - https:\/\/yoast.com\/product\/yoast-seo-wordpress\/ -->\n<title>Petit P\u00e8lerin (Jeu) - \u00c9ditions Tawhid<\/title>\n<meta name=\"robots\" content=\"noindex, follow, max-snippet:-1, max-image-preview:large, max-video-preview:-1\" \/>\n<meta property=\"og:locale\" content=\"fr_FR\" \/>\n<meta property=\"og:type\" content=\"article\" \/>\n<meta property=\"og:title\" content=\"Petit P\u00e8lerin (Jeu) - \u00c9ditions Tawhid\" \/>\n<meta property=\"og:description\" content=\"Le but du jeu Petit P\u00e8lerin est que tous les joueurs arrivent \u00e0 la Mecque, alors seulement, la partie est termin\u00e9e. Aussi, au moyen de questions faciles ou plus difficiles permettant de d\u00e9couvrir l\u2019Islam et ses valeurs, et ralentis ou aid\u00e9s par les cartes direction, les joueurs sont amen\u00e9s \u00e0 s\u2019entraider tout au long d\u2019un p\u00e9riple qui les m\u00e8nera \u00e0 La Mecque.  T\u00e9l\u00e9chargez les r\u00e8gles du jeu : Cliquez ici.\" \/>\n<meta property=\"og:url\" content=\"https:\/\/www.edition-tawhid.com\/staging-site\/produit\/petit-pelerin\/\" \/>\n<meta property=\"og:site_name\" content=\"\u00c9ditions Tawhid\" \/>\n<meta property=\"article:publisher\" content=\"https:\/\/www.facebook.com\/editiontawhid\/\" \/>\n<meta property=\"article:modified_time\" content=\"2024-04-02T12:48:52+00:00\" \/>\n<meta property=\"og:image\" content=\"https:\/\/www.edition-tawhid.com\/staging-site\/wp-content\/uploads\/2020\/08\/petitpelerin_1_NEW.jpg\" \/>\n\t<meta property=\"og:image:width\" content=\"791\" \/>\n\t<meta property=\"og:image:height\" content=\"1024\" \/>\n\t<meta property=\"og:image:type\" content=\"image\/jpeg\" \/>\n<meta name=\"twitter:card\" content=\"summary_large_image\" \/>\n<meta name=\"twitter:label1\" content=\"Dur\u00e9e de lecture estim\u00e9e\" \/>\n\t<meta name=\"twitter:data1\" content=\"1 minute\" \/>\n<script type=\"application\/ld+json\" class=\"yoast-schema-graph\">{\"@context\":\"https:\/\/schema.org\",\"@graph\":[{\"@type\":\"WebPage\",\"@id\":\"https:\/\/www.edition-tawhid.com\/staging-site\/produit\/petit-pelerin\/\",\"url\":\"https:\/\/www.edition-tawhid.com\/staging-site\/produit\/petit-pelerin\/\",\"name\":\"Petit P\u00e8lerin (Jeu) - \u00c9ditions Tawhid\",\"isPartOf\":{\"@id\":\"https:\/\/www.edition-tawhid.com\/staging-site\/#website\"},\"primaryImageOfPage\":{\"@id\":\"https:\/\/www.edition-tawhid.com\/staging-site\/produit\/petit-pelerin\/#primaryimage\"},\"image\":{\"@id\":\"https:\/\/www.edition-tawhid.com\/staging-site\/produit\/petit-pelerin\/#primaryimage\"},\"thumbnailUrl\":\"https:\/\/www.edition-tawhid.com\/staging-site\/wp-content\/uploads\/2020\/08\/petitpelerin_1_NEW.jpg\",\"datePublished\":\"2020-08-27T20:11:38+00:00\",\"dateModified\":\"2024-04-02T12:48:52+00:00\",\"breadcrumb\":{\"@id\":\"https:\/\/www.edition-tawhid.com\/staging-site\/produit\/petit-pelerin\/#breadcrumb\"},\"inLanguage\":\"fr-FR\",\"potentialAction\":[{\"@type\":\"ReadAction\",\"target\":[\"https:\/\/www.edition-tawhid.com\/staging-site\/produit\/petit-pelerin\/\"]}]},{\"@type\":\"ImageObject\",\"inLanguage\":\"fr-FR\",\"@id\":\"https:\/\/www.edition-tawhid.com\/staging-site\/produit\/petit-pelerin\/#primaryimage\",\"url\":\"https:\/\/www.edition-tawhid.com\/staging-site\/wp-content\/uploads\/2020\/08\/petitpelerin_1_NEW.jpg\",\"contentUrl\":\"https:\/\/www.edition-tawhid.com\/staging-site\/wp-content\/uploads\/2020\/08\/petitpelerin_1_NEW.jpg\",\"width\":791,\"height\":1024},{\"@type\":\"BreadcrumbList\",\"@id\":\"https:\/\/www.edition-tawhid.com\/staging-site\/produit\/petit-pelerin\/#breadcrumb\",\"itemListElement\":[{\"@type\":\"ListItem\",\"position\":1,\"name\":\"Accueil\",\"item\":\"https:\/\/www.edition-tawhid.com\/staging-site\/\"},{\"@type\":\"ListItem\",\"position\":2,\"name\":\"Tous nos livres\",\"item\":\"https:\/\/www.edition-tawhid.com\/staging-site\/tous-nos-livres\/\"},{\"@type\":\"ListItem\",\"position\":3,\"name\":\"Petit P\u00e8lerin (Jeu)\"}]},{\"@type\":\"WebSite\",\"@id\":\"https:\/\/www.edition-tawhid.com\/staging-site\/#website\",\"url\":\"https:\/\/www.edition-tawhid.com\/staging-site\/\",\"name\":\"\u00c9ditions Tawhid\",\"description\":\"Le sp\u00e9cialiste du livre islamique francophone\",\"publisher\":{\"@id\":\"https:\/\/www.edition-tawhid.com\/staging-site\/#organization\"},\"potentialAction\":[{\"@type\":\"SearchAction\",\"target\":{\"@type\":\"EntryPoint\",\"urlTemplate\":\"https:\/\/www.edition-tawhid.com\/staging-site\/?s={search_term_string}\"},\"query-input\":{\"@type\":\"PropertyValueSpecification\",\"valueRequired\":true,\"valueName\":\"search_term_string\"}}],\"inLanguage\":\"fr-FR\"},{\"@type\":\"Organization\",\"@id\":\"https:\/\/www.edition-tawhid.com\/staging-site\/#organization\",\"name\":\"Editions Tawhid\",\"url\":\"https:\/\/www.edition-tawhid.com\/staging-site\/\",\"logo\":{\"@type\":\"ImageObject\",\"inLanguage\":\"fr-FR\",\"@id\":\"https:\/\/www.edition-tawhid.com\/staging-site\/#\/schema\/logo\/image\/\",\"url\":\"https:\/\/www.edition-tawhid.com\/staging-site\/wp-content\/uploads\/2018\/12\/logo_noir_v1-01.png\",\"contentUrl\":\"https:\/\/www.edition-tawhid.com\/staging-site\/wp-content\/uploads\/2018\/12\/logo_noir_v1-01.png\",\"width\":80,\"height\":112,\"caption\":\"Editions Tawhid\"},\"image\":{\"@id\":\"https:\/\/www.edition-tawhid.com\/staging-site\/#\/schema\/logo\/image\/\"},\"sameAs\":[\"https:\/\/www.facebook.com\/editiontawhid\/\"]}]}<\/script>\n<!-- \/ Yoast SEO plugin. -->","yoast_head_json":{"title":"Petit P\u00e8lerin (Jeu) - \u00c9ditions Tawhid","robots":{"index":"noindex","follow":"follow","max-snippet":"max-snippet:-1","max-image-preview":"max-image-preview:large","max-video-preview":"max-video-preview:-1"},"og_locale":"fr_FR","og_type":"article","og_title":"Petit P\u00e8lerin (Jeu) - \u00c9ditions Tawhid","og_description":"Le but du jeu Petit P\u00e8lerin est que tous les joueurs arrivent \u00e0 la Mecque, alors seulement, la partie est termin\u00e9e. Aussi, au moyen de questions faciles ou plus difficiles permettant de d\u00e9couvrir l\u2019Islam et ses valeurs, et ralentis ou aid\u00e9s par les cartes direction, les joueurs sont amen\u00e9s \u00e0 s\u2019entraider tout au long d\u2019un p\u00e9riple qui les m\u00e8nera \u00e0 La Mecque.  T\u00e9l\u00e9chargez les r\u00e8gles du jeu : Cliquez ici.","og_url":"https:\/\/www.edition-tawhid.com\/staging-site\/produit\/petit-pelerin\/","og_site_name":"\u00c9ditions Tawhid","article_publisher":"https:\/\/www.facebook.com\/editiontawhid\/","article_modified_time":"2024-04-02T12:48:52+00:00","og_image":[{"width":791,"height":1024,"url":"https:\/\/www.edition-tawhid.com\/staging-site\/wp-content\/uploads\/2020\/08\/petitpelerin_1_NEW.jpg","type":"image\/jpeg"}],"twitter_card":"summary_large_image","twitter_misc":{"Dur\u00e9e de lecture estim\u00e9e":"1 minute"},"schema":{"@context":"https:\/\/schema.org","@graph":[{"@type":"WebPage","@id":"https:\/\/www.edition-tawhid.com\/staging-site\/produit\/petit-pelerin\/","url":"https:\/\/www.edition-tawhid.com\/staging-site\/produit\/petit-pelerin\/","name":"Petit P\u00e8lerin (Jeu) - \u00c9ditions Tawhid","isPartOf":{"@id":"https:\/\/www.edition-tawhid.com\/staging-site\/#website"},"primaryImageOfPage":{"@id":"https:\/\/www.edition-tawhid.com\/staging-site\/produit\/petit-pelerin\/#primaryimage"},"image":{"@id":"https:\/\/www.edition-tawhid.com\/staging-site\/produit\/petit-pelerin\/#primaryimage"},"thumbnailUrl":"https:\/\/www.edition-tawhid.com\/staging-site\/wp-content\/uploads\/2020\/08\/petitpelerin_1_NEW.jpg","datePublished":"2020-08-27T20:11:38+00:00","dateModified":"2024-04-02T12:48:52+00:00","breadcrumb":{"@id":"https:\/\/www.edition-tawhid.com\/staging-site\/produit\/petit-pelerin\/#breadcrumb"},"inLanguage":"fr-FR","potentialAction":[{"@type":"ReadAction","target":["https:\/\/www.edition-tawhid.com\/staging-site\/produit\/petit-pelerin\/"]}]},{"@type":"ImageObject","inLanguage":"fr-FR","@id":"https:\/\/www.edition-tawhid.com\/staging-site\/produit\/petit-pelerin\/#primaryimage","url":"https:\/\/www.edition-tawhid.com\/staging-site\/wp-content\/uploads\/2020\/08\/petitpelerin_1_NEW.jpg","contentUrl":"https:\/\/www.edition-tawhid.com\/staging-site\/wp-content\/uploads\/2020\/08\/petitpelerin_1_NEW.jpg","width":791,"height":1024},{"@type":"BreadcrumbList","@id":"https:\/\/www.edition-tawhid.com\/staging-site\/produit\/petit-pelerin\/#breadcrumb","itemListElement":[{"@type":"ListItem","position":1,"name":"Accueil","item":"https:\/\/www.edition-tawhid.com\/staging-site\/"},{"@type":"ListItem","position":2,"name":"Tous nos livres","item":"https:\/\/www.edition-tawhid.com\/staging-site\/tous-nos-livres\/"},{"@type":"ListItem","position":3,"name":"Petit P\u00e8lerin (Jeu)"}]},{"@type":"WebSite","@id":"https:\/\/www.edition-tawhid.com\/staging-site\/#website","url":"https:\/\/www.edition-tawhid.com\/staging-site\/","name":"\u00c9ditions Tawhid","description":"Le sp\u00e9cialiste du livre islamique francophone","publisher":{"@id":"https:\/\/www.edition-tawhid.com\/staging-site\/#organization"},"potentialAction":[{"@type":"SearchAction","target":{"@type":"EntryPoint","urlTemplate":"https:\/\/www.edition-tawhid.com\/staging-site\/?s={search_term_string}"},"query-input":{"@type":"PropertyValueSpecification","valueRequired":true,"valueName":"search_term_string"}}],"inLanguage":"fr-FR"},{"@type":"Organization","@id":"https:\/\/www.edition-tawhid.com\/staging-site\/#organization","name":"Editions Tawhid","url":"https:\/\/www.edition-tawhid.com\/staging-site\/","logo":{"@type":"ImageObject","inLanguage":"fr-FR","@id":"https:\/\/www.edition-tawhid.com\/staging-site\/#\/schema\/logo\/image\/","url":"https:\/\/www.edition-tawhid.com\/staging-site\/wp-content\/uploads\/2018\/12\/logo_noir_v1-01.png","contentUrl":"https:\/\/www.edition-tawhid.com\/staging-site\/wp-content\/uploads\/2018\/12\/logo_noir_v1-01.png","width":80,"height":112,"caption":"Editions Tawhid"},"image":{"@id":"https:\/\/www.edition-tawhid.com\/staging-site\/#\/schema\/logo\/image\/"},"sameAs":["https:\/\/www.facebook.com\/editiontawhid\/"]}]}},"_links":{"self":[{"href":"https:\/\/www.edition-tawhid.com\/staging-site\/wp-json\/wp\/v2\/product\/9199","targetHints":{"allow":["GET"]}}],"collection":[{"href":"https:\/\/www.edition-tawhid.com\/staging-site\/wp-json\/wp\/v2\/product"}],"about":[{"href":"https:\/\/www.edition-tawhid.com\/staging-site\/wp-json\/wp\/v2\/types\/product"}],"replies":[{"embeddable":true,"href":"https:\/\/www.edition-tawhid.com\/staging-site\/wp-json\/wp\/v2\/comments?post=9199"}],"wp:featuredmedia":[{"embeddable":true,"href":"https:\/\/www.edition-tawhid.com\/staging-site\/wp-json\/wp\/v2\/media\/13024"}],"wp:attachment":[{"href":"https:\/\/www.edition-tawhid.com\/staging-site\/wp-json\/wp\/v2\/media?parent=9199"}],"wp:term":[{"taxonomy":"product_brand","embeddable":true,"href":"https:\/\/www.edition-tawhid.com\/staging-site\/wp-json\/wp\/v2\/product_brand?post=9199"},{"taxonomy":"product_cat","embeddable":true,"href":"https:\/\/www.edition-tawhid.com\/staging-site\/wp-json\/wp\/v2\/product_cat?post=9199"},{"taxonomy":"product_tag","embeddable":true,"href":"https:\/\/www.edition-tawhid.com\/staging-site\/wp-json\/wp\/v2\/product_tag?post=9199"}],"curies":[{"name":"wp","href":"https:\/\/api.w.org\/{rel}","templated":true}]}}