{"id":9212,"date":"2020-08-28T15:21:56","date_gmt":"2020-08-28T13:21:56","guid":{"rendered":"https:\/\/www.edition-tawhid.com\/staging-site\/?post_type=product&#038;p=9212"},"modified":"2023-03-16T14:59:18","modified_gmt":"2023-03-16T13:59:18","slug":"deen-challenge-quizz-mime-dessin-mot-a-deviner","status":"publish","type":"product","link":"https:\/\/www.edition-tawhid.com\/staging-site\/produit\/deen-challenge-quizz-mime-dessin-mot-a-deviner\/","title":{"rendered":"Deen Challenge<br\/> (Jeu)"},"content":{"rendered":"<p>500 questions et d\u00e9fis mettront tes connaissances et ton talent \u00e0 rude \u00e9preuve :<\/p>\n<p>Quizz,<br \/>\nMime,<br \/>\nDessin,<br \/>\nMot \u00e0 deviner.<\/p>\n<p>Deen Challenge est le jeu au concept novateur, qui plait autant aux joueurs \u00ab Juniors \u00bb qu\u2019aux joueurs \u00ab Experts \u00bb.<\/p>\n<p>Les parties s\u2019encha\u00eenent sans r\u00e9pit, pour une ambiance super conviviale !<\/p>\n<p>But du jeu :<\/p>\n<p>Le premier joueur (ou \u00e9quipe) \u00e0 remporter 10 jetons gagne la partie !<\/p>\n<p>Mat\u00e9riel :<\/p>\n<p>\u2022 30 cartes \u00ab Quizz Junior \u00bb (150 questions) \u2022 65 cartes de \u00ab D\u00c9FI \u00bb (195 d\u00e9fis)<br \/>\n\u2022 30 cartes \u00ab Quizz Expert \u00bb (150 questions) \u2022 60 jetons \u2022 Sablier de 90 secondes<br \/>\n\u2022 Bloc-notes \u2022 Crayon \u2022 Roulette \u2022 R\u00e8gle du jeu<\/p>\n<p><a href=\"https:\/\/www.edition-tawhid.com\/staging-site\/wp-content\/uploads\/pdf\/jeux\/deenchalenge1.pdf\">T\u00e9l\u00e9chargez les r\u00e8gles du jeu : Cliquez ici.<\/a><\/p>\n<p>&nbsp;<\/p>\n","protected":false},"excerpt":{"rendered":"<p>Quizz,<br \/>\nMime,<br \/>\nDessin,<br \/>\nMot \u00e0 deviner.<\/p>\n<p>Deen Challenge est le jeu au concept novateur, qui plait autant aux joueurs \u00ab Juniors \u00bb qu\u2019aux joueurs \u00ab Experts \u00bb. 500 questions et d\u00e9fis mettront tes connaissances et ton talent \u00e0 rude \u00e9preuve. Les parties s\u2019encha\u00eenent sans r\u00e9pit, pour une ambiance super conviviale !<\/p>\n<p><a href=\"https:\/\/www.edition-tawhid.com\/staging-site\/wp-content\/uploads\/pdf\/jeux\/deenchalenge1.pdf\">T\u00e9l\u00e9chargez les r\u00e8gles du jeu : Cliquez ici.<\/a><\/p>\n<p>&nbsp;<\/p>\n<p>&nbsp;<\/p>\n","protected":false},"featured_media":13055,"comment_status":"open","ping_status":"closed","template":"","meta":{"_acf_changed":false},"product_brand":[],"product_cat":[2465],"product_tag":[],"class_list":{"0":"post-9212","1":"product","2":"type-product","3":"status-publish","4":"has-post-thumbnail","6":"product_cat-jeunesse","8":"first","9":"instock","10":"taxable","11":"shipping-taxable","12":"purchasable","13":"product-type-simple"},"acf":[],"yoast_head":"<!-- This site is optimized with the Yoast SEO plugin v27.1.1 - https:\/\/yoast.com\/product\/yoast-seo-wordpress\/ -->\n<title>Deen Challenge (Jeu) - \u00c9ditions Tawhid<\/title>\n<meta name=\"robots\" content=\"noindex, follow, max-snippet:-1, max-image-preview:large, max-video-preview:-1\" \/>\n<meta property=\"og:locale\" content=\"fr_FR\" \/>\n<meta property=\"og:type\" content=\"article\" \/>\n<meta property=\"og:title\" content=\"Deen Challenge (Jeu) - \u00c9ditions Tawhid\" \/>\n<meta property=\"og:description\" content=\"Quizz, Mime, Dessin, Mot \u00e0 deviner.  Deen Challenge est le jeu au concept novateur, qui plait autant aux joueurs \u00ab Juniors \u00bb qu\u2019aux joueurs \u00ab Experts \u00bb. 500 questions et d\u00e9fis mettront tes connaissances et ton talent \u00e0 rude \u00e9preuve. Les parties s\u2019encha\u00eenent sans r\u00e9pit, pour une ambiance super conviviale !  T\u00e9l\u00e9chargez les r\u00e8gles du jeu : Cliquez ici.  &nbsp;  &nbsp;\" \/>\n<meta property=\"og:url\" content=\"https:\/\/www.edition-tawhid.com\/staging-site\/produit\/deen-challenge-quizz-mime-dessin-mot-a-deviner\/\" \/>\n<meta property=\"og:site_name\" content=\"\u00c9ditions Tawhid\" \/>\n<meta property=\"article:publisher\" content=\"https:\/\/www.facebook.com\/editiontawhid\/\" \/>\n<meta property=\"article:modified_time\" content=\"2023-03-16T13:59:18+00:00\" \/>\n<meta property=\"og:image\" content=\"https:\/\/www.edition-tawhid.com\/staging-site\/wp-content\/uploads\/2020\/08\/deenchallenge_1_NEW.jpg\" \/>\n\t<meta property=\"og:image:width\" content=\"791\" \/>\n\t<meta property=\"og:image:height\" content=\"1024\" \/>\n\t<meta property=\"og:image:type\" content=\"image\/jpeg\" \/>\n<meta name=\"twitter:card\" content=\"summary_large_image\" \/>\n<script type=\"application\/ld+json\" class=\"yoast-schema-graph\">{\"@context\":\"https:\/\/schema.org\",\"@graph\":[{\"@type\":\"WebPage\",\"@id\":\"https:\/\/www.edition-tawhid.com\/staging-site\/produit\/deen-challenge-quizz-mime-dessin-mot-a-deviner\/\",\"url\":\"https:\/\/www.edition-tawhid.com\/staging-site\/produit\/deen-challenge-quizz-mime-dessin-mot-a-deviner\/\",\"name\":\"Deen Challenge (Jeu) - \u00c9ditions Tawhid\",\"isPartOf\":{\"@id\":\"https:\/\/www.edition-tawhid.com\/staging-site\/#website\"},\"primaryImageOfPage\":{\"@id\":\"https:\/\/www.edition-tawhid.com\/staging-site\/produit\/deen-challenge-quizz-mime-dessin-mot-a-deviner\/#primaryimage\"},\"image\":{\"@id\":\"https:\/\/www.edition-tawhid.com\/staging-site\/produit\/deen-challenge-quizz-mime-dessin-mot-a-deviner\/#primaryimage\"},\"thumbnailUrl\":\"https:\/\/www.edition-tawhid.com\/staging-site\/wp-content\/uploads\/2020\/08\/deenchallenge_1_NEW.jpg\",\"datePublished\":\"2020-08-28T13:21:56+00:00\",\"dateModified\":\"2023-03-16T13:59:18+00:00\",\"breadcrumb\":{\"@id\":\"https:\/\/www.edition-tawhid.com\/staging-site\/produit\/deen-challenge-quizz-mime-dessin-mot-a-deviner\/#breadcrumb\"},\"inLanguage\":\"fr-FR\",\"potentialAction\":[{\"@type\":\"ReadAction\",\"target\":[\"https:\/\/www.edition-tawhid.com\/staging-site\/produit\/deen-challenge-quizz-mime-dessin-mot-a-deviner\/\"]}]},{\"@type\":\"ImageObject\",\"inLanguage\":\"fr-FR\",\"@id\":\"https:\/\/www.edition-tawhid.com\/staging-site\/produit\/deen-challenge-quizz-mime-dessin-mot-a-deviner\/#primaryimage\",\"url\":\"https:\/\/www.edition-tawhid.com\/staging-site\/wp-content\/uploads\/2020\/08\/deenchallenge_1_NEW.jpg\",\"contentUrl\":\"https:\/\/www.edition-tawhid.com\/staging-site\/wp-content\/uploads\/2020\/08\/deenchallenge_1_NEW.jpg\",\"width\":791,\"height\":1024},{\"@type\":\"BreadcrumbList\",\"@id\":\"https:\/\/www.edition-tawhid.com\/staging-site\/produit\/deen-challenge-quizz-mime-dessin-mot-a-deviner\/#breadcrumb\",\"itemListElement\":[{\"@type\":\"ListItem\",\"position\":1,\"name\":\"Accueil\",\"item\":\"https:\/\/www.edition-tawhid.com\/staging-site\/\"},{\"@type\":\"ListItem\",\"position\":2,\"name\":\"Tous nos livres\",\"item\":\"https:\/\/www.edition-tawhid.com\/staging-site\/tous-nos-livres\/\"},{\"@type\":\"ListItem\",\"position\":3,\"name\":\"Deen Challenge (Jeu)\"}]},{\"@type\":\"WebSite\",\"@id\":\"https:\/\/www.edition-tawhid.com\/staging-site\/#website\",\"url\":\"https:\/\/www.edition-tawhid.com\/staging-site\/\",\"name\":\"\u00c9ditions Tawhid\",\"description\":\"Le sp\u00e9cialiste du livre islamique francophone\",\"publisher\":{\"@id\":\"https:\/\/www.edition-tawhid.com\/staging-site\/#organization\"},\"potentialAction\":[{\"@type\":\"SearchAction\",\"target\":{\"@type\":\"EntryPoint\",\"urlTemplate\":\"https:\/\/www.edition-tawhid.com\/staging-site\/?s={search_term_string}\"},\"query-input\":{\"@type\":\"PropertyValueSpecification\",\"valueRequired\":true,\"valueName\":\"search_term_string\"}}],\"inLanguage\":\"fr-FR\"},{\"@type\":\"Organization\",\"@id\":\"https:\/\/www.edition-tawhid.com\/staging-site\/#organization\",\"name\":\"Editions Tawhid\",\"url\":\"https:\/\/www.edition-tawhid.com\/staging-site\/\",\"logo\":{\"@type\":\"ImageObject\",\"inLanguage\":\"fr-FR\",\"@id\":\"https:\/\/www.edition-tawhid.com\/staging-site\/#\/schema\/logo\/image\/\",\"url\":\"https:\/\/www.edition-tawhid.com\/staging-site\/wp-content\/uploads\/2018\/12\/logo_noir_v1-01.png\",\"contentUrl\":\"https:\/\/www.edition-tawhid.com\/staging-site\/wp-content\/uploads\/2018\/12\/logo_noir_v1-01.png\",\"width\":80,\"height\":112,\"caption\":\"Editions Tawhid\"},\"image\":{\"@id\":\"https:\/\/www.edition-tawhid.com\/staging-site\/#\/schema\/logo\/image\/\"},\"sameAs\":[\"https:\/\/www.facebook.com\/editiontawhid\/\"]}]}<\/script>\n<!-- \/ Yoast SEO plugin. -->","yoast_head_json":{"title":"Deen Challenge (Jeu) - \u00c9ditions Tawhid","robots":{"index":"noindex","follow":"follow","max-snippet":"max-snippet:-1","max-image-preview":"max-image-preview:large","max-video-preview":"max-video-preview:-1"},"og_locale":"fr_FR","og_type":"article","og_title":"Deen Challenge (Jeu) - \u00c9ditions Tawhid","og_description":"Quizz, Mime, Dessin, Mot \u00e0 deviner.  Deen Challenge est le jeu au concept novateur, qui plait autant aux joueurs \u00ab Juniors \u00bb qu\u2019aux joueurs \u00ab Experts \u00bb. 500 questions et d\u00e9fis mettront tes connaissances et ton talent \u00e0 rude \u00e9preuve. Les parties s\u2019encha\u00eenent sans r\u00e9pit, pour une ambiance super conviviale !  T\u00e9l\u00e9chargez les r\u00e8gles du jeu : Cliquez ici.  &nbsp;  &nbsp;","og_url":"https:\/\/www.edition-tawhid.com\/staging-site\/produit\/deen-challenge-quizz-mime-dessin-mot-a-deviner\/","og_site_name":"\u00c9ditions Tawhid","article_publisher":"https:\/\/www.facebook.com\/editiontawhid\/","article_modified_time":"2023-03-16T13:59:18+00:00","og_image":[{"width":791,"height":1024,"url":"https:\/\/www.edition-tawhid.com\/staging-site\/wp-content\/uploads\/2020\/08\/deenchallenge_1_NEW.jpg","type":"image\/jpeg"}],"twitter_card":"summary_large_image","schema":{"@context":"https:\/\/schema.org","@graph":[{"@type":"WebPage","@id":"https:\/\/www.edition-tawhid.com\/staging-site\/produit\/deen-challenge-quizz-mime-dessin-mot-a-deviner\/","url":"https:\/\/www.edition-tawhid.com\/staging-site\/produit\/deen-challenge-quizz-mime-dessin-mot-a-deviner\/","name":"Deen Challenge (Jeu) - \u00c9ditions Tawhid","isPartOf":{"@id":"https:\/\/www.edition-tawhid.com\/staging-site\/#website"},"primaryImageOfPage":{"@id":"https:\/\/www.edition-tawhid.com\/staging-site\/produit\/deen-challenge-quizz-mime-dessin-mot-a-deviner\/#primaryimage"},"image":{"@id":"https:\/\/www.edition-tawhid.com\/staging-site\/produit\/deen-challenge-quizz-mime-dessin-mot-a-deviner\/#primaryimage"},"thumbnailUrl":"https:\/\/www.edition-tawhid.com\/staging-site\/wp-content\/uploads\/2020\/08\/deenchallenge_1_NEW.jpg","datePublished":"2020-08-28T13:21:56+00:00","dateModified":"2023-03-16T13:59:18+00:00","breadcrumb":{"@id":"https:\/\/www.edition-tawhid.com\/staging-site\/produit\/deen-challenge-quizz-mime-dessin-mot-a-deviner\/#breadcrumb"},"inLanguage":"fr-FR","potentialAction":[{"@type":"ReadAction","target":["https:\/\/www.edition-tawhid.com\/staging-site\/produit\/deen-challenge-quizz-mime-dessin-mot-a-deviner\/"]}]},{"@type":"ImageObject","inLanguage":"fr-FR","@id":"https:\/\/www.edition-tawhid.com\/staging-site\/produit\/deen-challenge-quizz-mime-dessin-mot-a-deviner\/#primaryimage","url":"https:\/\/www.edition-tawhid.com\/staging-site\/wp-content\/uploads\/2020\/08\/deenchallenge_1_NEW.jpg","contentUrl":"https:\/\/www.edition-tawhid.com\/staging-site\/wp-content\/uploads\/2020\/08\/deenchallenge_1_NEW.jpg","width":791,"height":1024},{"@type":"BreadcrumbList","@id":"https:\/\/www.edition-tawhid.com\/staging-site\/produit\/deen-challenge-quizz-mime-dessin-mot-a-deviner\/#breadcrumb","itemListElement":[{"@type":"ListItem","position":1,"name":"Accueil","item":"https:\/\/www.edition-tawhid.com\/staging-site\/"},{"@type":"ListItem","position":2,"name":"Tous nos livres","item":"https:\/\/www.edition-tawhid.com\/staging-site\/tous-nos-livres\/"},{"@type":"ListItem","position":3,"name":"Deen Challenge (Jeu)"}]},{"@type":"WebSite","@id":"https:\/\/www.edition-tawhid.com\/staging-site\/#website","url":"https:\/\/www.edition-tawhid.com\/staging-site\/","name":"\u00c9ditions Tawhid","description":"Le sp\u00e9cialiste du livre islamique francophone","publisher":{"@id":"https:\/\/www.edition-tawhid.com\/staging-site\/#organization"},"potentialAction":[{"@type":"SearchAction","target":{"@type":"EntryPoint","urlTemplate":"https:\/\/www.edition-tawhid.com\/staging-site\/?s={search_term_string}"},"query-input":{"@type":"PropertyValueSpecification","valueRequired":true,"valueName":"search_term_string"}}],"inLanguage":"fr-FR"},{"@type":"Organization","@id":"https:\/\/www.edition-tawhid.com\/staging-site\/#organization","name":"Editions Tawhid","url":"https:\/\/www.edition-tawhid.com\/staging-site\/","logo":{"@type":"ImageObject","inLanguage":"fr-FR","@id":"https:\/\/www.edition-tawhid.com\/staging-site\/#\/schema\/logo\/image\/","url":"https:\/\/www.edition-tawhid.com\/staging-site\/wp-content\/uploads\/2018\/12\/logo_noir_v1-01.png","contentUrl":"https:\/\/www.edition-tawhid.com\/staging-site\/wp-content\/uploads\/2018\/12\/logo_noir_v1-01.png","width":80,"height":112,"caption":"Editions Tawhid"},"image":{"@id":"https:\/\/www.edition-tawhid.com\/staging-site\/#\/schema\/logo\/image\/"},"sameAs":["https:\/\/www.facebook.com\/editiontawhid\/"]}]}},"_links":{"self":[{"href":"https:\/\/www.edition-tawhid.com\/staging-site\/wp-json\/wp\/v2\/product\/9212","targetHints":{"allow":["GET"]}}],"collection":[{"href":"https:\/\/www.edition-tawhid.com\/staging-site\/wp-json\/wp\/v2\/product"}],"about":[{"href":"https:\/\/www.edition-tawhid.com\/staging-site\/wp-json\/wp\/v2\/types\/product"}],"replies":[{"embeddable":true,"href":"https:\/\/www.edition-tawhid.com\/staging-site\/wp-json\/wp\/v2\/comments?post=9212"}],"wp:featuredmedia":[{"embeddable":true,"href":"https:\/\/www.edition-tawhid.com\/staging-site\/wp-json\/wp\/v2\/media\/13055"}],"wp:attachment":[{"href":"https:\/\/www.edition-tawhid.com\/staging-site\/wp-json\/wp\/v2\/media?parent=9212"}],"wp:term":[{"taxonomy":"product_brand","embeddable":true,"href":"https:\/\/www.edition-tawhid.com\/staging-site\/wp-json\/wp\/v2\/product_brand?post=9212"},{"taxonomy":"product_cat","embeddable":true,"href":"https:\/\/www.edition-tawhid.com\/staging-site\/wp-json\/wp\/v2\/product_cat?post=9212"},{"taxonomy":"product_tag","embeddable":true,"href":"https:\/\/www.edition-tawhid.com\/staging-site\/wp-json\/wp\/v2\/product_tag?post=9212"}],"curies":[{"name":"wp","href":"https:\/\/api.w.org\/{rel}","templated":true}]}}