{"id":9249,"date":"2020-08-28T22:15:57","date_gmt":"2020-08-28T20:15:57","guid":{"rendered":"https:\/\/www.edition-tawhid.com\/staging-site\/?post_type=product&#038;p=9249"},"modified":"2023-05-08T17:56:04","modified_gmt":"2023-05-08T15:56:04","slug":"al-masjid","status":"publish","type":"product","link":"https:\/\/www.edition-tawhid.com\/staging-site\/produit\/al-masjid\/","title":{"rendered":"Al Masjid<br\/> (Jeu)"},"content":{"rendered":"<p>Contrairement aux autres jeux d\u2019affaires, ce jeu ne r\u00e9compense pas les joueurs pour l\u2019accumulation de richesses, mais plut\u00f4t pour l\u2019accumulation de bonnes actions. Le gagnant de ce jeu est le premier joueur \u00e0 construire une mosqu\u00e9e, ce qui n\u00e9cessite de nombreux dons. La victoire est c\u00e9l\u00e9br\u00e9e par tous lorsque le gagnant construit la mosqu\u00e9e dans son lieu. Au milieu de toute cette bont\u00e9, les joueurs traversent les lieux mentionn\u00e9s implicitement et explicitement dans le Coran. Ce jeu est un moyen agr\u00e9able pour les enfants et les adultes d\u2019apprendre l\u2019histoire des lieux mentionn\u00e9s dans le Coran.<\/p>\n<p>But du jeu :<\/p>\n<p>Le but du jeu est de construire une mosqu\u00e9e. Le premier joueur qui termine la construction<br \/>\nde sa mosqu\u00e9e sur un de ses lieux gagne.<\/p>\n<p>Contenu :<\/p>\n<p>Plateau de jeu<br \/>\n6 pions<br \/>\n6 Mosqu\u00e9es (6 D\u00d4MES, 6 SUPPORTS, 18 BRIQUES)<br \/>\n15 cartes FOI,<br \/>\n15 cartes DESTIN<br \/>\n24 ACTES<br \/>\n1 liasse de billets<br \/>\n2 d\u00e9s<br \/>\n1 r\u00e8gle du jeu<\/p>\n<p>Le jeu Al Masjid a \u00e9t\u00e9 \u00e9tudi\u00e9 par des \u00e9ducateurs et test\u00e9 en situation r\u00e9elle par des parents et leurs enfants.<\/p>\n<p><a href=\"https:\/\/www.edition-tawhid.com\/staging-site\/wp-content\/uploads\/pdf\/jeux\/almasjid.pdf\">T\u00e9l\u00e9chargez les r\u00e8gles du jeu : Cliquez ici.<\/a><\/p>\n","protected":false},"excerpt":{"rendered":"<p>Contrairement aux autres jeux d\u2019affaires, ce jeu ne r\u00e9compense pas les joueurs pour l\u2019accumulation de richesses, mais plut\u00f4t pour l\u2019accumulation de bonnes actions. Le gagnant de ce jeu est le premier joueur \u00e0 construire une mosqu\u00e9e, ce qui n\u00e9cessite de nombreux dons. La victoire est c\u00e9l\u00e9br\u00e9e par tous lorsque le gagnant construit la mosqu\u00e9e dans son lieu. Au milieu de toute cette bont\u00e9, les joueurs traversent les lieux mentionn\u00e9s implicitement et explicitement dans le Coran. Ce jeu est un moyen agr\u00e9able pour les enfants et les adultes d\u2019apprendre l\u2019histoire des lieux mentionn\u00e9s dans le Coran.<\/p>\n<p><a href=\"https:\/\/www.edition-tawhid.com\/staging-site\/wp-content\/uploads\/pdf\/jeux\/almasjid.pdf\">T\u00e9l\u00e9chargez les r\u00e8gles du jeu : Cliquez ici.<\/a><\/p>\n","protected":false},"featured_media":13059,"comment_status":"open","ping_status":"closed","template":"","meta":{"_acf_changed":false},"product_brand":[],"product_cat":[2465],"product_tag":[],"class_list":{"0":"post-9249","1":"product","2":"type-product","3":"status-publish","4":"has-post-thumbnail","6":"product_cat-jeunesse","8":"first","9":"instock","10":"taxable","11":"shipping-taxable","12":"purchasable","13":"product-type-simple"},"acf":[],"yoast_head":"<!-- This site is optimized with the Yoast SEO plugin v27.1.1 - https:\/\/yoast.com\/product\/yoast-seo-wordpress\/ -->\n<title>Al Masjid (Jeu) - \u00c9ditions Tawhid<\/title>\n<meta name=\"robots\" content=\"noindex, follow, max-snippet:-1, max-image-preview:large, max-video-preview:-1\" \/>\n<meta property=\"og:locale\" content=\"fr_FR\" \/>\n<meta property=\"og:type\" content=\"article\" \/>\n<meta property=\"og:title\" content=\"Al Masjid (Jeu) - \u00c9ditions Tawhid\" \/>\n<meta property=\"og:description\" content=\"Contrairement aux autres jeux d\u2019affaires, ce jeu ne r\u00e9compense pas les joueurs pour l\u2019accumulation de richesses, mais plut\u00f4t pour l\u2019accumulation de bonnes actions. Le gagnant de ce jeu est le premier joueur \u00e0 construire une mosqu\u00e9e, ce qui n\u00e9cessite de nombreux dons. La victoire est c\u00e9l\u00e9br\u00e9e par tous lorsque le gagnant construit la mosqu\u00e9e dans son lieu. Au milieu de toute cette bont\u00e9, les joueurs traversent les lieux mentionn\u00e9s implicitement et explicitement dans le Coran. Ce jeu est un moyen agr\u00e9able pour les enfants et les adultes d\u2019apprendre l\u2019histoire des lieux mentionn\u00e9s dans le Coran.  T\u00e9l\u00e9chargez les r\u00e8gles du jeu : Cliquez ici.\" \/>\n<meta property=\"og:url\" content=\"https:\/\/www.edition-tawhid.com\/staging-site\/produit\/al-masjid\/\" \/>\n<meta property=\"og:site_name\" content=\"\u00c9ditions Tawhid\" \/>\n<meta property=\"article:publisher\" content=\"https:\/\/www.facebook.com\/editiontawhid\/\" \/>\n<meta property=\"article:modified_time\" content=\"2023-05-08T15:56:04+00:00\" \/>\n<meta property=\"og:image\" content=\"https:\/\/www.edition-tawhid.com\/staging-site\/wp-content\/uploads\/2020\/08\/almasjid_2_NEW.jpg\" \/>\n\t<meta property=\"og:image:width\" content=\"791\" \/>\n\t<meta property=\"og:image:height\" content=\"1024\" \/>\n\t<meta property=\"og:image:type\" content=\"image\/jpeg\" \/>\n<meta name=\"twitter:card\" content=\"summary_large_image\" \/>\n<meta name=\"twitter:label1\" content=\"Dur\u00e9e de lecture estim\u00e9e\" \/>\n\t<meta name=\"twitter:data1\" content=\"1 minute\" \/>\n<script type=\"application\/ld+json\" class=\"yoast-schema-graph\">{\"@context\":\"https:\/\/schema.org\",\"@graph\":[{\"@type\":\"WebPage\",\"@id\":\"https:\/\/www.edition-tawhid.com\/staging-site\/produit\/al-masjid\/\",\"url\":\"https:\/\/www.edition-tawhid.com\/staging-site\/produit\/al-masjid\/\",\"name\":\"Al Masjid (Jeu) - \u00c9ditions Tawhid\",\"isPartOf\":{\"@id\":\"https:\/\/www.edition-tawhid.com\/staging-site\/#website\"},\"primaryImageOfPage\":{\"@id\":\"https:\/\/www.edition-tawhid.com\/staging-site\/produit\/al-masjid\/#primaryimage\"},\"image\":{\"@id\":\"https:\/\/www.edition-tawhid.com\/staging-site\/produit\/al-masjid\/#primaryimage\"},\"thumbnailUrl\":\"https:\/\/www.edition-tawhid.com\/staging-site\/wp-content\/uploads\/2020\/08\/almasjid_2_NEW.jpg\",\"datePublished\":\"2020-08-28T20:15:57+00:00\",\"dateModified\":\"2023-05-08T15:56:04+00:00\",\"breadcrumb\":{\"@id\":\"https:\/\/www.edition-tawhid.com\/staging-site\/produit\/al-masjid\/#breadcrumb\"},\"inLanguage\":\"fr-FR\",\"potentialAction\":[{\"@type\":\"ReadAction\",\"target\":[\"https:\/\/www.edition-tawhid.com\/staging-site\/produit\/al-masjid\/\"]}]},{\"@type\":\"ImageObject\",\"inLanguage\":\"fr-FR\",\"@id\":\"https:\/\/www.edition-tawhid.com\/staging-site\/produit\/al-masjid\/#primaryimage\",\"url\":\"https:\/\/www.edition-tawhid.com\/staging-site\/wp-content\/uploads\/2020\/08\/almasjid_2_NEW.jpg\",\"contentUrl\":\"https:\/\/www.edition-tawhid.com\/staging-site\/wp-content\/uploads\/2020\/08\/almasjid_2_NEW.jpg\",\"width\":791,\"height\":1024},{\"@type\":\"BreadcrumbList\",\"@id\":\"https:\/\/www.edition-tawhid.com\/staging-site\/produit\/al-masjid\/#breadcrumb\",\"itemListElement\":[{\"@type\":\"ListItem\",\"position\":1,\"name\":\"Accueil\",\"item\":\"https:\/\/www.edition-tawhid.com\/staging-site\/\"},{\"@type\":\"ListItem\",\"position\":2,\"name\":\"Tous nos livres\",\"item\":\"https:\/\/www.edition-tawhid.com\/staging-site\/tous-nos-livres\/\"},{\"@type\":\"ListItem\",\"position\":3,\"name\":\"Al Masjid (Jeu)\"}]},{\"@type\":\"WebSite\",\"@id\":\"https:\/\/www.edition-tawhid.com\/staging-site\/#website\",\"url\":\"https:\/\/www.edition-tawhid.com\/staging-site\/\",\"name\":\"\u00c9ditions Tawhid\",\"description\":\"Le sp\u00e9cialiste du livre islamique francophone\",\"publisher\":{\"@id\":\"https:\/\/www.edition-tawhid.com\/staging-site\/#organization\"},\"potentialAction\":[{\"@type\":\"SearchAction\",\"target\":{\"@type\":\"EntryPoint\",\"urlTemplate\":\"https:\/\/www.edition-tawhid.com\/staging-site\/?s={search_term_string}\"},\"query-input\":{\"@type\":\"PropertyValueSpecification\",\"valueRequired\":true,\"valueName\":\"search_term_string\"}}],\"inLanguage\":\"fr-FR\"},{\"@type\":\"Organization\",\"@id\":\"https:\/\/www.edition-tawhid.com\/staging-site\/#organization\",\"name\":\"Editions Tawhid\",\"url\":\"https:\/\/www.edition-tawhid.com\/staging-site\/\",\"logo\":{\"@type\":\"ImageObject\",\"inLanguage\":\"fr-FR\",\"@id\":\"https:\/\/www.edition-tawhid.com\/staging-site\/#\/schema\/logo\/image\/\",\"url\":\"https:\/\/www.edition-tawhid.com\/staging-site\/wp-content\/uploads\/2018\/12\/logo_noir_v1-01.png\",\"contentUrl\":\"https:\/\/www.edition-tawhid.com\/staging-site\/wp-content\/uploads\/2018\/12\/logo_noir_v1-01.png\",\"width\":80,\"height\":112,\"caption\":\"Editions Tawhid\"},\"image\":{\"@id\":\"https:\/\/www.edition-tawhid.com\/staging-site\/#\/schema\/logo\/image\/\"},\"sameAs\":[\"https:\/\/www.facebook.com\/editiontawhid\/\"]}]}<\/script>\n<!-- \/ Yoast SEO plugin. -->","yoast_head_json":{"title":"Al Masjid (Jeu) - \u00c9ditions Tawhid","robots":{"index":"noindex","follow":"follow","max-snippet":"max-snippet:-1","max-image-preview":"max-image-preview:large","max-video-preview":"max-video-preview:-1"},"og_locale":"fr_FR","og_type":"article","og_title":"Al Masjid (Jeu) - \u00c9ditions Tawhid","og_description":"Contrairement aux autres jeux d\u2019affaires, ce jeu ne r\u00e9compense pas les joueurs pour l\u2019accumulation de richesses, mais plut\u00f4t pour l\u2019accumulation de bonnes actions. Le gagnant de ce jeu est le premier joueur \u00e0 construire une mosqu\u00e9e, ce qui n\u00e9cessite de nombreux dons. La victoire est c\u00e9l\u00e9br\u00e9e par tous lorsque le gagnant construit la mosqu\u00e9e dans son lieu. Au milieu de toute cette bont\u00e9, les joueurs traversent les lieux mentionn\u00e9s implicitement et explicitement dans le Coran. Ce jeu est un moyen agr\u00e9able pour les enfants et les adultes d\u2019apprendre l\u2019histoire des lieux mentionn\u00e9s dans le Coran.  T\u00e9l\u00e9chargez les r\u00e8gles du jeu : Cliquez ici.","og_url":"https:\/\/www.edition-tawhid.com\/staging-site\/produit\/al-masjid\/","og_site_name":"\u00c9ditions Tawhid","article_publisher":"https:\/\/www.facebook.com\/editiontawhid\/","article_modified_time":"2023-05-08T15:56:04+00:00","og_image":[{"width":791,"height":1024,"url":"https:\/\/www.edition-tawhid.com\/staging-site\/wp-content\/uploads\/2020\/08\/almasjid_2_NEW.jpg","type":"image\/jpeg"}],"twitter_card":"summary_large_image","twitter_misc":{"Dur\u00e9e de lecture estim\u00e9e":"1 minute"},"schema":{"@context":"https:\/\/schema.org","@graph":[{"@type":"WebPage","@id":"https:\/\/www.edition-tawhid.com\/staging-site\/produit\/al-masjid\/","url":"https:\/\/www.edition-tawhid.com\/staging-site\/produit\/al-masjid\/","name":"Al Masjid (Jeu) - \u00c9ditions Tawhid","isPartOf":{"@id":"https:\/\/www.edition-tawhid.com\/staging-site\/#website"},"primaryImageOfPage":{"@id":"https:\/\/www.edition-tawhid.com\/staging-site\/produit\/al-masjid\/#primaryimage"},"image":{"@id":"https:\/\/www.edition-tawhid.com\/staging-site\/produit\/al-masjid\/#primaryimage"},"thumbnailUrl":"https:\/\/www.edition-tawhid.com\/staging-site\/wp-content\/uploads\/2020\/08\/almasjid_2_NEW.jpg","datePublished":"2020-08-28T20:15:57+00:00","dateModified":"2023-05-08T15:56:04+00:00","breadcrumb":{"@id":"https:\/\/www.edition-tawhid.com\/staging-site\/produit\/al-masjid\/#breadcrumb"},"inLanguage":"fr-FR","potentialAction":[{"@type":"ReadAction","target":["https:\/\/www.edition-tawhid.com\/staging-site\/produit\/al-masjid\/"]}]},{"@type":"ImageObject","inLanguage":"fr-FR","@id":"https:\/\/www.edition-tawhid.com\/staging-site\/produit\/al-masjid\/#primaryimage","url":"https:\/\/www.edition-tawhid.com\/staging-site\/wp-content\/uploads\/2020\/08\/almasjid_2_NEW.jpg","contentUrl":"https:\/\/www.edition-tawhid.com\/staging-site\/wp-content\/uploads\/2020\/08\/almasjid_2_NEW.jpg","width":791,"height":1024},{"@type":"BreadcrumbList","@id":"https:\/\/www.edition-tawhid.com\/staging-site\/produit\/al-masjid\/#breadcrumb","itemListElement":[{"@type":"ListItem","position":1,"name":"Accueil","item":"https:\/\/www.edition-tawhid.com\/staging-site\/"},{"@type":"ListItem","position":2,"name":"Tous nos livres","item":"https:\/\/www.edition-tawhid.com\/staging-site\/tous-nos-livres\/"},{"@type":"ListItem","position":3,"name":"Al Masjid (Jeu)"}]},{"@type":"WebSite","@id":"https:\/\/www.edition-tawhid.com\/staging-site\/#website","url":"https:\/\/www.edition-tawhid.com\/staging-site\/","name":"\u00c9ditions Tawhid","description":"Le sp\u00e9cialiste du livre islamique francophone","publisher":{"@id":"https:\/\/www.edition-tawhid.com\/staging-site\/#organization"},"potentialAction":[{"@type":"SearchAction","target":{"@type":"EntryPoint","urlTemplate":"https:\/\/www.edition-tawhid.com\/staging-site\/?s={search_term_string}"},"query-input":{"@type":"PropertyValueSpecification","valueRequired":true,"valueName":"search_term_string"}}],"inLanguage":"fr-FR"},{"@type":"Organization","@id":"https:\/\/www.edition-tawhid.com\/staging-site\/#organization","name":"Editions Tawhid","url":"https:\/\/www.edition-tawhid.com\/staging-site\/","logo":{"@type":"ImageObject","inLanguage":"fr-FR","@id":"https:\/\/www.edition-tawhid.com\/staging-site\/#\/schema\/logo\/image\/","url":"https:\/\/www.edition-tawhid.com\/staging-site\/wp-content\/uploads\/2018\/12\/logo_noir_v1-01.png","contentUrl":"https:\/\/www.edition-tawhid.com\/staging-site\/wp-content\/uploads\/2018\/12\/logo_noir_v1-01.png","width":80,"height":112,"caption":"Editions Tawhid"},"image":{"@id":"https:\/\/www.edition-tawhid.com\/staging-site\/#\/schema\/logo\/image\/"},"sameAs":["https:\/\/www.facebook.com\/editiontawhid\/"]}]}},"_links":{"self":[{"href":"https:\/\/www.edition-tawhid.com\/staging-site\/wp-json\/wp\/v2\/product\/9249","targetHints":{"allow":["GET"]}}],"collection":[{"href":"https:\/\/www.edition-tawhid.com\/staging-site\/wp-json\/wp\/v2\/product"}],"about":[{"href":"https:\/\/www.edition-tawhid.com\/staging-site\/wp-json\/wp\/v2\/types\/product"}],"replies":[{"embeddable":true,"href":"https:\/\/www.edition-tawhid.com\/staging-site\/wp-json\/wp\/v2\/comments?post=9249"}],"wp:featuredmedia":[{"embeddable":true,"href":"https:\/\/www.edition-tawhid.com\/staging-site\/wp-json\/wp\/v2\/media\/13059"}],"wp:attachment":[{"href":"https:\/\/www.edition-tawhid.com\/staging-site\/wp-json\/wp\/v2\/media?parent=9249"}],"wp:term":[{"taxonomy":"product_brand","embeddable":true,"href":"https:\/\/www.edition-tawhid.com\/staging-site\/wp-json\/wp\/v2\/product_brand?post=9249"},{"taxonomy":"product_cat","embeddable":true,"href":"https:\/\/www.edition-tawhid.com\/staging-site\/wp-json\/wp\/v2\/product_cat?post=9249"},{"taxonomy":"product_tag","embeddable":true,"href":"https:\/\/www.edition-tawhid.com\/staging-site\/wp-json\/wp\/v2\/product_tag?post=9249"}],"curies":[{"name":"wp","href":"https:\/\/api.w.org\/{rel}","templated":true}]}}