{"id":9842,"date":"2020-10-22T13:48:28","date_gmt":"2020-10-22T11:48:28","guid":{"rendered":"https:\/\/www.edition-tawhid.com\/staging-site\/?post_type=product&#038;p=9842"},"modified":"2024-02-09T03:03:42","modified_gmt":"2024-02-09T02:03:42","slug":"pack-convertis","status":"publish","type":"product","link":"https:\/\/www.edition-tawhid.com\/staging-site\/produit\/pack-convertis\/","title":{"rendered":"Pack<br\/> Convertis"},"content":{"rendered":"<p><img loading=\"lazy\" decoding=\"async\" class=\"alignnone size-medium wp-image-12490\" src=\"https:\/\/www.edition-tawhid.com\/staging-site\/wp-content\/uploads\/2006\/03\/brahami_priere_1_NEW-232x300.jpg\" alt=\"\" width=\"232\" height=\"300\" srcset=\"https:\/\/www.edition-tawhid.com\/staging-site\/wp-content\/uploads\/2006\/03\/brahami_priere_1_NEW-232x300.jpg 232w, https:\/\/www.edition-tawhid.com\/staging-site\/wp-content\/uploads\/2006\/03\/brahami_priere_1_NEW-330x427.jpg 330w, https:\/\/www.edition-tawhid.com\/staging-site\/wp-content\/uploads\/2006\/03\/brahami_priere_1_NEW-154x200.jpg 154w, https:\/\/www.edition-tawhid.com\/staging-site\/wp-content\/uploads\/2006\/03\/brahami_priere_1_NEW-680x880.jpg 680w, https:\/\/www.edition-tawhid.com\/staging-site\/wp-content\/uploads\/2006\/03\/brahami_priere_1_NEW-64x83.jpg 64w, https:\/\/www.edition-tawhid.com\/staging-site\/wp-content\/uploads\/2006\/03\/brahami_priere_1_NEW-768x994.jpg 768w, https:\/\/www.edition-tawhid.com\/staging-site\/wp-content\/uploads\/2006\/03\/brahami_priere_1_NEW-70x90.jpg 70w, https:\/\/www.edition-tawhid.com\/staging-site\/wp-content\/uploads\/2006\/03\/brahami_priere_1_NEW-300x388.jpg 300w, https:\/\/www.edition-tawhid.com\/staging-site\/wp-content\/uploads\/2006\/03\/brahami_priere_1_NEW-600x777.jpg 600w, https:\/\/www.edition-tawhid.com\/staging-site\/wp-content\/uploads\/2006\/03\/brahami_priere_1_NEW.jpg 791w\" sizes=\"auto, (max-width: 232px) 100vw, 232px\" \/><\/p>\n<h4>Comment faire la pri\u00e8re (Adolescents &amp; Adultes)<\/h4>\n<p>Ce livre se veut un outil simple pour apprendre comment accomplir la pri\u00e8re. Il s&rsquo;adresse aux adolescents et adultes, femmes ou hommes, qui (re)viennent \u00e0 Dieu et d\u00e9sirent se rapprocher du Tr\u00e8s-Haut.<\/p>\n<p><a href=\"https:\/\/www.edition-tawhid.com\/staging-site\/produit\/comment-faire-la-priere\/\">Voir la fiche produit \u2192<\/a><\/p>\n<hr \/>\n<p><img loading=\"lazy\" decoding=\"async\" class=\"alignnone size-medium wp-image-12720\" src=\"https:\/\/www.edition-tawhid.com\/staging-site\/wp-content\/uploads\/2011\/03\/hamid_islam_1_NEW-232x300.jpg\" alt=\"\" width=\"232\" height=\"300\" srcset=\"https:\/\/www.edition-tawhid.com\/staging-site\/wp-content\/uploads\/2011\/03\/hamid_islam_1_NEW-232x300.jpg 232w, https:\/\/www.edition-tawhid.com\/staging-site\/wp-content\/uploads\/2011\/03\/hamid_islam_1_NEW-330x427.jpg 330w, https:\/\/www.edition-tawhid.com\/staging-site\/wp-content\/uploads\/2011\/03\/hamid_islam_1_NEW-154x200.jpg 154w, https:\/\/www.edition-tawhid.com\/staging-site\/wp-content\/uploads\/2011\/03\/hamid_islam_1_NEW-680x880.jpg 680w, https:\/\/www.edition-tawhid.com\/staging-site\/wp-content\/uploads\/2011\/03\/hamid_islam_1_NEW-64x83.jpg 64w, https:\/\/www.edition-tawhid.com\/staging-site\/wp-content\/uploads\/2011\/03\/hamid_islam_1_NEW-768x994.jpg 768w, https:\/\/www.edition-tawhid.com\/staging-site\/wp-content\/uploads\/2011\/03\/hamid_islam_1_NEW-70x90.jpg 70w, https:\/\/www.edition-tawhid.com\/staging-site\/wp-content\/uploads\/2011\/03\/hamid_islam_1_NEW-300x388.jpg 300w, https:\/\/www.edition-tawhid.com\/staging-site\/wp-content\/uploads\/2011\/03\/hamid_islam_1_NEW-600x777.jpg 600w, https:\/\/www.edition-tawhid.com\/staging-site\/wp-content\/uploads\/2011\/03\/hamid_islam_1_NEW.jpg 791w\" sizes=\"auto, (max-width: 232px) 100vw, 232px\" \/><\/p>\n<h4>Islam, la voie naturelle<\/h4>\n<p>Cet ouvrage s&rsquo;efforce d&rsquo;expliquer ce qu&rsquo;est l&rsquo;Islam et ce qu&rsquo;il signifie pour chacun.<\/p>\n<p><a href=\"https:\/\/www.edition-tawhid.com\/staging-site\/produit\/islam-la-voie-naturelle\/\">Voir la fiche produit \u2192<\/a><\/p>\n<hr \/>\n<p><img loading=\"lazy\" decoding=\"async\" class=\"alignnone size-medium wp-image-12731\" src=\"https:\/\/www.edition-tawhid.com\/staging-site\/wp-content\/uploads\/2009\/08\/ozalp_101questions_1_NEW-232x300.jpg\" alt=\"\" width=\"232\" height=\"300\" srcset=\"https:\/\/www.edition-tawhid.com\/staging-site\/wp-content\/uploads\/2009\/08\/ozalp_101questions_1_NEW-232x300.jpg 232w, https:\/\/www.edition-tawhid.com\/staging-site\/wp-content\/uploads\/2009\/08\/ozalp_101questions_1_NEW-330x427.jpg 330w, https:\/\/www.edition-tawhid.com\/staging-site\/wp-content\/uploads\/2009\/08\/ozalp_101questions_1_NEW-154x200.jpg 154w, https:\/\/www.edition-tawhid.com\/staging-site\/wp-content\/uploads\/2009\/08\/ozalp_101questions_1_NEW-680x880.jpg 680w, https:\/\/www.edition-tawhid.com\/staging-site\/wp-content\/uploads\/2009\/08\/ozalp_101questions_1_NEW-64x83.jpg 64w, https:\/\/www.edition-tawhid.com\/staging-site\/wp-content\/uploads\/2009\/08\/ozalp_101questions_1_NEW-768x994.jpg 768w, https:\/\/www.edition-tawhid.com\/staging-site\/wp-content\/uploads\/2009\/08\/ozalp_101questions_1_NEW-70x90.jpg 70w, https:\/\/www.edition-tawhid.com\/staging-site\/wp-content\/uploads\/2009\/08\/ozalp_101questions_1_NEW-300x388.jpg 300w, https:\/\/www.edition-tawhid.com\/staging-site\/wp-content\/uploads\/2009\/08\/ozalp_101questions_1_NEW-600x777.jpg 600w, https:\/\/www.edition-tawhid.com\/staging-site\/wp-content\/uploads\/2009\/08\/ozalp_101questions_1_NEW.jpg 791w\" sizes=\"auto, (max-width: 232px) 100vw, 232px\" \/><\/p>\n<h4>101 questions sur l&rsquo;islam<\/h4>\n<p>L&rsquo;originalit\u00e9 de cet ouvrage tient au fait que, si les r\u00e9ponses aux questions \u00e9manent bien d&rsquo;un musulman, les questions, elles sont le fait d&rsquo;Occidentaux souhaitant connaitre l&rsquo; islam, et couvrent un large champs d&rsquo;investigation, depuis les aspects les plus m\u00e9diatis\u00e9s de l&rsquo;islam tels que le jih\u00e2d ou le voile, jusqu&rsquo;au questions de pratique et de dogme pas moins int\u00e9ressantes.<\/p>\n<p><a href=\"https:\/\/www.edition-tawhid.com\/staging-site\/produit\/101-questions-sur-l-islam\/\">Voir la fiche produit \u2192<\/a><\/p>\n<hr \/>\n","protected":false},"excerpt":{"rendered":"<p>Comment faire la pri\u00e8re (Adolescents &amp; Adultes) Ce livre se veut un outil simple pour apprendre comment accomplir la pri\u00e8re. Il s&rsquo;adresse aux adolescents et adultes, femmes ou hommes, qui (re)viennent \u00e0 Dieu et d\u00e9sirent se rapprocher du Tr\u00e8s-Haut. Voir la fiche produit \u2192 Islam, la voie naturelle Cet ouvrage s&rsquo;efforce d&rsquo;expliquer ce qu&rsquo;est l&rsquo;Islam et ce qu&rsquo;il signifie pour chacun. Voir la fiche produit \u2192 101 questions sur l&rsquo;islam L&rsquo;originalit\u00e9 de cet ouvrage tient&hellip;<\/p>\n","protected":false},"featured_media":12995,"comment_status":"open","ping_status":"closed","template":"","meta":{"_acf_changed":false},"product_brand":[],"product_cat":[2466],"product_tag":[],"class_list":{"0":"post-9842","1":"product","2":"type-product","3":"status-publish","4":"has-post-thumbnail","6":"product_cat-initiation","8":"first","9":"instock","10":"sale","11":"taxable","12":"shipping-taxable","13":"purchasable","14":"product-type-simple"},"acf":[],"yoast_head":"<!-- This site is optimized with the Yoast SEO plugin v27.1.1 - https:\/\/yoast.com\/product\/yoast-seo-wordpress\/ -->\n<title>Pack Convertis - \u00c9ditions Tawhid<\/title>\n<meta name=\"robots\" content=\"noindex, follow, max-snippet:-1, max-image-preview:large, max-video-preview:-1\" \/>\n<meta property=\"og:locale\" content=\"fr_FR\" \/>\n<meta property=\"og:type\" content=\"article\" \/>\n<meta property=\"og:title\" content=\"Pack Convertis - \u00c9ditions Tawhid\" \/>\n<meta property=\"og:description\" content=\"Comment faire la pri\u00e8re (Adolescents &amp; Adultes) Ce livre se veut un outil simple pour apprendre comment accomplir la pri\u00e8re. Il s&rsquo;adresse aux adolescents et adultes, femmes ou hommes, qui (re)viennent \u00e0 Dieu et d\u00e9sirent se rapprocher du Tr\u00e8s-Haut. Voir la fiche produit \u2192 Islam, la voie naturelle Cet ouvrage s&rsquo;efforce d&rsquo;expliquer ce qu&rsquo;est l&rsquo;Islam et ce qu&rsquo;il signifie pour chacun. Voir la fiche produit \u2192 101 questions sur l&rsquo;islam L&rsquo;originalit\u00e9 de cet ouvrage tient&hellip;\" \/>\n<meta property=\"og:url\" content=\"https:\/\/www.edition-tawhid.com\/staging-site\/produit\/pack-convertis\/\" \/>\n<meta property=\"og:site_name\" content=\"\u00c9ditions Tawhid\" \/>\n<meta property=\"article:publisher\" content=\"https:\/\/www.facebook.com\/editiontawhid\/\" \/>\n<meta property=\"article:modified_time\" content=\"2024-02-09T02:03:42+00:00\" \/>\n<meta property=\"og:image\" content=\"https:\/\/www.edition-tawhid.com\/staging-site\/wp-content\/uploads\/2018\/12\/pack_convertis_v1_NEW.jpg\" \/>\n\t<meta property=\"og:image:width\" content=\"791\" \/>\n\t<meta property=\"og:image:height\" content=\"1024\" \/>\n\t<meta property=\"og:image:type\" content=\"image\/jpeg\" \/>\n<meta name=\"twitter:card\" content=\"summary_large_image\" \/>\n<script type=\"application\/ld+json\" class=\"yoast-schema-graph\">{\"@context\":\"https:\/\/schema.org\",\"@graph\":[{\"@type\":\"WebPage\",\"@id\":\"https:\/\/www.edition-tawhid.com\/staging-site\/produit\/pack-convertis\/\",\"url\":\"https:\/\/www.edition-tawhid.com\/staging-site\/produit\/pack-convertis\/\",\"name\":\"Pack Convertis - \u00c9ditions Tawhid\",\"isPartOf\":{\"@id\":\"https:\/\/www.edition-tawhid.com\/staging-site\/#website\"},\"primaryImageOfPage\":{\"@id\":\"https:\/\/www.edition-tawhid.com\/staging-site\/produit\/pack-convertis\/#primaryimage\"},\"image\":{\"@id\":\"https:\/\/www.edition-tawhid.com\/staging-site\/produit\/pack-convertis\/#primaryimage\"},\"thumbnailUrl\":\"https:\/\/www.edition-tawhid.com\/staging-site\/wp-content\/uploads\/2018\/12\/pack_convertis_v1_NEW.jpg\",\"datePublished\":\"2020-10-22T11:48:28+00:00\",\"dateModified\":\"2024-02-09T02:03:42+00:00\",\"breadcrumb\":{\"@id\":\"https:\/\/www.edition-tawhid.com\/staging-site\/produit\/pack-convertis\/#breadcrumb\"},\"inLanguage\":\"fr-FR\",\"potentialAction\":[{\"@type\":\"ReadAction\",\"target\":[\"https:\/\/www.edition-tawhid.com\/staging-site\/produit\/pack-convertis\/\"]}]},{\"@type\":\"ImageObject\",\"inLanguage\":\"fr-FR\",\"@id\":\"https:\/\/www.edition-tawhid.com\/staging-site\/produit\/pack-convertis\/#primaryimage\",\"url\":\"https:\/\/www.edition-tawhid.com\/staging-site\/wp-content\/uploads\/2018\/12\/pack_convertis_v1_NEW.jpg\",\"contentUrl\":\"https:\/\/www.edition-tawhid.com\/staging-site\/wp-content\/uploads\/2018\/12\/pack_convertis_v1_NEW.jpg\",\"width\":791,\"height\":1024},{\"@type\":\"BreadcrumbList\",\"@id\":\"https:\/\/www.edition-tawhid.com\/staging-site\/produit\/pack-convertis\/#breadcrumb\",\"itemListElement\":[{\"@type\":\"ListItem\",\"position\":1,\"name\":\"Accueil\",\"item\":\"https:\/\/www.edition-tawhid.com\/staging-site\/\"},{\"@type\":\"ListItem\",\"position\":2,\"name\":\"Tous nos livres\",\"item\":\"https:\/\/www.edition-tawhid.com\/staging-site\/tous-nos-livres\/\"},{\"@type\":\"ListItem\",\"position\":3,\"name\":\"Pack Convertis\"}]},{\"@type\":\"WebSite\",\"@id\":\"https:\/\/www.edition-tawhid.com\/staging-site\/#website\",\"url\":\"https:\/\/www.edition-tawhid.com\/staging-site\/\",\"name\":\"\u00c9ditions Tawhid\",\"description\":\"Le sp\u00e9cialiste du livre islamique francophone\",\"publisher\":{\"@id\":\"https:\/\/www.edition-tawhid.com\/staging-site\/#organization\"},\"potentialAction\":[{\"@type\":\"SearchAction\",\"target\":{\"@type\":\"EntryPoint\",\"urlTemplate\":\"https:\/\/www.edition-tawhid.com\/staging-site\/?s={search_term_string}\"},\"query-input\":{\"@type\":\"PropertyValueSpecification\",\"valueRequired\":true,\"valueName\":\"search_term_string\"}}],\"inLanguage\":\"fr-FR\"},{\"@type\":\"Organization\",\"@id\":\"https:\/\/www.edition-tawhid.com\/staging-site\/#organization\",\"name\":\"Editions Tawhid\",\"url\":\"https:\/\/www.edition-tawhid.com\/staging-site\/\",\"logo\":{\"@type\":\"ImageObject\",\"inLanguage\":\"fr-FR\",\"@id\":\"https:\/\/www.edition-tawhid.com\/staging-site\/#\/schema\/logo\/image\/\",\"url\":\"https:\/\/www.edition-tawhid.com\/staging-site\/wp-content\/uploads\/2018\/12\/logo_noir_v1-01.png\",\"contentUrl\":\"https:\/\/www.edition-tawhid.com\/staging-site\/wp-content\/uploads\/2018\/12\/logo_noir_v1-01.png\",\"width\":80,\"height\":112,\"caption\":\"Editions Tawhid\"},\"image\":{\"@id\":\"https:\/\/www.edition-tawhid.com\/staging-site\/#\/schema\/logo\/image\/\"},\"sameAs\":[\"https:\/\/www.facebook.com\/editiontawhid\/\"]}]}<\/script>\n<!-- \/ Yoast SEO plugin. -->","yoast_head_json":{"title":"Pack Convertis - \u00c9ditions Tawhid","robots":{"index":"noindex","follow":"follow","max-snippet":"max-snippet:-1","max-image-preview":"max-image-preview:large","max-video-preview":"max-video-preview:-1"},"og_locale":"fr_FR","og_type":"article","og_title":"Pack Convertis - \u00c9ditions Tawhid","og_description":"Comment faire la pri\u00e8re (Adolescents &amp; Adultes) Ce livre se veut un outil simple pour apprendre comment accomplir la pri\u00e8re. Il s&rsquo;adresse aux adolescents et adultes, femmes ou hommes, qui (re)viennent \u00e0 Dieu et d\u00e9sirent se rapprocher du Tr\u00e8s-Haut. Voir la fiche produit \u2192 Islam, la voie naturelle Cet ouvrage s&rsquo;efforce d&rsquo;expliquer ce qu&rsquo;est l&rsquo;Islam et ce qu&rsquo;il signifie pour chacun. Voir la fiche produit \u2192 101 questions sur l&rsquo;islam L&rsquo;originalit\u00e9 de cet ouvrage tient&hellip;","og_url":"https:\/\/www.edition-tawhid.com\/staging-site\/produit\/pack-convertis\/","og_site_name":"\u00c9ditions Tawhid","article_publisher":"https:\/\/www.facebook.com\/editiontawhid\/","article_modified_time":"2024-02-09T02:03:42+00:00","og_image":[{"width":791,"height":1024,"url":"https:\/\/www.edition-tawhid.com\/staging-site\/wp-content\/uploads\/2018\/12\/pack_convertis_v1_NEW.jpg","type":"image\/jpeg"}],"twitter_card":"summary_large_image","schema":{"@context":"https:\/\/schema.org","@graph":[{"@type":"WebPage","@id":"https:\/\/www.edition-tawhid.com\/staging-site\/produit\/pack-convertis\/","url":"https:\/\/www.edition-tawhid.com\/staging-site\/produit\/pack-convertis\/","name":"Pack Convertis - \u00c9ditions Tawhid","isPartOf":{"@id":"https:\/\/www.edition-tawhid.com\/staging-site\/#website"},"primaryImageOfPage":{"@id":"https:\/\/www.edition-tawhid.com\/staging-site\/produit\/pack-convertis\/#primaryimage"},"image":{"@id":"https:\/\/www.edition-tawhid.com\/staging-site\/produit\/pack-convertis\/#primaryimage"},"thumbnailUrl":"https:\/\/www.edition-tawhid.com\/staging-site\/wp-content\/uploads\/2018\/12\/pack_convertis_v1_NEW.jpg","datePublished":"2020-10-22T11:48:28+00:00","dateModified":"2024-02-09T02:03:42+00:00","breadcrumb":{"@id":"https:\/\/www.edition-tawhid.com\/staging-site\/produit\/pack-convertis\/#breadcrumb"},"inLanguage":"fr-FR","potentialAction":[{"@type":"ReadAction","target":["https:\/\/www.edition-tawhid.com\/staging-site\/produit\/pack-convertis\/"]}]},{"@type":"ImageObject","inLanguage":"fr-FR","@id":"https:\/\/www.edition-tawhid.com\/staging-site\/produit\/pack-convertis\/#primaryimage","url":"https:\/\/www.edition-tawhid.com\/staging-site\/wp-content\/uploads\/2018\/12\/pack_convertis_v1_NEW.jpg","contentUrl":"https:\/\/www.edition-tawhid.com\/staging-site\/wp-content\/uploads\/2018\/12\/pack_convertis_v1_NEW.jpg","width":791,"height":1024},{"@type":"BreadcrumbList","@id":"https:\/\/www.edition-tawhid.com\/staging-site\/produit\/pack-convertis\/#breadcrumb","itemListElement":[{"@type":"ListItem","position":1,"name":"Accueil","item":"https:\/\/www.edition-tawhid.com\/staging-site\/"},{"@type":"ListItem","position":2,"name":"Tous nos livres","item":"https:\/\/www.edition-tawhid.com\/staging-site\/tous-nos-livres\/"},{"@type":"ListItem","position":3,"name":"Pack Convertis"}]},{"@type":"WebSite","@id":"https:\/\/www.edition-tawhid.com\/staging-site\/#website","url":"https:\/\/www.edition-tawhid.com\/staging-site\/","name":"\u00c9ditions Tawhid","description":"Le sp\u00e9cialiste du livre islamique francophone","publisher":{"@id":"https:\/\/www.edition-tawhid.com\/staging-site\/#organization"},"potentialAction":[{"@type":"SearchAction","target":{"@type":"EntryPoint","urlTemplate":"https:\/\/www.edition-tawhid.com\/staging-site\/?s={search_term_string}"},"query-input":{"@type":"PropertyValueSpecification","valueRequired":true,"valueName":"search_term_string"}}],"inLanguage":"fr-FR"},{"@type":"Organization","@id":"https:\/\/www.edition-tawhid.com\/staging-site\/#organization","name":"Editions Tawhid","url":"https:\/\/www.edition-tawhid.com\/staging-site\/","logo":{"@type":"ImageObject","inLanguage":"fr-FR","@id":"https:\/\/www.edition-tawhid.com\/staging-site\/#\/schema\/logo\/image\/","url":"https:\/\/www.edition-tawhid.com\/staging-site\/wp-content\/uploads\/2018\/12\/logo_noir_v1-01.png","contentUrl":"https:\/\/www.edition-tawhid.com\/staging-site\/wp-content\/uploads\/2018\/12\/logo_noir_v1-01.png","width":80,"height":112,"caption":"Editions Tawhid"},"image":{"@id":"https:\/\/www.edition-tawhid.com\/staging-site\/#\/schema\/logo\/image\/"},"sameAs":["https:\/\/www.facebook.com\/editiontawhid\/"]}]}},"_links":{"self":[{"href":"https:\/\/www.edition-tawhid.com\/staging-site\/wp-json\/wp\/v2\/product\/9842","targetHints":{"allow":["GET"]}}],"collection":[{"href":"https:\/\/www.edition-tawhid.com\/staging-site\/wp-json\/wp\/v2\/product"}],"about":[{"href":"https:\/\/www.edition-tawhid.com\/staging-site\/wp-json\/wp\/v2\/types\/product"}],"replies":[{"embeddable":true,"href":"https:\/\/www.edition-tawhid.com\/staging-site\/wp-json\/wp\/v2\/comments?post=9842"}],"wp:featuredmedia":[{"embeddable":true,"href":"https:\/\/www.edition-tawhid.com\/staging-site\/wp-json\/wp\/v2\/media\/12995"}],"wp:attachment":[{"href":"https:\/\/www.edition-tawhid.com\/staging-site\/wp-json\/wp\/v2\/media?parent=9842"}],"wp:term":[{"taxonomy":"product_brand","embeddable":true,"href":"https:\/\/www.edition-tawhid.com\/staging-site\/wp-json\/wp\/v2\/product_brand?post=9842"},{"taxonomy":"product_cat","embeddable":true,"href":"https:\/\/www.edition-tawhid.com\/staging-site\/wp-json\/wp\/v2\/product_cat?post=9842"},{"taxonomy":"product_tag","embeddable":true,"href":"https:\/\/www.edition-tawhid.com\/staging-site\/wp-json\/wp\/v2\/product_tag?post=9842"}],"curies":[{"name":"wp","href":"https:\/\/api.w.org\/{rel}","templated":true}]}}