{"id":9846,"date":"2020-10-22T15:25:27","date_gmt":"2020-10-22T13:25:27","guid":{"rendered":"https:\/\/www.edition-tawhid.com\/staging-site\/?post_type=product&#038;p=9846"},"modified":"2024-02-08T20:19:24","modified_gmt":"2024-02-08T19:19:24","slug":"pack-japprends-larabe","status":"publish","type":"product","link":"https:\/\/www.edition-tawhid.com\/staging-site\/produit\/pack-japprends-larabe\/","title":{"rendered":"Pack<br\/> J&rsquo;apprends l&rsquo;arabe"},"content":{"rendered":"<p><img loading=\"lazy\" decoding=\"async\" class=\"alignnone size-medium wp-image-12856\" src=\"https:\/\/www.edition-tawhid.com\/staging-site\/wp-content\/uploads\/2014\/04\/titou_1_NEW-232x300.jpg\" alt=\"\" width=\"232\" height=\"300\" srcset=\"https:\/\/www.edition-tawhid.com\/staging-site\/wp-content\/uploads\/2014\/04\/titou_1_NEW-232x300.jpg 232w, https:\/\/www.edition-tawhid.com\/staging-site\/wp-content\/uploads\/2014\/04\/titou_1_NEW-330x427.jpg 330w, https:\/\/www.edition-tawhid.com\/staging-site\/wp-content\/uploads\/2014\/04\/titou_1_NEW-154x200.jpg 154w, https:\/\/www.edition-tawhid.com\/staging-site\/wp-content\/uploads\/2014\/04\/titou_1_NEW-680x880.jpg 680w, https:\/\/www.edition-tawhid.com\/staging-site\/wp-content\/uploads\/2014\/04\/titou_1_NEW-64x83.jpg 64w, https:\/\/www.edition-tawhid.com\/staging-site\/wp-content\/uploads\/2014\/04\/titou_1_NEW-768x994.jpg 768w, https:\/\/www.edition-tawhid.com\/staging-site\/wp-content\/uploads\/2014\/04\/titou_1_NEW-70x90.jpg 70w, https:\/\/www.edition-tawhid.com\/staging-site\/wp-content\/uploads\/2014\/04\/titou_1_NEW-300x388.jpg 300w, https:\/\/www.edition-tawhid.com\/staging-site\/wp-content\/uploads\/2014\/04\/titou_1_NEW-600x777.jpg 600w, https:\/\/www.edition-tawhid.com\/staging-site\/wp-content\/uploads\/2014\/04\/titou_1_NEW.jpg 791w\" sizes=\"auto, (max-width: 232px) 100vw, 232px\" \/><\/p>\n<h4>Titou apprend les lettres arabes<\/h4>\n<p>\u00c0 travers les aventures de Titou, viens apprendre les lettres arabes ainsi que des mots simples et amusants !<\/p>\n<p><a href=\"https:\/\/www.edition-tawhid.com\/staging-site\/produit\/titou-apprend-les-lettres-arabes\/\">Voir la fiche produit \u2192<\/a><\/p>\n<hr \/>\n<p><img loading=\"lazy\" decoding=\"async\" class=\"alignnone size-medium wp-image-12853\" src=\"https:\/\/www.edition-tawhid.com\/staging-site\/wp-content\/uploads\/2014\/04\/apprends_chante_1_NEW-232x300.jpg\" alt=\"\" width=\"232\" height=\"300\" srcset=\"https:\/\/www.edition-tawhid.com\/staging-site\/wp-content\/uploads\/2014\/04\/apprends_chante_1_NEW-232x300.jpg 232w, https:\/\/www.edition-tawhid.com\/staging-site\/wp-content\/uploads\/2014\/04\/apprends_chante_1_NEW-330x427.jpg 330w, https:\/\/www.edition-tawhid.com\/staging-site\/wp-content\/uploads\/2014\/04\/apprends_chante_1_NEW-154x200.jpg 154w, https:\/\/www.edition-tawhid.com\/staging-site\/wp-content\/uploads\/2014\/04\/apprends_chante_1_NEW-680x880.jpg 680w, https:\/\/www.edition-tawhid.com\/staging-site\/wp-content\/uploads\/2014\/04\/apprends_chante_1_NEW-64x83.jpg 64w, https:\/\/www.edition-tawhid.com\/staging-site\/wp-content\/uploads\/2014\/04\/apprends_chante_1_NEW-768x994.jpg 768w, https:\/\/www.edition-tawhid.com\/staging-site\/wp-content\/uploads\/2014\/04\/apprends_chante_1_NEW-70x90.jpg 70w, https:\/\/www.edition-tawhid.com\/staging-site\/wp-content\/uploads\/2014\/04\/apprends_chante_1_NEW-300x388.jpg 300w, https:\/\/www.edition-tawhid.com\/staging-site\/wp-content\/uploads\/2014\/04\/apprends_chante_1_NEW-600x777.jpg 600w, https:\/\/www.edition-tawhid.com\/staging-site\/wp-content\/uploads\/2014\/04\/apprends_chante_1_NEW.jpg 791w\" sizes=\"auto, (max-width: 232px) 100vw, 232px\" \/><\/p>\n<h4>Apprends et chante l&rsquo;alphabet arabe (+ CD)<\/h4>\n<p>Avec <em>Apprends et chante l\u2019alphabet arabe<\/em>, tu apprendras des petites comptines entra\u00eenantes, qui t\u2019aideront \u00e0 retenir l\u2019alphabet arabe ! Viens t\u2019amuser avec tous nos amis !<\/p>\n<p><a href=\"https:\/\/www.edition-tawhid.com\/staging-site\/produit\/apprends-et-chante-l-alphabet-arabe-cd\/\">Voir la fiche produit \u2192<\/a><\/p>\n<hr \/>\n<p><img loading=\"lazy\" decoding=\"async\" class=\"alignnone size-medium wp-image-12858\" src=\"https:\/\/www.edition-tawhid.com\/staging-site\/wp-content\/uploads\/2014\/04\/jecris_mes_premieres_1_NEW-232x300.jpg\" alt=\"\" width=\"232\" height=\"300\" srcset=\"https:\/\/www.edition-tawhid.com\/staging-site\/wp-content\/uploads\/2014\/04\/jecris_mes_premieres_1_NEW-232x300.jpg 232w, https:\/\/www.edition-tawhid.com\/staging-site\/wp-content\/uploads\/2014\/04\/jecris_mes_premieres_1_NEW-330x427.jpg 330w, https:\/\/www.edition-tawhid.com\/staging-site\/wp-content\/uploads\/2014\/04\/jecris_mes_premieres_1_NEW-154x200.jpg 154w, https:\/\/www.edition-tawhid.com\/staging-site\/wp-content\/uploads\/2014\/04\/jecris_mes_premieres_1_NEW-680x880.jpg 680w, https:\/\/www.edition-tawhid.com\/staging-site\/wp-content\/uploads\/2014\/04\/jecris_mes_premieres_1_NEW-64x83.jpg 64w, https:\/\/www.edition-tawhid.com\/staging-site\/wp-content\/uploads\/2014\/04\/jecris_mes_premieres_1_NEW-768x994.jpg 768w, https:\/\/www.edition-tawhid.com\/staging-site\/wp-content\/uploads\/2014\/04\/jecris_mes_premieres_1_NEW-70x90.jpg 70w, https:\/\/www.edition-tawhid.com\/staging-site\/wp-content\/uploads\/2014\/04\/jecris_mes_premieres_1_NEW-300x388.jpg 300w, https:\/\/www.edition-tawhid.com\/staging-site\/wp-content\/uploads\/2014\/04\/jecris_mes_premieres_1_NEW-600x777.jpg 600w, https:\/\/www.edition-tawhid.com\/staging-site\/wp-content\/uploads\/2014\/04\/jecris_mes_premieres_1_NEW.jpg 791w\" sizes=\"auto, (max-width: 232px) 100vw, 232px\" \/><\/p>\n<h4>J\u2019\u00e9cris mes premi\u00e8res lettres arabes<\/h4>\n<p>Apprends et \u00e9cris les lettres arabes, avec tes amis les animaux ! Gr\u00e2ce au support effa\u00e7able et au feutre, tu peux t\u2019entra\u00eener autant que tu le veux !<\/p>\n<p><a href=\"https:\/\/www.edition-tawhid.com\/staging-site\/produit\/jecris-mes-premieres-lettres-arabes\/\">Voir la fiche produit \u2192<\/a><\/p>\n<hr \/>\n<p><img loading=\"lazy\" decoding=\"async\" class=\"alignnone size-medium wp-image-12708\" src=\"https:\/\/www.edition-tawhid.com\/staging-site\/wp-content\/uploads\/2014\/04\/cahier_ecriture_1_NEW-232x300.jpg\" alt=\"\" width=\"232\" height=\"300\" srcset=\"https:\/\/www.edition-tawhid.com\/staging-site\/wp-content\/uploads\/2014\/04\/cahier_ecriture_1_NEW-232x300.jpg 232w, https:\/\/www.edition-tawhid.com\/staging-site\/wp-content\/uploads\/2014\/04\/cahier_ecriture_1_NEW-330x427.jpg 330w, https:\/\/www.edition-tawhid.com\/staging-site\/wp-content\/uploads\/2014\/04\/cahier_ecriture_1_NEW-154x200.jpg 154w, https:\/\/www.edition-tawhid.com\/staging-site\/wp-content\/uploads\/2014\/04\/cahier_ecriture_1_NEW-680x880.jpg 680w, https:\/\/www.edition-tawhid.com\/staging-site\/wp-content\/uploads\/2014\/04\/cahier_ecriture_1_NEW-64x83.jpg 64w, https:\/\/www.edition-tawhid.com\/staging-site\/wp-content\/uploads\/2014\/04\/cahier_ecriture_1_NEW-768x994.jpg 768w, https:\/\/www.edition-tawhid.com\/staging-site\/wp-content\/uploads\/2014\/04\/cahier_ecriture_1_NEW-70x90.jpg 70w, https:\/\/www.edition-tawhid.com\/staging-site\/wp-content\/uploads\/2014\/04\/cahier_ecriture_1_NEW-300x388.jpg 300w, https:\/\/www.edition-tawhid.com\/staging-site\/wp-content\/uploads\/2014\/04\/cahier_ecriture_1_NEW-600x777.jpg 600w, https:\/\/www.edition-tawhid.com\/staging-site\/wp-content\/uploads\/2014\/04\/cahier_ecriture_1_NEW.jpg 791w\" sizes=\"auto, (max-width: 232px) 100vw, 232px\" \/><\/p>\n<h4>Mon cahier d&rsquo;\u00e9criture arabe<\/h4>\n<p>Le Cahier d\u2019\u00e9criture est un outil p\u00e9dagogique pour apprendre les bases de l\u2019\u00e9criture arabe : les lettres dans toutes leurs graphies (initiale, m\u00e9diane, finale), puis les mots et enfin les exercices.<\/p>\n<p><a href=\"https:\/\/www.edition-tawhid.com\/staging-site\/produit\/mon-cahier-d-ecriture-arabe\/\">Voir la fiche produit \u2192<\/a><\/p>\n<hr \/>\n","protected":false},"excerpt":{"rendered":"<p>Titou apprend les lettres arabes \u00c0 travers les aventures de Titou, viens apprendre les lettres arabes ainsi que des mots simples et amusants ! Voir la fiche produit \u2192 Apprends et chante l&rsquo;alphabet arabe (+ CD) Avec Apprends et chante l\u2019alphabet arabe, tu apprendras des petites comptines entra\u00eenantes, qui t\u2019aideront \u00e0 retenir l\u2019alphabet arabe ! Viens t\u2019amuser avec tous nos amis ! Voir la fiche produit \u2192 J\u2019\u00e9cris mes premi\u00e8res lettres arabes Apprends et \u00e9cris&hellip;<\/p>\n","protected":false},"featured_media":12992,"comment_status":"open","ping_status":"closed","template":"","meta":{"_acf_changed":false},"product_brand":[],"product_cat":[2465],"product_tag":[],"class_list":{"0":"post-9846","1":"product","2":"type-product","3":"status-publish","4":"has-post-thumbnail","6":"product_cat-jeunesse","8":"first","9":"instock","10":"sale","11":"taxable","12":"shipping-taxable","13":"purchasable","14":"product-type-simple"},"acf":[],"yoast_head":"<!-- This site is optimized with the Yoast SEO plugin v27.1.1 - https:\/\/yoast.com\/product\/yoast-seo-wordpress\/ -->\n<title>Pack J&#039;apprends l&#039;arabe - \u00c9ditions Tawhid<\/title>\n<meta name=\"robots\" content=\"noindex, follow, max-snippet:-1, max-image-preview:large, max-video-preview:-1\" \/>\n<meta property=\"og:locale\" content=\"fr_FR\" \/>\n<meta property=\"og:type\" content=\"article\" \/>\n<meta property=\"og:title\" content=\"Pack J&#039;apprends l&#039;arabe - \u00c9ditions Tawhid\" \/>\n<meta property=\"og:description\" content=\"Titou apprend les lettres arabes \u00c0 travers les aventures de Titou, viens apprendre les lettres arabes ainsi que des mots simples et amusants ! Voir la fiche produit \u2192 Apprends et chante l&rsquo;alphabet arabe (+ CD) Avec Apprends et chante l\u2019alphabet arabe, tu apprendras des petites comptines entra\u00eenantes, qui t\u2019aideront \u00e0 retenir l\u2019alphabet arabe ! Viens t\u2019amuser avec tous nos amis ! Voir la fiche produit \u2192 J\u2019\u00e9cris mes premi\u00e8res lettres arabes Apprends et \u00e9cris&hellip;\" \/>\n<meta property=\"og:url\" content=\"https:\/\/www.edition-tawhid.com\/staging-site\/produit\/pack-japprends-larabe\/\" \/>\n<meta property=\"og:site_name\" content=\"\u00c9ditions Tawhid\" \/>\n<meta property=\"article:publisher\" content=\"https:\/\/www.facebook.com\/editiontawhid\/\" \/>\n<meta property=\"article:modified_time\" content=\"2024-02-08T19:19:24+00:00\" \/>\n<meta property=\"og:image\" content=\"https:\/\/www.edition-tawhid.com\/staging-site\/wp-content\/uploads\/2018\/12\/pack_arabe_v1_NEW.jpg\" \/>\n\t<meta property=\"og:image:width\" content=\"791\" \/>\n\t<meta property=\"og:image:height\" content=\"1024\" \/>\n\t<meta property=\"og:image:type\" content=\"image\/jpeg\" \/>\n<meta name=\"twitter:card\" content=\"summary_large_image\" \/>\n<script type=\"application\/ld+json\" class=\"yoast-schema-graph\">{\"@context\":\"https:\/\/schema.org\",\"@graph\":[{\"@type\":\"WebPage\",\"@id\":\"https:\/\/www.edition-tawhid.com\/staging-site\/produit\/pack-japprends-larabe\/\",\"url\":\"https:\/\/www.edition-tawhid.com\/staging-site\/produit\/pack-japprends-larabe\/\",\"name\":\"Pack J'apprends l'arabe - \u00c9ditions Tawhid\",\"isPartOf\":{\"@id\":\"https:\/\/www.edition-tawhid.com\/staging-site\/#website\"},\"primaryImageOfPage\":{\"@id\":\"https:\/\/www.edition-tawhid.com\/staging-site\/produit\/pack-japprends-larabe\/#primaryimage\"},\"image\":{\"@id\":\"https:\/\/www.edition-tawhid.com\/staging-site\/produit\/pack-japprends-larabe\/#primaryimage\"},\"thumbnailUrl\":\"https:\/\/www.edition-tawhid.com\/staging-site\/wp-content\/uploads\/2018\/12\/pack_arabe_v1_NEW.jpg\",\"datePublished\":\"2020-10-22T13:25:27+00:00\",\"dateModified\":\"2024-02-08T19:19:24+00:00\",\"breadcrumb\":{\"@id\":\"https:\/\/www.edition-tawhid.com\/staging-site\/produit\/pack-japprends-larabe\/#breadcrumb\"},\"inLanguage\":\"fr-FR\",\"potentialAction\":[{\"@type\":\"ReadAction\",\"target\":[\"https:\/\/www.edition-tawhid.com\/staging-site\/produit\/pack-japprends-larabe\/\"]}]},{\"@type\":\"ImageObject\",\"inLanguage\":\"fr-FR\",\"@id\":\"https:\/\/www.edition-tawhid.com\/staging-site\/produit\/pack-japprends-larabe\/#primaryimage\",\"url\":\"https:\/\/www.edition-tawhid.com\/staging-site\/wp-content\/uploads\/2018\/12\/pack_arabe_v1_NEW.jpg\",\"contentUrl\":\"https:\/\/www.edition-tawhid.com\/staging-site\/wp-content\/uploads\/2018\/12\/pack_arabe_v1_NEW.jpg\",\"width\":791,\"height\":1024},{\"@type\":\"BreadcrumbList\",\"@id\":\"https:\/\/www.edition-tawhid.com\/staging-site\/produit\/pack-japprends-larabe\/#breadcrumb\",\"itemListElement\":[{\"@type\":\"ListItem\",\"position\":1,\"name\":\"Accueil\",\"item\":\"https:\/\/www.edition-tawhid.com\/staging-site\/\"},{\"@type\":\"ListItem\",\"position\":2,\"name\":\"Tous nos livres\",\"item\":\"https:\/\/www.edition-tawhid.com\/staging-site\/tous-nos-livres\/\"},{\"@type\":\"ListItem\",\"position\":3,\"name\":\"Pack J&#8217;apprends l&#8217;arabe\"}]},{\"@type\":\"WebSite\",\"@id\":\"https:\/\/www.edition-tawhid.com\/staging-site\/#website\",\"url\":\"https:\/\/www.edition-tawhid.com\/staging-site\/\",\"name\":\"\u00c9ditions Tawhid\",\"description\":\"Le sp\u00e9cialiste du livre islamique francophone\",\"publisher\":{\"@id\":\"https:\/\/www.edition-tawhid.com\/staging-site\/#organization\"},\"potentialAction\":[{\"@type\":\"SearchAction\",\"target\":{\"@type\":\"EntryPoint\",\"urlTemplate\":\"https:\/\/www.edition-tawhid.com\/staging-site\/?s={search_term_string}\"},\"query-input\":{\"@type\":\"PropertyValueSpecification\",\"valueRequired\":true,\"valueName\":\"search_term_string\"}}],\"inLanguage\":\"fr-FR\"},{\"@type\":\"Organization\",\"@id\":\"https:\/\/www.edition-tawhid.com\/staging-site\/#organization\",\"name\":\"Editions Tawhid\",\"url\":\"https:\/\/www.edition-tawhid.com\/staging-site\/\",\"logo\":{\"@type\":\"ImageObject\",\"inLanguage\":\"fr-FR\",\"@id\":\"https:\/\/www.edition-tawhid.com\/staging-site\/#\/schema\/logo\/image\/\",\"url\":\"https:\/\/www.edition-tawhid.com\/staging-site\/wp-content\/uploads\/2018\/12\/logo_noir_v1-01.png\",\"contentUrl\":\"https:\/\/www.edition-tawhid.com\/staging-site\/wp-content\/uploads\/2018\/12\/logo_noir_v1-01.png\",\"width\":80,\"height\":112,\"caption\":\"Editions Tawhid\"},\"image\":{\"@id\":\"https:\/\/www.edition-tawhid.com\/staging-site\/#\/schema\/logo\/image\/\"},\"sameAs\":[\"https:\/\/www.facebook.com\/editiontawhid\/\"]}]}<\/script>\n<!-- \/ Yoast SEO plugin. -->","yoast_head_json":{"title":"Pack J'apprends l'arabe - \u00c9ditions Tawhid","robots":{"index":"noindex","follow":"follow","max-snippet":"max-snippet:-1","max-image-preview":"max-image-preview:large","max-video-preview":"max-video-preview:-1"},"og_locale":"fr_FR","og_type":"article","og_title":"Pack J'apprends l'arabe - \u00c9ditions Tawhid","og_description":"Titou apprend les lettres arabes \u00c0 travers les aventures de Titou, viens apprendre les lettres arabes ainsi que des mots simples et amusants ! Voir la fiche produit \u2192 Apprends et chante l&rsquo;alphabet arabe (+ CD) Avec Apprends et chante l\u2019alphabet arabe, tu apprendras des petites comptines entra\u00eenantes, qui t\u2019aideront \u00e0 retenir l\u2019alphabet arabe ! Viens t\u2019amuser avec tous nos amis ! Voir la fiche produit \u2192 J\u2019\u00e9cris mes premi\u00e8res lettres arabes Apprends et \u00e9cris&hellip;","og_url":"https:\/\/www.edition-tawhid.com\/staging-site\/produit\/pack-japprends-larabe\/","og_site_name":"\u00c9ditions Tawhid","article_publisher":"https:\/\/www.facebook.com\/editiontawhid\/","article_modified_time":"2024-02-08T19:19:24+00:00","og_image":[{"width":791,"height":1024,"url":"https:\/\/www.edition-tawhid.com\/staging-site\/wp-content\/uploads\/2018\/12\/pack_arabe_v1_NEW.jpg","type":"image\/jpeg"}],"twitter_card":"summary_large_image","schema":{"@context":"https:\/\/schema.org","@graph":[{"@type":"WebPage","@id":"https:\/\/www.edition-tawhid.com\/staging-site\/produit\/pack-japprends-larabe\/","url":"https:\/\/www.edition-tawhid.com\/staging-site\/produit\/pack-japprends-larabe\/","name":"Pack J'apprends l'arabe - \u00c9ditions Tawhid","isPartOf":{"@id":"https:\/\/www.edition-tawhid.com\/staging-site\/#website"},"primaryImageOfPage":{"@id":"https:\/\/www.edition-tawhid.com\/staging-site\/produit\/pack-japprends-larabe\/#primaryimage"},"image":{"@id":"https:\/\/www.edition-tawhid.com\/staging-site\/produit\/pack-japprends-larabe\/#primaryimage"},"thumbnailUrl":"https:\/\/www.edition-tawhid.com\/staging-site\/wp-content\/uploads\/2018\/12\/pack_arabe_v1_NEW.jpg","datePublished":"2020-10-22T13:25:27+00:00","dateModified":"2024-02-08T19:19:24+00:00","breadcrumb":{"@id":"https:\/\/www.edition-tawhid.com\/staging-site\/produit\/pack-japprends-larabe\/#breadcrumb"},"inLanguage":"fr-FR","potentialAction":[{"@type":"ReadAction","target":["https:\/\/www.edition-tawhid.com\/staging-site\/produit\/pack-japprends-larabe\/"]}]},{"@type":"ImageObject","inLanguage":"fr-FR","@id":"https:\/\/www.edition-tawhid.com\/staging-site\/produit\/pack-japprends-larabe\/#primaryimage","url":"https:\/\/www.edition-tawhid.com\/staging-site\/wp-content\/uploads\/2018\/12\/pack_arabe_v1_NEW.jpg","contentUrl":"https:\/\/www.edition-tawhid.com\/staging-site\/wp-content\/uploads\/2018\/12\/pack_arabe_v1_NEW.jpg","width":791,"height":1024},{"@type":"BreadcrumbList","@id":"https:\/\/www.edition-tawhid.com\/staging-site\/produit\/pack-japprends-larabe\/#breadcrumb","itemListElement":[{"@type":"ListItem","position":1,"name":"Accueil","item":"https:\/\/www.edition-tawhid.com\/staging-site\/"},{"@type":"ListItem","position":2,"name":"Tous nos livres","item":"https:\/\/www.edition-tawhid.com\/staging-site\/tous-nos-livres\/"},{"@type":"ListItem","position":3,"name":"Pack J&#8217;apprends l&#8217;arabe"}]},{"@type":"WebSite","@id":"https:\/\/www.edition-tawhid.com\/staging-site\/#website","url":"https:\/\/www.edition-tawhid.com\/staging-site\/","name":"\u00c9ditions Tawhid","description":"Le sp\u00e9cialiste du livre islamique francophone","publisher":{"@id":"https:\/\/www.edition-tawhid.com\/staging-site\/#organization"},"potentialAction":[{"@type":"SearchAction","target":{"@type":"EntryPoint","urlTemplate":"https:\/\/www.edition-tawhid.com\/staging-site\/?s={search_term_string}"},"query-input":{"@type":"PropertyValueSpecification","valueRequired":true,"valueName":"search_term_string"}}],"inLanguage":"fr-FR"},{"@type":"Organization","@id":"https:\/\/www.edition-tawhid.com\/staging-site\/#organization","name":"Editions Tawhid","url":"https:\/\/www.edition-tawhid.com\/staging-site\/","logo":{"@type":"ImageObject","inLanguage":"fr-FR","@id":"https:\/\/www.edition-tawhid.com\/staging-site\/#\/schema\/logo\/image\/","url":"https:\/\/www.edition-tawhid.com\/staging-site\/wp-content\/uploads\/2018\/12\/logo_noir_v1-01.png","contentUrl":"https:\/\/www.edition-tawhid.com\/staging-site\/wp-content\/uploads\/2018\/12\/logo_noir_v1-01.png","width":80,"height":112,"caption":"Editions Tawhid"},"image":{"@id":"https:\/\/www.edition-tawhid.com\/staging-site\/#\/schema\/logo\/image\/"},"sameAs":["https:\/\/www.facebook.com\/editiontawhid\/"]}]}},"_links":{"self":[{"href":"https:\/\/www.edition-tawhid.com\/staging-site\/wp-json\/wp\/v2\/product\/9846","targetHints":{"allow":["GET"]}}],"collection":[{"href":"https:\/\/www.edition-tawhid.com\/staging-site\/wp-json\/wp\/v2\/product"}],"about":[{"href":"https:\/\/www.edition-tawhid.com\/staging-site\/wp-json\/wp\/v2\/types\/product"}],"replies":[{"embeddable":true,"href":"https:\/\/www.edition-tawhid.com\/staging-site\/wp-json\/wp\/v2\/comments?post=9846"}],"wp:featuredmedia":[{"embeddable":true,"href":"https:\/\/www.edition-tawhid.com\/staging-site\/wp-json\/wp\/v2\/media\/12992"}],"wp:attachment":[{"href":"https:\/\/www.edition-tawhid.com\/staging-site\/wp-json\/wp\/v2\/media?parent=9846"}],"wp:term":[{"taxonomy":"product_brand","embeddable":true,"href":"https:\/\/www.edition-tawhid.com\/staging-site\/wp-json\/wp\/v2\/product_brand?post=9846"},{"taxonomy":"product_cat","embeddable":true,"href":"https:\/\/www.edition-tawhid.com\/staging-site\/wp-json\/wp\/v2\/product_cat?post=9846"},{"taxonomy":"product_tag","embeddable":true,"href":"https:\/\/www.edition-tawhid.com\/staging-site\/wp-json\/wp\/v2\/product_tag?post=9846"}],"curies":[{"name":"wp","href":"https:\/\/api.w.org\/{rel}","templated":true}]}}